{"id":281,"date":"2014-05-21T14:07:02","date_gmt":"2014-05-21T17:07:02","guid":{"rendered":"https:\/\/wp.ufpel.edu.br\/veterinaria\/?page_id=281"},"modified":"2025-07-30T13:33:43","modified_gmt":"2025-07-30T16:33:43","slug":"guia-telefonico-fv","status":"publish","type":"page","link":"https:\/\/wp.ufpel.edu.br\/veterinaria\/guia-telefonico-fv\/","title":{"rendered":"Guia Telef\u00f4nico FV"},"content":{"rendered":"<p><strong>TELEFONES DA FACULDADE DE VETERIN\u00c1RIA<\/strong><\/p>\n<p>&nbsp;<\/p>\n<p><strong>PR\u00c9DIO 1 &#8211; ANTIGA REITORIA<\/strong><\/p>\n<ul>\n<li>Gabinete do Diretor \u2013 32757293<\/li>\n<li>Secretaria da Dire\u00e7\u00e3o \u2013 32757644 ou ramal 7644<\/li>\n<li>Colegiado da gradua\u00e7\u00e3o \u00a0\u2013 32757561 \/ 32757314 ou ramais 7561 \/ 7314<\/li>\n<li>Programa de P\u00f3s-Gradua\u00e7\u00e3o \u2013 32757203 \/ 32757204 ou ramais 7203 \/ 7204<\/li>\n<li>Departamentos de Patologia Animal e Veterin\u00e1ria Preventiva &#8211; secretaria \u2013 32757644 ou ramal 7644<\/li>\n<li>Laborat\u00f3rio de Doen\u00e7as Parasit\u00e1rias \u2013 LADOPAR \u2013 32757209 \/ 32757135 \/ 32757313 ou ramais 7209 \/ 7135 \/ 7313<\/li>\n<li>Micologia &#8211; MICVET \u2013 32757140 ou ramal 7140<\/li>\n<li>Setor de Reprodu\u00e7\u00e3o \u2013 32757188 \/ 32757247 ou ramais 7188 \/ 7247<\/li>\n<li>Bacteriologia \u2013 32757312 ou ramal 7312<\/li>\n<li>Laborat\u00f3rio Regional de Diagn\u00f3stico &#8211; LRD \u2013 32757310 ou ramal 7310<\/li>\n<li>Patologia \u2013 32757492 ou ramal 7492<\/li>\n<li>Microscopia Eletr\u00f4nica \u2013 32757492 ou ramal 7492<\/li>\n<li>Patologia- Sala de Professores \u2013 32757491 ou ramal 7491<\/li>\n<li>Virologia &#8211; LABVIR \u2013 32757412 ou ramal 7412<\/li>\n<\/ul>\n<p>&nbsp;<\/p>\n<p><strong>PR\u00c9DIOS NA ENTRADA DO CAMPUS CAP\u00c3O DO LE\u00c3O<\/strong><\/p>\n<ul>\n<li>Inspe\u00e7\u00e3o de Produtos de Origem Animal &#8211; LIPOA \u2013 32757216 ou ramal 7216<\/li>\n<li>Zoonoses &#8211; CCZ \u2013 32757424 ou ramal 7424<\/li>\n<\/ul>\n<p>&nbsp;<\/p>\n<p><strong>PR\u00c9DIO DO HOSPITAL DE CL\u00cdNICAS VETERIN\u00c1RIAS (HCV)<\/strong><\/p>\n<ul>\n<li>Secretaria \u2013 32757510 ou ramal 7510<\/li>\n<li>Recep\u00e7\u00e3o \u2013 991501303 &#8211; celular institucional<\/li>\n<li>Dire\u00e7\u00e3o \u2013 32757359 ou ramal 7359<\/li>\n<li>Bloco Cir\u00fargico \u2013 32757507 ou ramal 7507<\/li>\n<li>Pavilh\u00e3o de grandes animais \u2013 32757295 ou ramal 7295<\/li>\n<li>Patologia Cl\u00ednica \u2013 32757487 ou ramal 7487<\/li>\n<li>Radiologia \u2013 32757509 ou ramal 7509<\/li>\n<\/ul>\n<p>&nbsp;<\/p>\n<p><strong>PR\u00c9DIO DO DEPARTAMENTO DE CL\u00cdNICAS VETERIN\u00c1RIAS &#8211; DCV<\/strong><\/p>\n<ul>\n<li>DCV- Secretaria \u2013 32757505 ou ramal 7505<\/li>\n<li>DCV \u2013 Professores \u2013 32757502 \/ 32757503 \/ 32757504 \/ 32757506 ou ramais 7502 \/ 7503 \/ 7504 \/ 7506<\/li>\n<\/ul>\n<p>&nbsp;<\/p>\n<p><strong>PR\u00c9DIO BIOT\u00c9RIO CENTRAL<\/strong><\/p>\n<ul>\n<li>Secretaria do Biot\u00e9rio \u2013 32757411 ou ramal 7411<\/li>\n<\/ul>\n","protected":false},"excerpt":{"rendered":"<p>TELEFONES DA FACULDADE DE VETERIN\u00c1RIA &nbsp; PR\u00c9DIO 1 &#8211; ANTIGA REITORIA Gabinete do Diretor \u2013 32757293 Secretaria da Dire\u00e7\u00e3o \u2013 32757644 ou ramal 7644 Colegiado da gradua\u00e7\u00e3o \u00a0\u2013 32757561 \/ 32757314 ou ramais 7561 \/ 7314 Programa de P\u00f3s-Gradua\u00e7\u00e3o \u2013 &hellip; <a href=\"https:\/\/wp.ufpel.edu.br\/veterinaria\/guia-telefonico-fv\/\">Continue lendo <span class=\"meta-nav\">&rarr;<\/span><\/a><\/p>\n","protected":false},"author":381,"featured_media":0,"parent":0,"menu_order":8,"comment_status":"closed","ping_status":"closed","template":"","meta":{"footnotes":""},"class_list":["post-281","page","type-page","status-publish","hentry"],"_links":{"self":[{"href":"https:\/\/wp.ufpel.edu.br\/veterinaria\/wp-json\/wp\/v2\/pages\/281","targetHints":{"allow":["GET"]}}],"collection":[{"href":"https:\/\/wp.ufpel.edu.br\/veterinaria\/wp-json\/wp\/v2\/pages"}],"about":[{"href":"https:\/\/wp.ufpel.edu.br\/veterinaria\/wp-json\/wp\/v2\/types\/page"}],"author":[{"embeddable":true,"href":"https:\/\/wp.ufpel.edu.br\/veterinaria\/wp-json\/wp\/v2\/users\/381"}],"replies":[{"embeddable":true,"href":"https:\/\/wp.ufpel.edu.br\/veterinaria\/wp-json\/wp\/v2\/comments?post=281"}],"version-history":[{"count":13,"href":"https:\/\/wp.ufpel.edu.br\/veterinaria\/wp-json\/wp\/v2\/pages\/281\/revisions"}],"predecessor-version":[{"id":1195,"href":"https:\/\/wp.ufpel.edu.br\/veterinaria\/wp-json\/wp\/v2\/pages\/281\/revisions\/1195"}],"wp:attachment":[{"href":"https:\/\/wp.ufpel.edu.br\/veterinaria\/wp-json\/wp\/v2\/media?parent=281"}],"curies":[{"name":"wp","href":"https:\/\/api.w.org\/{rel}","templated":true}]}}