{"id":253,"date":"2014-05-19T16:47:55","date_gmt":"2014-05-19T19:47:55","guid":{"rendered":"https:\/\/wp.ufpel.edu.br\/veterinaria\/?page_id=253"},"modified":"2019-03-22T16:09:59","modified_gmt":"2019-03-22T19:09:59","slug":"lipoa","status":"publish","type":"page","link":"https:\/\/wp.ufpel.edu.br\/veterinaria\/links\/grupos-de-pesquisa\/lipoa\/","title":{"rendered":"LIPOA"},"content":{"rendered":"<p>Visite o Laborat\u00f3rio de Inspe\u00e7\u00e3o de Produtos de Origem Animal &#8211; LIPOA, atrav\u00e9s do link <a href=\"https:\/\/wp.ufpel.edu.br\/inspleite\/author\/inspleite\/\" target=\"_blank\" rel=\"noopener noreferrer\">AQUI<\/a>.<\/p>\n","protected":false},"excerpt":{"rendered":"<p>Visite o Laborat\u00f3rio de Inspe\u00e7\u00e3o de Produtos de Origem Animal &#8211; LIPOA, atrav\u00e9s do link AQUI.<\/p>\n","protected":false},"author":381,"featured_media":0,"parent":174,"menu_order":0,"comment_status":"closed","ping_status":"closed","template":"","meta":{"footnotes":""},"class_list":["post-253","page","type-page","status-publish","hentry"],"_links":{"self":[{"href":"https:\/\/wp.ufpel.edu.br\/veterinaria\/wp-json\/wp\/v2\/pages\/253","targetHints":{"allow":["GET"]}}],"collection":[{"href":"https:\/\/wp.ufpel.edu.br\/veterinaria\/wp-json\/wp\/v2\/pages"}],"about":[{"href":"https:\/\/wp.ufpel.edu.br\/veterinaria\/wp-json\/wp\/v2\/types\/page"}],"author":[{"embeddable":true,"href":"https:\/\/wp.ufpel.edu.br\/veterinaria\/wp-json\/wp\/v2\/users\/381"}],"replies":[{"embeddable":true,"href":"https:\/\/wp.ufpel.edu.br\/veterinaria\/wp-json\/wp\/v2\/comments?post=253"}],"version-history":[{"count":3,"href":"https:\/\/wp.ufpel.edu.br\/veterinaria\/wp-json\/wp\/v2\/pages\/253\/revisions"}],"predecessor-version":[{"id":829,"href":"https:\/\/wp.ufpel.edu.br\/veterinaria\/wp-json\/wp\/v2\/pages\/253\/revisions\/829"}],"up":[{"embeddable":true,"href":"https:\/\/wp.ufpel.edu.br\/veterinaria\/wp-json\/wp\/v2\/pages\/174"}],"wp:attachment":[{"href":"https:\/\/wp.ufpel.edu.br\/veterinaria\/wp-json\/wp\/v2\/media?parent=253"}],"curies":[{"name":"wp","href":"https:\/\/api.w.org\/{rel}","templated":true}]}}