{"id":247,"date":"2014-05-19T16:40:01","date_gmt":"2014-05-19T19:40:01","guid":{"rendered":"https:\/\/wp.ufpel.edu.br\/veterinaria\/?page_id=247"},"modified":"2014-05-23T12:22:55","modified_gmt":"2014-05-23T15:22:55","slug":"clineq","status":"publish","type":"page","link":"https:\/\/wp.ufpel.edu.br\/veterinaria\/links\/grupos-de-pesquisa\/clineq\/","title":{"rendered":"CLINEQ"},"content":{"rendered":"<p>Visite o site da Cl\u00ednica M\u00e9dica de Equinos, atrav\u00e9s do link <a href=\"http:\/\/www2.ufpel.edu.br\/fvet\/clineq\/\" target=\"_blank\">AQUI<\/a>.<\/p>\n","protected":false},"excerpt":{"rendered":"<p>Visite o site da Cl\u00ednica M\u00e9dica de Equinos, atrav\u00e9s do link AQUI.<\/p>\n","protected":false},"author":381,"featured_media":0,"parent":174,"menu_order":0,"comment_status":"closed","ping_status":"closed","template":"","meta":{"footnotes":""},"class_list":["post-247","page","type-page","status-publish","hentry"],"_links":{"self":[{"href":"https:\/\/wp.ufpel.edu.br\/veterinaria\/wp-json\/wp\/v2\/pages\/247","targetHints":{"allow":["GET"]}}],"collection":[{"href":"https:\/\/wp.ufpel.edu.br\/veterinaria\/wp-json\/wp\/v2\/pages"}],"about":[{"href":"https:\/\/wp.ufpel.edu.br\/veterinaria\/wp-json\/wp\/v2\/types\/page"}],"author":[{"embeddable":true,"href":"https:\/\/wp.ufpel.edu.br\/veterinaria\/wp-json\/wp\/v2\/users\/381"}],"replies":[{"embeddable":true,"href":"https:\/\/wp.ufpel.edu.br\/veterinaria\/wp-json\/wp\/v2\/comments?post=247"}],"version-history":[{"count":2,"href":"https:\/\/wp.ufpel.edu.br\/veterinaria\/wp-json\/wp\/v2\/pages\/247\/revisions"}],"predecessor-version":[{"id":321,"href":"https:\/\/wp.ufpel.edu.br\/veterinaria\/wp-json\/wp\/v2\/pages\/247\/revisions\/321"}],"up":[{"embeddable":true,"href":"https:\/\/wp.ufpel.edu.br\/veterinaria\/wp-json\/wp\/v2\/pages\/174"}],"wp:attachment":[{"href":"https:\/\/wp.ufpel.edu.br\/veterinaria\/wp-json\/wp\/v2\/media?parent=247"}],"curies":[{"name":"wp","href":"https:\/\/api.w.org\/{rel}","templated":true}]}}