{"id":245,"date":"2014-05-19T16:37:31","date_gmt":"2014-05-19T19:37:31","guid":{"rendered":"https:\/\/wp.ufpel.edu.br\/veterinaria\/?page_id=245"},"modified":"2014-05-23T12:23:19","modified_gmt":"2014-05-23T15:23:19","slug":"clinpet","status":"publish","type":"page","link":"https:\/\/wp.ufpel.edu.br\/veterinaria\/links\/grupos-de-pesquisa\/clinpet\/","title":{"rendered":"CLINPET"},"content":{"rendered":"<p>Visite o site do\u00a0Clinpet \u2013 Grupo de pesquisa, ensino e extens\u00e3o em cl\u00ednica de pequenos animais, atrav\u00e9s do link <a href=\"https:\/\/wp.ufpel.edu.br\/clinpet\/\" target=\"_blank\">AQUI<\/a>.<\/p>\n","protected":false},"excerpt":{"rendered":"<p>Visite o site do\u00a0Clinpet \u2013 Grupo de pesquisa, ensino e extens\u00e3o em cl\u00ednica de pequenos animais, atrav\u00e9s do link AQUI.<\/p>\n","protected":false},"author":381,"featured_media":0,"parent":174,"menu_order":0,"comment_status":"closed","ping_status":"closed","template":"","meta":{"footnotes":""},"class_list":["post-245","page","type-page","status-publish","hentry"],"_links":{"self":[{"href":"https:\/\/wp.ufpel.edu.br\/veterinaria\/wp-json\/wp\/v2\/pages\/245","targetHints":{"allow":["GET"]}}],"collection":[{"href":"https:\/\/wp.ufpel.edu.br\/veterinaria\/wp-json\/wp\/v2\/pages"}],"about":[{"href":"https:\/\/wp.ufpel.edu.br\/veterinaria\/wp-json\/wp\/v2\/types\/page"}],"author":[{"embeddable":true,"href":"https:\/\/wp.ufpel.edu.br\/veterinaria\/wp-json\/wp\/v2\/users\/381"}],"replies":[{"embeddable":true,"href":"https:\/\/wp.ufpel.edu.br\/veterinaria\/wp-json\/wp\/v2\/comments?post=245"}],"version-history":[{"count":2,"href":"https:\/\/wp.ufpel.edu.br\/veterinaria\/wp-json\/wp\/v2\/pages\/245\/revisions"}],"predecessor-version":[{"id":322,"href":"https:\/\/wp.ufpel.edu.br\/veterinaria\/wp-json\/wp\/v2\/pages\/245\/revisions\/322"}],"up":[{"embeddable":true,"href":"https:\/\/wp.ufpel.edu.br\/veterinaria\/wp-json\/wp\/v2\/pages\/174"}],"wp:attachment":[{"href":"https:\/\/wp.ufpel.edu.br\/veterinaria\/wp-json\/wp\/v2\/media?parent=245"}],"curies":[{"name":"wp","href":"https:\/\/api.w.org\/{rel}","templated":true}]}}