{"id":171,"date":"2014-05-19T09:05:10","date_gmt":"2014-05-19T12:05:10","guid":{"rendered":"https:\/\/wp.ufpel.edu.br\/veterinaria\/?page_id=171"},"modified":"2014-08-04T12:37:10","modified_gmt":"2014-08-04T15:37:10","slug":"bioterio-central","status":"publish","type":"page","link":"https:\/\/wp.ufpel.edu.br\/veterinaria\/links\/orgaos-acessorios\/bioterio-central\/","title":{"rendered":"Biot\u00e9rio Central"},"content":{"rendered":"<p>Visite o site do Biot\u00e9rio Central atrav\u00e9s do link <a href=\"https:\/\/wp.ufpel.edu.br\/bioterio\/\" target=\"_blank\">aqui<\/a>.<\/p>\n","protected":false},"excerpt":{"rendered":"<p>Visite o site do Biot\u00e9rio Central atrav\u00e9s do link aqui.<\/p>\n","protected":false},"author":381,"featured_media":0,"parent":159,"menu_order":0,"comment_status":"closed","ping_status":"closed","template":"","meta":{"footnotes":""},"class_list":["post-171","page","type-page","status-publish","hentry"],"_links":{"self":[{"href":"https:\/\/wp.ufpel.edu.br\/veterinaria\/wp-json\/wp\/v2\/pages\/171","targetHints":{"allow":["GET"]}}],"collection":[{"href":"https:\/\/wp.ufpel.edu.br\/veterinaria\/wp-json\/wp\/v2\/pages"}],"about":[{"href":"https:\/\/wp.ufpel.edu.br\/veterinaria\/wp-json\/wp\/v2\/types\/page"}],"author":[{"embeddable":true,"href":"https:\/\/wp.ufpel.edu.br\/veterinaria\/wp-json\/wp\/v2\/users\/381"}],"replies":[{"embeddable":true,"href":"https:\/\/wp.ufpel.edu.br\/veterinaria\/wp-json\/wp\/v2\/comments?post=171"}],"version-history":[{"count":6,"href":"https:\/\/wp.ufpel.edu.br\/veterinaria\/wp-json\/wp\/v2\/pages\/171\/revisions"}],"predecessor-version":[{"id":410,"href":"https:\/\/wp.ufpel.edu.br\/veterinaria\/wp-json\/wp\/v2\/pages\/171\/revisions\/410"}],"up":[{"embeddable":true,"href":"https:\/\/wp.ufpel.edu.br\/veterinaria\/wp-json\/wp\/v2\/pages\/159"}],"wp:attachment":[{"href":"https:\/\/wp.ufpel.edu.br\/veterinaria\/wp-json\/wp\/v2\/media?parent=171"}],"curies":[{"name":"wp","href":"https:\/\/api.w.org\/{rel}","templated":true}]}}