{"id":163,"date":"2014-05-19T09:02:52","date_gmt":"2014-05-19T12:02:52","guid":{"rendered":"https:\/\/wp.ufpel.edu.br\/veterinaria\/?page_id=163"},"modified":"2014-05-23T12:22:28","modified_gmt":"2014-05-23T15:22:28","slug":"laboratorio-regional-de-diagnostico","status":"publish","type":"page","link":"https:\/\/wp.ufpel.edu.br\/veterinaria\/links\/orgaos-acessorios\/laboratorio-regional-de-diagnostico\/","title":{"rendered":"Laborat\u00f3rio Regional de Diagn\u00f3stico"},"content":{"rendered":"<p>Em breve o site do Laborat\u00f3rio Regional de Diagn\u00f3stico estar\u00e1 no ar.<\/p>\n","protected":false},"excerpt":{"rendered":"<p>Em breve o site do Laborat\u00f3rio Regional de Diagn\u00f3stico estar\u00e1 no ar.<\/p>\n","protected":false},"author":381,"featured_media":0,"parent":159,"menu_order":0,"comment_status":"closed","ping_status":"closed","template":"","meta":{"footnotes":""},"class_list":["post-163","page","type-page","status-publish","hentry"],"_links":{"self":[{"href":"https:\/\/wp.ufpel.edu.br\/veterinaria\/wp-json\/wp\/v2\/pages\/163","targetHints":{"allow":["GET"]}}],"collection":[{"href":"https:\/\/wp.ufpel.edu.br\/veterinaria\/wp-json\/wp\/v2\/pages"}],"about":[{"href":"https:\/\/wp.ufpel.edu.br\/veterinaria\/wp-json\/wp\/v2\/types\/page"}],"author":[{"embeddable":true,"href":"https:\/\/wp.ufpel.edu.br\/veterinaria\/wp-json\/wp\/v2\/users\/381"}],"replies":[{"embeddable":true,"href":"https:\/\/wp.ufpel.edu.br\/veterinaria\/wp-json\/wp\/v2\/comments?post=163"}],"version-history":[{"count":2,"href":"https:\/\/wp.ufpel.edu.br\/veterinaria\/wp-json\/wp\/v2\/pages\/163\/revisions"}],"predecessor-version":[{"id":320,"href":"https:\/\/wp.ufpel.edu.br\/veterinaria\/wp-json\/wp\/v2\/pages\/163\/revisions\/320"}],"up":[{"embeddable":true,"href":"https:\/\/wp.ufpel.edu.br\/veterinaria\/wp-json\/wp\/v2\/pages\/159"}],"wp:attachment":[{"href":"https:\/\/wp.ufpel.edu.br\/veterinaria\/wp-json\/wp\/v2\/media?parent=163"}],"curies":[{"name":"wp","href":"https:\/\/api.w.org\/{rel}","templated":true}]}}