{"id":145,"date":"2014-05-19T08:36:46","date_gmt":"2014-05-19T11:36:46","guid":{"rendered":"https:\/\/wp.ufpel.edu.br\/veterinaria\/?page_id=145"},"modified":"2024-12-17T11:13:35","modified_gmt":"2024-12-17T14:13:35","slug":"tecnicos-administrativos-2","status":"publish","type":"page","link":"https:\/\/wp.ufpel.edu.br\/veterinaria\/r-humanos\/tecnicos-administrativos-2\/","title":{"rendered":"T\u00e9cnicos Administrativos"},"content":{"rendered":"<p style=\"text-align: center;\"><strong>Ana Paula Neuschrank Albano<\/strong><\/p>\n<p style=\"text-align: center;\">Auxiliar de Veterin\u00e1ria e Zootecnia<\/p>\n<p style=\"text-align: center;\">neuschrank@hotmail.com<\/p>\n<p style=\"text-align: center;\">HCV<\/p>\n<p style=\"text-align: center;\"><a href=\"http:\/\/lattes.cnpq.br\/9288224036529154\" target=\"_blank\" rel=\"noopener\">Lattes<\/a><\/p>\n<p style=\"text-align: center;\">___________________________________<\/p>\n<p style=\"text-align: center;\"><a href=\"https:\/\/wp.ufpel.edu.br\/veterinaria\/files\/2014\/05\/Anelize.jpg\"><img loading=\"lazy\" decoding=\"async\" class=\"alignnone wp-image-149\" src=\"https:\/\/wp.ufpel.edu.br\/veterinaria\/files\/2014\/05\/Anelize-265x318.jpg\" alt=\"Anelize\" width=\"129\" height=\"155\" srcset=\"https:\/\/wp.ufpel.edu.br\/veterinaria\/files\/2014\/05\/Anelize-265x318.jpg 265w, https:\/\/wp.ufpel.edu.br\/veterinaria\/files\/2014\/05\/Anelize-132x159.jpg 132w, https:\/\/wp.ufpel.edu.br\/veterinaria\/files\/2014\/05\/Anelize.jpg 435w\" sizes=\"auto, (max-width: 129px) 100vw, 129px\" \/><\/a><\/p>\n<p style=\"text-align: center;\"><strong>Anelize de Oliveira Campello F\u00e9lix<\/strong><\/p>\n<p style=\"text-align: center;\">M\u00e9dico Veterin\u00e1rio<\/p>\n<p style=\"text-align: center;\">anelizecampellofelix@gmail.com<\/p>\n<p style=\"text-align: center;\">Biot\u00e9rio Central<\/p>\n<p style=\"text-align: center;\"><a href=\"http:\/\/lattes.cnpq.br\/4064902111812687\">Lattes<\/a><\/p>\n<p style=\"text-align: center;\">___________________________________<\/p>\n<p style=\"text-align: center;\"><strong>Angelita dos Reis Gomes<\/strong><\/p>\n<p style=\"text-align: center;\">M\u00e9dico Veterin\u00e1rio<\/p>\n<p style=\"text-align: center;\"><span style=\"color: #000000;\">angelitagomes@gmail.com<\/span><\/p>\n<p style=\"text-align: center;\">MICVET \/ DVP<\/p>\n<p style=\"text-align: center;\"><a href=\"http:\/\/lattes.cnpq.br\/0250285937836509\" target=\"_blank\" rel=\"noopener\">Lattes<\/a><\/p>\n<p style=\"text-align: center;\">___________________________________<\/p>\n<p style=\"text-align: center;\"><strong>Carla Ligiane Machado dos Santos <\/strong><\/p>\n<p style=\"text-align: center;\">Assistente em Administra\u00e7\u00e3o<\/p>\n<p style=\"text-align: center;\">carlaufpel2017@gmail.com<\/p>\n<p style=\"text-align: center;\">HCV<\/p>\n<p style=\"text-align: center;\">___________________________________<\/p>\n<p style=\"text-align: center;\"><strong>Carlos Augusto Kochenborger<\/strong><\/p>\n<p style=\"text-align: center;\">Administrador<\/p>\n<p style=\"text-align: center;\">gutokochenborger@gmail.com<\/p>\n<p style=\"text-align: center;\">HCV<\/p>\n<p style=\"text-align: center;\">____________________________________<\/p>\n<p style=\"text-align: center;\"><strong>Carlos Ubirajara Santos Briao<\/strong><\/p>\n<p style=\"text-align: center;\">Assistente de Laborat\u00f3rio<\/p>\n<p style=\"text-align: center;\">csbriao@gmail.com<\/p>\n<p style=\"text-align: center;\">LADOPAR \/ DVP<\/p>\n<p style=\"text-align: center;\">___________________________________<\/p>\n<p style=\"text-align: center;\"><strong>Catilcia Ribeiro Meireles Atrib<\/strong><\/p>\n<p style=\"text-align: center;\">T\u00e9cnica em Radiologia<\/p>\n<p style=\"text-align: center;\">kety363@hotmail.com<\/p>\n<p style=\"text-align: center;\">HCV<\/p>\n<p style=\"text-align: center;\">__________________________________<\/p>\n<p style=\"text-align: center;\"><strong>Daiane da Motta Xavier<\/strong><\/p>\n<p style=\"text-align: center;\">T\u00e9cnico de Laborat\u00f3rio<\/p>\n<p style=\"text-align: center;\">daianedamotta@yahoo.com.br<\/p>\n<p style=\"text-align: center;\">Lab. Patologia \/ DPA<\/p>\n<p style=\"text-align: center;\"><a href=\"http:\/\/lattes.cnpq.br\/9435990609705329\">Lattes<\/a><\/p>\n<p style=\"text-align: center;\">___________________________________<\/p>\n<p style=\"text-align: center;\"><strong>Daiane do Amaral<\/strong><\/p>\n<p style=\"text-align: center;\">Assistente em Administra\u00e7\u00e3o<\/p>\n<p style=\"text-align: center;\">daiane_da23@hotmail.com<\/p>\n<p style=\"text-align: center;\">PPGV &#8211; secretaria<\/p>\n<p style=\"text-align: center;\"><a href=\"http:\/\/lattes.cnpq.br\/4449024514940389\">Lattes<\/a><\/p>\n<p style=\"text-align: center;\">___________________________________<\/p>\n<p style=\"text-align: center;\"><strong>Diego Sodr\u00e9 Bastos<\/strong><\/p>\n<p style=\"text-align: center;\">Assistente em Administra\u00e7\u00e3o<\/p>\n<p style=\"text-align: center;\">diegonamedida@hotmail.com<\/p>\n<p style=\"text-align: center;\">DCV &#8211; secretaria<\/p>\n<p style=\"text-align: center;\">___________________________________<\/p>\n<p style=\"text-align: center;\"><strong>F\u00e1bio Pereira Machado<\/strong><\/p>\n<p style=\"text-align: center;\">Auxiliar de Anatomia e Necropsia<\/p>\n<p style=\"text-align: center;\">pereira.machado2001@bol.com.br<\/p>\n<p style=\"text-align: center;\">Sala de Necropsia<\/p>\n<p style=\"text-align: center;\">___________________________________<\/p>\n<p style=\"text-align: center;\"><a href=\"https:\/\/wp.ufpel.edu.br\/veterinaria\/files\/2014\/05\/Fabio-Silva.jpg\"><img loading=\"lazy\" decoding=\"async\" class=\"alignnone wp-image-151\" src=\"https:\/\/wp.ufpel.edu.br\/veterinaria\/files\/2014\/05\/Fabio-Silva-271x318.jpg\" alt=\"Fabio Silva\" width=\"133\" height=\"156\" srcset=\"https:\/\/wp.ufpel.edu.br\/veterinaria\/files\/2014\/05\/Fabio-Silva-271x318.jpg 271w, https:\/\/wp.ufpel.edu.br\/veterinaria\/files\/2014\/05\/Fabio-Silva-135x159.jpg 135w, https:\/\/wp.ufpel.edu.br\/veterinaria\/files\/2014\/05\/Fabio-Silva.jpg 464w\" sizes=\"auto, (max-width: 133px) 100vw, 133px\" \/><\/a><br \/>\n<strong>Fabio da Silva e Silva<\/strong><\/p>\n<p style=\"text-align: center;\">M\u00e9dico Veterin\u00e1rio<\/p>\n<p style=\"text-align: center;\">silvamedvet@hotmail.com<\/p>\n<p style=\"text-align: center;\">HCV<\/p>\n<p style=\"text-align: center;\"><a href=\"http:\/\/lattes.cnpq.br\/3341165240168004\">Lattes<\/a><\/p>\n<p style=\"text-align: center;\">___________________________________<\/p>\n<p style=\"text-align: center;\"><strong>Fabr\u00edcio Moreira Alves<\/strong><\/p>\n<p style=\"text-align: center;\">M\u00e9dico Veterin\u00e1rio<\/p>\n<p style=\"text-align: center;\">militargyn@hotmail.com<\/p>\n<p style=\"text-align: center;\">LRD<\/p>\n<p style=\"text-align: center;\"><a href=\"http:\/\/lattes.cnpq.br\/3006117499621809\" target=\"_blank\" rel=\"noopener\">Lattes<\/a><\/p>\n<p style=\"text-align: center;\">___________________________________<\/p>\n<p style=\"text-align: center;\"><strong>Gladis Teresinha Anselmo Borges <\/strong><\/p>\n<p style=\"text-align: center;\">T\u00e9cnico em Contabilidade<\/p>\n<p style=\"text-align: center;\">gladisufpel@gmail.com<\/p>\n<p style=\"text-align: center;\">HCV<\/p>\n<p style=\"text-align: center;\">___________________________________<\/p>\n<p style=\"text-align: center;\"><strong>Henrique Muller Dallmann<\/strong><\/p>\n<p style=\"text-align: center;\">M\u00e9dico Veterin\u00e1rio<\/p>\n<p style=\"text-align: center;\">henriquedallmann@yahoo.com.br<\/p>\n<p style=\"text-align: center;\">VIROLOGIA \/ DVP<\/p>\n<p style=\"text-align: center;\"><a href=\"http:\/\/lattes.cnpq.br\/7432792493685270\" target=\"_blank\" rel=\"noopener\">Lattes<\/a><\/p>\n<p style=\"text-align: center;\">____________________________________<\/p>\n<p style=\"text-align: center;\"><strong>Jeronimo Lopes Ruas<\/strong><\/p>\n<p style=\"text-align: center;\">M\u00e9dico Veterin\u00e1rio<\/p>\n<p style=\"text-align: center;\">ruas@ufpel.edu.br<\/p>\n<p style=\"text-align: center;\">LRD<\/p>\n<p style=\"text-align: center;\"><a href=\"http:\/\/lattes.cnpq.br\/9798460013895320\">Lattes<\/a><\/p>\n<p style=\"text-align: center;\">___________________________________<\/p>\n<p style=\"text-align: center;\"><strong>J\u00e9ssica da Silva Dittgen<\/strong><\/p>\n<p style=\"text-align: center;\">Farmac\u00eautica<\/p>\n<p style=\"text-align: center;\">jessica.dittgen@hotmail.com<\/p>\n<p style=\"text-align: center;\">HCV<\/p>\n<p style=\"text-align: center;\"><a href=\"http:\/\/lattes.cnpq.br\/7671304104501588\" target=\"_blank\" rel=\"noopener\">Lattes<\/a><\/p>\n<p style=\"text-align: center;\">____________________________________<\/p>\n<p style=\"text-align: center;\"><strong>Jeycy Kelle Sirqueira Mendon\u00e7a<\/strong><\/p>\n<p style=\"text-align: center;\">M\u00e9dica veterin\u00e1ria<\/p>\n<p style=\"text-align: center;\">kelle.roke@hotmail.com<\/p>\n<p style=\"text-align: center;\">LIPOA e CCZ \/ DVP<\/p>\n<p style=\"text-align: center;\"><a href=\"http:\/\/lattes.cnpq.br\/6951721754182213\" target=\"_blank\" rel=\"noopener\">Lattes<\/a><\/p>\n<p style=\"text-align: center;\">_____________________________________<\/p>\n<p style=\"text-align: center;\"><strong>Jose Carlos Rosler Sandrini<\/strong><\/p>\n<p style=\"text-align: center;\">T\u00e9cnico de Laborat\u00f3rio<\/p>\n<p style=\"text-align: center;\">VIROLOGIA \/ DVP<\/p>\n<p style=\"text-align: center;\">___________________________________<\/p>\n<p style=\"text-align: center;\"><strong>Juciara Camargo Foster<\/strong><\/p>\n<p style=\"text-align: center;\">Servente de Limpeza<\/p>\n<p style=\"text-align: center;\">HCV<\/p>\n<p style=\"text-align: center;\">___________________________________<\/p>\n<p style=\"text-align: center;\"><strong>Leandro Americo Rafael <\/strong><\/p>\n<p style=\"text-align: center;\">M\u00e9dico Veterin\u00e1rio<\/p>\n<p style=\"text-align: center;\">leandro_arvet@hotmail.com<\/p>\n<p style=\"text-align: center;\">HCV<\/p>\n<p style=\"text-align: center;\"><a href=\"http:\/\/lattes.cnpq.br\/3567682896951096\" target=\"_blank\" rel=\"noopener\">Lattes<\/a><\/p>\n<p style=\"text-align: center;\">___________________________________<\/p>\n<p style=\"text-align: center;\">\u00a0<strong>Lenir Hellwig Muller<\/strong><\/p>\n<p style=\"text-align: center;\">Auxiliar de Laborat\u00f3rio<\/p>\n<p style=\"text-align: center;\">lenirhellwigmuller@hotmail.com<\/p>\n<p style=\"text-align: center;\">HCV- Lab. Patologia Cl\u00ednica<\/p>\n<p style=\"text-align: center;\">\u00a0___________________________________<\/p>\n<p style=\"text-align: center;\"><strong>Lisiane Cruz da Silva<\/strong><\/p>\n<p style=\"text-align: center;\">Auxiliar de Laborat\u00f3rio<\/p>\n<p style=\"text-align: center;\">lisianecruzdasilva@gmail.com<\/p>\n<p style=\"text-align: center;\"><em>Inspe\u00e7\u00e3o \/ DVP<\/em><\/p>\n<p style=\"text-align: center;\"><a href=\"http:\/\/lattes.cnpq.br\/4872586538701802\" target=\"_blank\" rel=\"noopener\">Lattes<\/a><\/p>\n<p style=\"text-align: center;\">___________________________________<\/p>\n<p style=\"text-align: center;\"><strong>Lucia Dias Mendes<\/strong><\/p>\n<p style=\"text-align: center;\">T\u00e9cnico de Laborat\u00f3rio<\/p>\n<p style=\"text-align: center;\">mendequimica@yahoo.com.br<\/p>\n<p style=\"text-align: center;\">Lab. Histoqu\u00edmica<\/p>\n<p style=\"text-align: center;\"><a href=\"http:\/\/lattes.cnpq.br\/8403912308585280\">Lattes<\/a><\/p>\n<p style=\"text-align: center;\">___________________________________<\/p>\n<p style=\"text-align: center;\"><strong>Luciana Aquini Fernandes Gil<\/strong><\/p>\n<p style=\"text-align: center;\">T\u00e9cnico de Laborat\u00f3rio<\/p>\n<p style=\"text-align: center;\">lafgil@hotmail.com.br<\/p>\n<p style=\"text-align: center;\">HCV<\/p>\n<p style=\"text-align: center;\"><a href=\"http:\/\/lattes.cnpq.br\/9881740539910714\">Lattes<\/a><\/p>\n<p style=\"text-align: center;\">___________________________________<\/p>\n<p style=\"text-align: center;\"><strong>Luciele Turow Domingues<\/strong><\/p>\n<p style=\"text-align: center;\">T\u00e9cnico em Radiologia<\/p>\n<p style=\"text-align: center;\">luciele-turow@hotmail.com<\/p>\n<p style=\"text-align: center;\">Radiologia \/ HCV<\/p>\n<p style=\"text-align: center;\">___________________________________<\/p>\n<p style=\"text-align: center;\"><a href=\"https:\/\/wp.ufpel.edu.br\/veterinaria\/files\/2014\/05\/Luis-Claudio-Paiva.jpg\"><img loading=\"lazy\" decoding=\"async\" class=\"alignnone wp-image-152\" src=\"https:\/\/wp.ufpel.edu.br\/veterinaria\/files\/2014\/05\/Luis-Claudio-Paiva-269x318.jpg\" alt=\"Luis Claudio Paiva\" width=\"130\" height=\"154\" srcset=\"https:\/\/wp.ufpel.edu.br\/veterinaria\/files\/2014\/05\/Luis-Claudio-Paiva-269x318.jpg 269w, https:\/\/wp.ufpel.edu.br\/veterinaria\/files\/2014\/05\/Luis-Claudio-Paiva-134x159.jpg 134w, https:\/\/wp.ufpel.edu.br\/veterinaria\/files\/2014\/05\/Luis-Claudio-Paiva.jpg 466w\" sizes=\"auto, (max-width: 130px) 100vw, 130px\" \/><\/a><\/p>\n<p style=\"text-align: center;\"><strong>Luis Claudio Pereira Paiva<\/strong><\/p>\n<p style=\"text-align: center;\">Assistente em Administra\u00e7\u00e3o<\/p>\n<p style=\"text-align: center;\">luizinhoppaiva@hotmail.com<\/p>\n<p style=\"text-align: center;\">COLEGIADO GRADUA\u00c7\u00c3O &#8211; secretaria<\/p>\n<p style=\"text-align: center;\">___________________________________<\/p>\n<p style=\"text-align: center;\"><strong>Magdo Eduardo da Costa Igansi<\/strong><\/p>\n<p style=\"text-align: center;\">T\u00e9cnico em Radiologia<\/p>\n<p style=\"text-align: center;\">edupelrs@yahoo.com.br<\/p>\n<p style=\"text-align: center;\">HCV \u2013 RX<\/p>\n<p style=\"text-align: center;\">___________________________________<\/p>\n<p style=\"text-align: center;\"><strong>Mauro Pereira Soares<\/strong><\/p>\n<p style=\"text-align: center;\">M\u00e9dico Veterin\u00e1rio<\/p>\n<p style=\"text-align: center;\">mpsoares@ufpel.edu.br<\/p>\n<p style=\"text-align: center;\">LRD<\/p>\n<p style=\"text-align: center;\"><a href=\"http:\/\/lattes.cnpq.br\/8361125881239227\">Lattes<\/a><\/p>\n<p style=\"text-align: center;\">___________________________________<\/p>\n<p style=\"text-align: center;\"><a href=\"https:\/\/wp.ufpel.edu.br\/veterinaria\/files\/2014\/05\/Yuri.jpg\"><img loading=\"lazy\" decoding=\"async\" class=\"alignnone wp-image-153\" src=\"https:\/\/wp.ufpel.edu.br\/veterinaria\/files\/2014\/05\/Yuri-251x318.jpg\" alt=\"Yuri\" width=\"124\" height=\"157\" srcset=\"https:\/\/wp.ufpel.edu.br\/veterinaria\/files\/2014\/05\/Yuri-251x318.jpg 251w, https:\/\/wp.ufpel.edu.br\/veterinaria\/files\/2014\/05\/Yuri-125x159.jpg 125w, https:\/\/wp.ufpel.edu.br\/veterinaria\/files\/2014\/05\/Yuri.jpg 410w\" sizes=\"auto, (max-width: 124px) 100vw, 124px\" \/><\/a><br \/>\n<strong>Morgan Yuri Oliveira Teles Machado<\/strong><\/p>\n<p style=\"text-align: center;\">Assistente em Administra\u00e7\u00e3o<\/p>\n<p style=\"text-align: center;\">morganyuri@yahoo.com.br<\/p>\n<p style=\"text-align: center;\">DIRE\u00c7\u00c3O &#8211; secretaria<\/p>\n<p style=\"text-align: center;\"><a href=\"http:\/\/lattes.cnpq.br\/2977583928788528\">Lattes<\/a><\/p>\n<p style=\"text-align: center;\">___________________________________<\/p>\n<p style=\"text-align: center;\"><strong>Ot\u00e1via de Almeida Martins<\/strong><\/p>\n<p style=\"text-align: center;\">Assistente de Laborat\u00f3rio<\/p>\n<p style=\"text-align: center;\">otavia.martins@hotmail.com<\/p>\n<p style=\"text-align: center;\">LAB. MICOLOGIA<\/p>\n<p style=\"text-align: center;\"><a href=\"http:\/\/lattes.cnpq.br\/7115300050532910\">Lattes<\/a><\/p>\n<p style=\"text-align: center;\">___________________________________<\/p>\n<p style=\"text-align: center;\"><strong>Patr\u00edcia da Costa Ferreira<\/strong><\/p>\n<p style=\"text-align: center;\">T\u00e9cnico de Laborat\u00f3rio<\/p>\n<p style=\"text-align: center;\">ferreira_qui@yahoo.com.br<\/p>\n<p style=\"text-align: center;\">Laborat\u00f3rio de Bacteriologia<\/p>\n<p style=\"text-align: center;\"><a href=\"https:\/\/buscatextual.cnpq.br\/buscatextual\/visualizacv.do?id=K4718916D7&amp;tokenCaptchar=03ANYolqsCYoB37mODs9R5wYRGULWRlVySAmAZQpWbzKk1EiYqKoKd9PV3ih9U9RYR5RL-l8iVVk9sb00mkc9_u4XzV9hbXCGUauPHY5RIhVnRrp9sKLVP2b_-GIs4OcYqgNeH78MXvaXoT_nKSVI1yd18ZGwJS_1k_HZI20WMmaj4NpS3avdMDW4hM_r4nVYfxCvFG3yGnutlf2GJ1qeABfWqwOxUZxrg9JNcjHXAMlM32UE73GMtmaWk65c-_6grblNRnLGDfskbI_6Gsbzo-vSSOw2AhWJwnLEfCyVjr-h6wPfwU2G8Aqfi-HAkH6nGXajMZQ3lShumy-ZpCDS2HUrCCBywChuFW5KnM9nfIKLUESIYTQg6VgAQ9d1YoMrqodIGsEBDzwdDkbCX4ybUs4Cl5XPQ71EOJIwWh5RUCjEzGzWUOkGhnGUfKkrq_e8YCfoZXWsy8xlnO_49m_JbciA3tDLjGdAGsjrUP_EYlfHyrzVjNHC6yPqeCfMwdcM57zDVcu8oTxhOAPVcdBbhGMP_ij9PATbm9Q\">Lattes<\/a><\/p>\n<p style=\"text-align: center;\">__________________________________<\/p>\n<p style=\"text-align: center;\"><strong>Patr\u00edcia Silva Vives<\/strong><\/p>\n<p style=\"text-align: center;\">M\u00e9dico Veterin\u00e1rio<\/p>\n<p style=\"text-align: center;\">vives@ufpel.tche.br<\/p>\n<p style=\"text-align: center;\">HCV<\/p>\n<p style=\"text-align: center;\"><a href=\"http:\/\/lattes.cnpq.br\/0543989493162443\">Lattes<\/a><\/p>\n<p style=\"text-align: center;\">___________________________________<\/p>\n<p style=\"text-align: center;\"><strong>Paulo Raul Pires Machado<\/strong><\/p>\n<p style=\"text-align: center;\">T\u00e9cnico em Radiologia<\/p>\n<p style=\"text-align: center;\">HCV<\/p>\n<p style=\"text-align: center;\">___________________________________<\/p>\n<p style=\"text-align: center;\"><strong>Paulo Vicente Paulsen Dittgen<\/strong><\/p>\n<p style=\"text-align: center;\">Auxiliar de Agropecu\u00e1ria<\/p>\n<p style=\"text-align: center;\">paulo_dittgen@ufpel.edu.br<\/p>\n<p style=\"text-align: center;\">HCV<\/p>\n<p style=\"text-align: center;\">___________________________________<\/p>\n<p style=\"text-align: center;\"><strong>Rafael Fernandes Tritany<\/strong><\/p>\n<p style=\"text-align: center;\">Farmac\u00eautico<\/p>\n<p style=\"text-align: center;\">rafaeltritany@gmail.com<\/p>\n<p style=\"text-align: center;\">HCV<\/p>\n<p style=\"text-align: center;\"><a href=\"https:\/\/buscatextual.cnpq.br\/buscatextual\/visualizacv.do?id=K8743510A6&amp;tokenCaptchar=03ANYolqvldtp_GxKLSKIoQSgVS10sdkKNSTG5IsEaIQ6HLHhO6dVri8Y20pJT4nSKr8YvnCqugTLCgXwhMZH2ROA9kHiJXLGOYOAzOxNVC8PLi5UEYomXgjVpd14sd9bySUKG5jJrS7MAYTeF0EjzF5zM4uinL3l9T_8LsiCw7MRUNCMaRfFSY6ejZKHHQK5JJf2Dm4LUteHsjKIufe__85v9qTR6K66w6OlQOjApJxoWWAKrvLvAGqz6q9uHDK7zTxzE9Lv1Wz_qSxY_OuRbT5myyolwlyqzdwAEEYQEXX7As_u3WxWH5pHb_z2nCaeGhJjOehMjiLjefSFbCTtVd3iDmDYR7hfBEGBrpEHN11LHUi-8eJM5yhy78cr3nzmQ8qV-CFosk7er7iQgNZcHoCStDPIrNFZJKttmSXXnFlFIX2UIg3miYgCCuzchhf06EZE6DFQTh3yZuOMKtnKV9Vxy3oFpi2os2_4jMAEz0DM0yOzFv0yWKcKmnB2ib6CMpRADBABUNgdfQvTe6aXTIDvvbmD6UFFtvA\">Lattes<\/a><\/p>\n<p style=\"text-align: center;\">_____________________________________<\/p>\n<p style=\"text-align: center;\"><strong>Renata Costa Schramm<\/strong><\/p>\n<p style=\"text-align: center;\">M\u00e9dico Veterin\u00e1rio<\/p>\n<p style=\"text-align: center;\">schrammrenata@gmail.com<\/p>\n<p style=\"text-align: center;\">Bacteriologia \/ DVP<\/p>\n<p style=\"text-align: center;\"><a href=\"http:\/\/lattes.cnpq.br\/6725218034581158\">Lattes<\/a><\/p>\n<p style=\"text-align: center;\">___________________________________<\/p>\n<p style=\"text-align: center;\"><strong>Renata Fontes Ongaratto<\/strong><\/p>\n<p style=\"text-align: center;\">T\u00e9cnica de Laborat\u00f3rio<\/p>\n<p style=\"text-align: center;\">renataongaratto@hotmail.com<\/p>\n<p style=\"text-align: center;\">Lab. Doen\u00e7as Parasit\u00e1rias<\/p>\n<p style=\"text-align: center;\"><a href=\"https:\/\/buscatextual.cnpq.br\/buscatextual\/visualizacv.do?id=K4438872Y3&amp;tokenCaptchar=03ANYolqv5ImI51JKXESrirMfsA_O5ZLR2lRoXXLVCGt7_INpGMRAdUnTmFArwrNnLaEukjVPJQTc_yF2fluqcOXNEz1rwlRhtkm1k9SpEuth1JUgppG-xXNBkBjP5SfDJsvOBkmUxwaKgM_C-neahf2-JAykkZIfN8jZ5Vuv4VR_MIKoqQZlHjOTFNYzatTI_PsoIZ1PVdLwF5KFYGAiD_ltjYtTHufn-oMdIPd-qJlde-T7nyf1ZOg-xNWczbFD9sc2i-G7ratWsisfrAlBqGZcXhG4WjH-_KRz-RxOJcu88c-irw7TLrktqhae_cBSdS-Rx2bJa_A0s3mNSBlIY_XSgNchbpQSGYCdDMAKzOTuydzMh9ZmI3kvtT8MgLbWjNIO2LaFdQzh40tyUXKmzSjRpHjixGpIW-wqSJfmjrTLIWBmk-G8LFj_yKMbgKu52LZ-LITHLlJILCdZ5F-B9ZPjD5pjXEv5bhmIRPueA0IIITu9P5UGbBrMRxc5w2jYMt9HX7NA-6YcALt-m1M8ZJSKKr_dRIEhUqQ\">Lattes<\/a><\/p>\n<p style=\"text-align: center;\">_____________________________________<\/p>\n<p style=\"text-align: center;\"><strong>Silvia Regina Leal Ladeira<\/strong><\/p>\n<p style=\"text-align: center;\">M\u00e9dico Veterin\u00e1rio<\/p>\n<p style=\"text-align: center;\">s.ladeira@hotmail.com<\/p>\n<p style=\"text-align: center;\">LRD<\/p>\n<p style=\"text-align: center;\"><a href=\"http:\/\/lattes.cnpq.br\/7031434458424290\">Lattes<\/a><\/p>\n<p style=\"text-align: center;\">\u00a0___________________________________<\/p>\n<p style=\"text-align: center;\"><strong>Simone Silveira da Silva<\/strong><\/p>\n<p style=\"text-align: center;\">T\u00e9cnico de Laborat\u00f3rio<\/p>\n<p style=\"text-align: center;\">simonesilveira.s@hotmail.com<\/p>\n<p style=\"text-align: center;\">Microscopia Eletr\u00f4nica<\/p>\n<p style=\"text-align: center;\">LRD<\/p>\n<p style=\"text-align: center;\">___________________________________<\/p>\n<p style=\"text-align: center;\"><a href=\"https:\/\/wp.ufpel.edu.br\/veterinaria\/files\/2014\/05\/Thiago2000.jpg\"><img loading=\"lazy\" decoding=\"async\" class=\"alignnone wp-image-146\" src=\"https:\/\/wp.ufpel.edu.br\/veterinaria\/files\/2014\/05\/Thiago2000-241x318.jpg\" alt=\"Thiago2000\" width=\"118\" height=\"156\" srcset=\"https:\/\/wp.ufpel.edu.br\/veterinaria\/files\/2014\/05\/Thiago2000-241x318.jpg 241w, https:\/\/wp.ufpel.edu.br\/veterinaria\/files\/2014\/05\/Thiago2000-120x159.jpg 120w, https:\/\/wp.ufpel.edu.br\/veterinaria\/files\/2014\/05\/Thiago2000.jpg 307w\" sizes=\"auto, (max-width: 118px) 100vw, 118px\" \/><\/a><\/p>\n<p style=\"text-align: center;\"><strong>Thiago Treichel Rutz<\/strong><\/p>\n<p style=\"text-align: center;\">Assistente em Administra\u00e7\u00e3o<\/p>\n<p style=\"text-align: center;\">fvthiago1@gmail.com<\/p>\n<p style=\"text-align: center;\">Secretarias DPA\/DVP\/DCV<\/p>\n<p style=\"text-align: center;\">___________________________________<\/p>\n<p style=\"text-align: center;\"><strong>Thomas Normanton Guim<\/strong><\/p>\n<p style=\"text-align: center;\">M\u00e9dico Veterin\u00e1rio<\/p>\n<p style=\"text-align: center;\">HCV<\/p>\n<p style=\"text-align: center;\"><a href=\"http:\/\/lattes.cnpq.br\/7249015065471838\">Lattes<\/a><\/p>\n","protected":false},"excerpt":{"rendered":"<p>Ana Paula Neuschrank Albano Auxiliar de Veterin\u00e1ria e Zootecnia neuschrank@hotmail.com HCV Lattes ___________________________________ Anelize de Oliveira Campello F\u00e9lix M\u00e9dico Veterin\u00e1rio anelizecampellofelix@gmail.com Biot\u00e9rio Central Lattes ___________________________________ Angelita dos Reis Gomes M\u00e9dico Veterin\u00e1rio angelitagomes@gmail.com MICVET \/ DVP Lattes ___________________________________ Carla Ligiane Machado &hellip; <a href=\"https:\/\/wp.ufpel.edu.br\/veterinaria\/r-humanos\/tecnicos-administrativos-2\/\">Continue lendo <span class=\"meta-nav\">&rarr;<\/span><\/a><\/p>\n","protected":false},"author":381,"featured_media":0,"parent":189,"menu_order":0,"comment_status":"closed","ping_status":"closed","template":"","meta":{"footnotes":""},"class_list":["post-145","page","type-page","status-publish","hentry"],"_links":{"self":[{"href":"https:\/\/wp.ufpel.edu.br\/veterinaria\/wp-json\/wp\/v2\/pages\/145","targetHints":{"allow":["GET"]}}],"collection":[{"href":"https:\/\/wp.ufpel.edu.br\/veterinaria\/wp-json\/wp\/v2\/pages"}],"about":[{"href":"https:\/\/wp.ufpel.edu.br\/veterinaria\/wp-json\/wp\/v2\/types\/page"}],"author":[{"embeddable":true,"href":"https:\/\/wp.ufpel.edu.br\/veterinaria\/wp-json\/wp\/v2\/users\/381"}],"replies":[{"embeddable":true,"href":"https:\/\/wp.ufpel.edu.br\/veterinaria\/wp-json\/wp\/v2\/comments?post=145"}],"version-history":[{"count":32,"href":"https:\/\/wp.ufpel.edu.br\/veterinaria\/wp-json\/wp\/v2\/pages\/145\/revisions"}],"predecessor-version":[{"id":1119,"href":"https:\/\/wp.ufpel.edu.br\/veterinaria\/wp-json\/wp\/v2\/pages\/145\/revisions\/1119"}],"up":[{"embeddable":true,"href":"https:\/\/wp.ufpel.edu.br\/veterinaria\/wp-json\/wp\/v2\/pages\/189"}],"wp:attachment":[{"href":"https:\/\/wp.ufpel.edu.br\/veterinaria\/wp-json\/wp\/v2\/media?parent=145"}],"curies":[{"name":"wp","href":"https:\/\/api.w.org\/{rel}","templated":true}]}}