{"id":109,"date":"2014-05-17T17:56:47","date_gmt":"2014-05-17T20:56:47","guid":{"rendered":"https:\/\/wp.ufpel.edu.br\/veterinaria\/?page_id=109"},"modified":"2025-12-08T15:43:08","modified_gmt":"2025-12-08T18:43:08","slug":"administracao","status":"publish","type":"page","link":"https:\/\/wp.ufpel.edu.br\/veterinaria\/administracao\/","title":{"rendered":"Administra\u00e7\u00e3o"},"content":{"rendered":"<p><strong>DIRE\u00c7\u00c3O DA UNIDADE<\/strong><\/p>\n<p><strong>Diretor:\u00a0<\/strong>Prof. Cristiano Silva da Rosa<\/p>\n<p><strong>Vice-Diretora:\u00a0<\/strong>Prof\u00aa. Margarida Buss Raffi<\/p>\n<p><strong>Chefe do N\u00facleo Administrativo:\u00a0<\/strong>Assistente em Administra\u00e7\u00e3o Thiago Treichel Rutz<\/p>\n<p>&nbsp;<\/p>\n<p><strong>COLEGIADO DA GRADUA\u00c7\u00c3O<\/strong><\/p>\n<p><strong>Coordenador do Colegiado da Gradua\u00e7\u00e3o:\u00a0<\/strong>Prof\u00aa. Fabiane Borelli Grecco<\/p>\n<p><strong>Coordenadora Adjunta do Colegiado da Gradua\u00e7\u00e3o:\u00a0<\/strong>Prof\u00aa. Eliza Rossi Komninou<\/p>\n<p>&nbsp;<\/p>\n<p><strong>PROGRAMA DE P\u00d3S-GRADUA\u00c7\u00c3O EM VETERIN\u00c1RIA &#8211; PPGV<\/strong><\/p>\n<p><strong>Coordenadora do Colegiado da P\u00f3s-Gradua\u00e7\u00e3o:\u00a0<\/strong>Prof\u00aa. Raqueli Teresinha Fran\u00e7a<\/p>\n<p><strong>Coordenador Adjunto do Colegiado da P\u00f3s-Gradua\u00e7\u00e3o:\u00a0<\/strong>Prof. Rodrigo Casquero Cunha<\/p>\n<p>&nbsp;<\/p>\n<p><strong>DEPARTAMENTO DE CL\u00cdNICAS VETERIN\u00c1RIAS<\/strong><\/p>\n<p><strong>Chefe do Departamento: <\/strong>Prof. Fabr\u00edcio de Vargas Arigony Braga<\/p>\n<p><strong>Sub-Chefe do Departamento: <\/strong>Prof. Josaine Cristina da Silva Rappeti<\/p>\n<p>&nbsp;<\/p>\n<p><strong>Chefe do Departamento de Patologia Animal:\u00a0<\/strong>Prof. Arnaldo Diniz Vieira<\/p>\n<p><strong>Sub-Chefe do Departamento de Patologia Animal:\u00a0<\/strong>Prof. Thomaz Lucia J\u00fanior<\/p>\n<p>&nbsp;<\/p>\n<p><strong>Chefe do Departamento de Veterin\u00e1ria Preventiva:\u00a0<\/strong>Prof. Luiz Filipe Dam\u00e9 Schuch<\/p>\n<p><strong>Sub-Chefe do Departamento de Veterin\u00e1ria Preventiva:\u00a0<\/strong>Prof. Gilberto D&#8217;\u00c1vila Vargas<\/p>\n<p>&nbsp;<\/p>\n<p><strong>Diretor do Hospital de Cl\u00ednicas Veterin\u00e1rias:\u00a0<\/strong>Prof. Charles Ferreira Martins<\/p>\n<p><strong>Vice-Diretor do Hospital de Cl\u00ednicas Veterin\u00e1rias: <\/strong>Prof. Martielo Ivan Gehrcke<\/p>\n<p>&nbsp;<\/p>\n<p><strong>Coordenador do Laborat\u00f3rio Regional de Diagn\u00f3stico:\u00a0<\/strong>M\u00e9dico Veterin\u00e1rio Mauro Pereira Soares<\/p>\n","protected":false},"excerpt":{"rendered":"<p>DIRE\u00c7\u00c3O DA UNIDADE Diretor:\u00a0Prof. Cristiano Silva da Rosa Vice-Diretora:\u00a0Prof\u00aa. Margarida Buss Raffi Chefe do N\u00facleo Administrativo:\u00a0Assistente em Administra\u00e7\u00e3o Thiago Treichel Rutz &nbsp; COLEGIADO DA GRADUA\u00c7\u00c3O Coordenador do Colegiado da Gradua\u00e7\u00e3o:\u00a0Prof\u00aa. Fabiane Borelli Grecco Coordenadora Adjunta do Colegiado da Gradua\u00e7\u00e3o:\u00a0Prof\u00aa. Eliza &hellip; <a href=\"https:\/\/wp.ufpel.edu.br\/veterinaria\/administracao\/\">Continue lendo <span class=\"meta-nav\">&rarr;<\/span><\/a><\/p>\n","protected":false},"author":381,"featured_media":0,"parent":0,"menu_order":1,"comment_status":"closed","ping_status":"closed","template":"","meta":{"footnotes":""},"class_list":["post-109","page","type-page","status-publish","hentry"],"_links":{"self":[{"href":"https:\/\/wp.ufpel.edu.br\/veterinaria\/wp-json\/wp\/v2\/pages\/109","targetHints":{"allow":["GET"]}}],"collection":[{"href":"https:\/\/wp.ufpel.edu.br\/veterinaria\/wp-json\/wp\/v2\/pages"}],"about":[{"href":"https:\/\/wp.ufpel.edu.br\/veterinaria\/wp-json\/wp\/v2\/types\/page"}],"author":[{"embeddable":true,"href":"https:\/\/wp.ufpel.edu.br\/veterinaria\/wp-json\/wp\/v2\/users\/381"}],"replies":[{"embeddable":true,"href":"https:\/\/wp.ufpel.edu.br\/veterinaria\/wp-json\/wp\/v2\/comments?post=109"}],"version-history":[{"count":3,"href":"https:\/\/wp.ufpel.edu.br\/veterinaria\/wp-json\/wp\/v2\/pages\/109\/revisions"}],"predecessor-version":[{"id":1207,"href":"https:\/\/wp.ufpel.edu.br\/veterinaria\/wp-json\/wp\/v2\/pages\/109\/revisions\/1207"}],"wp:attachment":[{"href":"https:\/\/wp.ufpel.edu.br\/veterinaria\/wp-json\/wp\/v2\/media?parent=109"}],"curies":[{"name":"wp","href":"https:\/\/api.w.org\/{rel}","templated":true}]}}