{"id":104,"date":"2014-05-16T18:08:31","date_gmt":"2014-05-16T21:08:31","guid":{"rendered":"https:\/\/wp.ufpel.edu.br\/veterinaria\/?page_id=104"},"modified":"2014-05-19T13:28:33","modified_gmt":"2014-05-19T16:28:33","slug":"historico","status":"publish","type":"page","link":"https:\/\/wp.ufpel.edu.br\/veterinaria\/historico\/","title":{"rendered":"Hist\u00f3rico"},"content":{"rendered":"<p style=\"text-align: justify\">A Faculdade Veterin\u00e1ria (FV), da Universidade Federal de Pelotas (UFPEL) foi\u00a0fundada em 1883 como Imperial Escola de Medicina Veterin\u00e1ria e de Agricultura\u00a0Pr\u00e1tica. Em 1890 recebeu a denomina\u00e7\u00e3o de Lyceu Rio-Grandense de Agronomia e\u00a0Veterin\u00e1ria e finalmente em 1909 o Liceu passou a chamar-se Escola de Agronomia e\u00a0Veterin\u00e1ria e no de 1926 foi acrescentado o nome de \u201cEliseu Maciel\u201d, permanecendo a\u00a0seguir como Escola de Agronomia e Veterin\u00e1ria Eliseu Maciel. A partir desta, constitui-se\u00a0a Universidade Rural do Sul que em 1967 passou a chamar-se Universidade Federal\u00a0Rural do Rio Grande do Sul. O Decreto 750 de 08\/08\/1969 extingue ent\u00e3o a\u00a0Universidade Federal Rural do Rio Grande do Sul transformando-a em Universidade\u00a0Federal de Pelotas (UFPEL). A Faculdade de Veterin\u00e1ria constituiu-se ent\u00e3o, numa\u00a0Unidade Acad\u00eamica da UFPEL, atrav\u00e9s de uma evolu\u00e7\u00e3o institucional que passa pelo\u00a0Decreto Lei 49.529 de 13\/12\/1960. Entretanto, as suas atividades administrativas\u00a0tiveram in\u00edcio em janeiro de 1969 (60 alunos classificados e tr\u00eas professores\u00a0contratados), enquanto que as atividades acad\u00eamicas foram iniciadas no dia 25 de abril\u00a0de 1969. A Faculdade de Veterin\u00e1ria est\u00e1 sediada no CAMPUS Cap\u00e3o do Le\u00e3o da UFPEL.<\/p>\n","protected":false},"excerpt":{"rendered":"<p>A Faculdade Veterin\u00e1ria (FV), da Universidade Federal de Pelotas (UFPEL) foi\u00a0fundada em 1883 como Imperial Escola de Medicina Veterin\u00e1ria e de Agricultura\u00a0Pr\u00e1tica. Em 1890 recebeu a denomina\u00e7\u00e3o de Lyceu Rio-Grandense de Agronomia e\u00a0Veterin\u00e1ria e finalmente em 1909 o Liceu passou &hellip; <a href=\"https:\/\/wp.ufpel.edu.br\/veterinaria\/historico\/\">Continue lendo <span class=\"meta-nav\">&rarr;<\/span><\/a><\/p>\n","protected":false},"author":381,"featured_media":0,"parent":0,"menu_order":2,"comment_status":"closed","ping_status":"closed","template":"","meta":{"footnotes":""},"class_list":["post-104","page","type-page","status-publish","hentry"],"_links":{"self":[{"href":"https:\/\/wp.ufpel.edu.br\/veterinaria\/wp-json\/wp\/v2\/pages\/104","targetHints":{"allow":["GET"]}}],"collection":[{"href":"https:\/\/wp.ufpel.edu.br\/veterinaria\/wp-json\/wp\/v2\/pages"}],"about":[{"href":"https:\/\/wp.ufpel.edu.br\/veterinaria\/wp-json\/wp\/v2\/types\/page"}],"author":[{"embeddable":true,"href":"https:\/\/wp.ufpel.edu.br\/veterinaria\/wp-json\/wp\/v2\/users\/381"}],"replies":[{"embeddable":true,"href":"https:\/\/wp.ufpel.edu.br\/veterinaria\/wp-json\/wp\/v2\/comments?post=104"}],"version-history":[{"count":3,"href":"https:\/\/wp.ufpel.edu.br\/veterinaria\/wp-json\/wp\/v2\/pages\/104\/revisions"}],"predecessor-version":[{"id":207,"href":"https:\/\/wp.ufpel.edu.br\/veterinaria\/wp-json\/wp\/v2\/pages\/104\/revisions\/207"}],"wp:attachment":[{"href":"https:\/\/wp.ufpel.edu.br\/veterinaria\/wp-json\/wp\/v2\/media?parent=104"}],"curies":[{"name":"wp","href":"https:\/\/api.w.org\/{rel}","templated":true}]}}