{"id":805,"date":"2020-09-19T12:56:16","date_gmt":"2020-09-19T15:56:16","guid":{"rendered":"https:\/\/wp.ufpel.edu.br\/vetcor\/?page_id=805"},"modified":"2021-01-23T15:54:54","modified_gmt":"2021-01-23T18:54:54","slug":"congresso-de-toxicologia","status":"publish","type":"page","link":"https:\/\/wp.ufpel.edu.br\/vetcor\/congresso-de-toxicologia\/","title":{"rendered":"Congresso de Toxicologia"},"content":{"rendered":"<p><img loading=\"lazy\" decoding=\"async\" class=\"alignnone wp-image-814\" src=\"https:\/\/wp.ufpel.edu.br\/vetcor\/files\/2020\/09\/Site-Vetcor-1-400x48.png\" alt=\"\" width=\"1167\" height=\"140\" srcset=\"https:\/\/wp.ufpel.edu.br\/vetcor\/files\/2020\/09\/Site-Vetcor-1-400x48.png 400w, https:\/\/wp.ufpel.edu.br\/vetcor\/files\/2020\/09\/Site-Vetcor-1-1024x124.png 1024w, https:\/\/wp.ufpel.edu.br\/vetcor\/files\/2020\/09\/Site-Vetcor-1-768x93.png 768w, https:\/\/wp.ufpel.edu.br\/vetcor\/files\/2020\/09\/Site-Vetcor-1.png 1342w\" sizes=\"auto, (max-width: 1167px) 100vw, 1167px\" \/><\/p>\n<h1 style=\"text-align: center\"><img loading=\"lazy\" decoding=\"async\" class=\"wp-image-821 alignright\" src=\"https:\/\/wp.ufpel.edu.br\/vetcor\/files\/2020\/10\/WhatsApp-Image-2020-10-22-at-21.47.52-283x400.jpeg\" alt=\"\" width=\"531\" height=\"751\" srcset=\"https:\/\/wp.ufpel.edu.br\/vetcor\/files\/2020\/10\/WhatsApp-Image-2020-10-22-at-21.47.52-283x400.jpeg 283w, https:\/\/wp.ufpel.edu.br\/vetcor\/files\/2020\/10\/WhatsApp-Image-2020-10-22-at-21.47.52-723x1024.jpeg 723w, https:\/\/wp.ufpel.edu.br\/vetcor\/files\/2020\/10\/WhatsApp-Image-2020-10-22-at-21.47.52-768x1087.jpeg 768w, https:\/\/wp.ufpel.edu.br\/vetcor\/files\/2020\/10\/WhatsApp-Image-2020-10-22-at-21.47.52.jpeg 904w\" sizes=\"auto, (max-width: 531px) 100vw, 531px\" \/><\/h1>\n<p style=\"text-align: justify\">O Congresso de Toxicologia Cl\u00ednica Veterin\u00e1ria tem como p\u00fablico alvo acad\u00eamicos de Medicina Veterin\u00e1ria e profissionais da \u00e1rea. Temos como objetivo levar atualiza\u00e7\u00e3o sobre temas como particularidades de felinos; terap\u00eautica para neonatos; intoxica\u00e7\u00f5es por plantas, metab\u00f3licas e ur\u00eamicas; altera\u00e7\u00f5es concomitantes ao sistema cardiocirculat\u00f3rio e oft\u00e1lmico; tratamento de acidentes of\u00eddicos, entre outros. Se trata de um evento online, inteiramente gratuito e com emiss\u00e3o de certificados, organizado pelos grupos Vettox e Vetcor, da Universidade Federal de Pelotas.<\/p>\n<p>&nbsp;<\/p>\n<p style=\"text-align: justify\">Gostar\u00edamos de agradecer a todos que prestigiaram nosso evento, em especial aos palestrantes que se disponibilizaram em falar um pouco para n\u00f3s sobre esses temas t\u00e3o fascinantes que foram tratados.<\/p>\n<p>&nbsp;<\/p>\n<h2 style=\"text-align: center\">Palestras Gravadas<\/h2>\n<p style=\"text-align: justify\">Vale salientar que o conte\u00fado disponibilizado teve o consentimento dos palestrantes, e \u00e9 de exclusividade de reprodu\u00e7\u00e3o do grupo Vettox-UFPel, n\u00e3o podendo ser reproduzido ou divulgado por terceiros. Se trata de um conte\u00fado para m\u00e9dicos veterin\u00e1rios e acad\u00eamicos dos curso, sendo proibido a sua divulga\u00e7\u00e3o para um publico diferente deste, como preconizado para conte\u00fados t\u00e9cnicos pelo CFMV.<\/p>\n<h3><a href=\"https:\/\/youtu.be\/Kd2tcIqUIoo\">Plantas Ornamentais: como identificar e tratar essa intoxica\u00e7\u00e3o<\/a><\/h3>\n<p>Dra. Silvia Franco Andrade<\/p>\n<h3><a href=\"https:\/\/youtu.be\/WyOLK20Y8r4\">Acidentes Of\u00eddicos: como identificamos e tratamos os de maior ocorr\u00eancia no Brasil<\/a><\/h3>\n<p>Dra. Rosa Maria Barilli<\/p>\n<h3><a href=\"https:\/\/youtu.be\/Y5uRh26C0M4\">Medidas Gerais de Tratamentos nas Intoxica\u00e7\u00f5es<\/a><\/h3>\n<p>Dra. Paula Priscila Costa<\/p>\n<h3><a href=\"https:\/\/youtu.be\/PSdoM0piGI8\">Intoxica\u00e7\u00e3o Ur\u00eamica em c\u00e3es e gatos: o que o cl\u00ednico precisa saber<\/a><\/h3>\n<p>Dra. Amanda Vasconcellos<\/p>\n<h3><a href=\"https:\/\/youtu.be\/WAuooupKdt4\">Endotoxemia na Dilata\u00e7\u00e3o Volvo G\u00e1strica<\/a><\/h3>\n<p>Dr. Eduardo Ventura<\/p>\n<p>&nbsp;<\/p>\n","protected":false},"excerpt":{"rendered":"<p>O Congresso de Toxicologia Cl\u00ednica Veterin\u00e1ria tem como p\u00fablico alvo acad\u00eamicos de Medicina Veterin\u00e1ria e profissionais da \u00e1rea. Temos como objetivo levar atualiza\u00e7\u00e3o sobre temas como particularidades de felinos; terap\u00eautica para neonatos; intoxica\u00e7\u00f5es por plantas, metab\u00f3licas e ur\u00eamicas; altera\u00e7\u00f5es concomitantes ao sistema cardiocirculat\u00f3rio e oft\u00e1lmico; tratamento de acidentes of\u00eddicos, entre outros. Se trata de um [&hellip;]<\/p>\n","protected":false},"author":1020,"featured_media":0,"parent":0,"menu_order":0,"comment_status":"closed","ping_status":"closed","template":"","meta":{"footnotes":""},"class_list":["post-805","page","type-page","status-publish","hentry","post"],"_links":{"self":[{"href":"https:\/\/wp.ufpel.edu.br\/vetcor\/wp-json\/wp\/v2\/pages\/805","targetHints":{"allow":["GET"]}}],"collection":[{"href":"https:\/\/wp.ufpel.edu.br\/vetcor\/wp-json\/wp\/v2\/pages"}],"about":[{"href":"https:\/\/wp.ufpel.edu.br\/vetcor\/wp-json\/wp\/v2\/types\/page"}],"author":[{"embeddable":true,"href":"https:\/\/wp.ufpel.edu.br\/vetcor\/wp-json\/wp\/v2\/users\/1020"}],"replies":[{"embeddable":true,"href":"https:\/\/wp.ufpel.edu.br\/vetcor\/wp-json\/wp\/v2\/comments?post=805"}],"version-history":[{"count":10,"href":"https:\/\/wp.ufpel.edu.br\/vetcor\/wp-json\/wp\/v2\/pages\/805\/revisions"}],"predecessor-version":[{"id":832,"href":"https:\/\/wp.ufpel.edu.br\/vetcor\/wp-json\/wp\/v2\/pages\/805\/revisions\/832"}],"wp:attachment":[{"href":"https:\/\/wp.ufpel.edu.br\/vetcor\/wp-json\/wp\/v2\/media?parent=805"}],"curies":[{"name":"wp","href":"https:\/\/api.w.org\/{rel}","templated":true}]}}