{"id":658,"date":"2020-07-23T15:48:44","date_gmt":"2020-07-23T18:48:44","guid":{"rendered":"https:\/\/wp.ufpel.edu.br\/vetcor\/?page_id=658"},"modified":"2021-01-23T15:46:29","modified_gmt":"2021-01-23T18:46:29","slug":"cardiovet-sul","status":"publish","type":"page","link":"https:\/\/wp.ufpel.edu.br\/vetcor\/cardiovet-sul\/","title":{"rendered":"CardioVet Sul"},"content":{"rendered":"<h1 style=\"text-align: center\"><img loading=\"lazy\" decoding=\"async\" class=\"alignnone wp-image-660\" src=\"https:\/\/wp.ufpel.edu.br\/vetcor\/files\/2020\/07\/4-400x55.png\" alt=\"\" width=\"1180\" height=\"163\" srcset=\"https:\/\/wp.ufpel.edu.br\/vetcor\/files\/2020\/07\/4-400x55.png 400w, https:\/\/wp.ufpel.edu.br\/vetcor\/files\/2020\/07\/4-1024x141.png 1024w, https:\/\/wp.ufpel.edu.br\/vetcor\/files\/2020\/07\/4-768x106.png 768w, https:\/\/wp.ufpel.edu.br\/vetcor\/files\/2020\/07\/4.png 1350w\" sizes=\"auto, (max-width: 1180px) 100vw, 1180px\" \/><\/h1>\n<p><img loading=\"lazy\" decoding=\"async\" class=\"wp-image-667 alignright\" src=\"https:\/\/wp.ufpel.edu.br\/vetcor\/files\/2020\/08\/Congresso-de-Cardiologia-Veterin\u00e1ria-da-Regi\u00e3o-Sul-1-283x400.png\" alt=\"\" width=\"343\" height=\"485\" srcset=\"https:\/\/wp.ufpel.edu.br\/vetcor\/files\/2020\/08\/Congresso-de-Cardiologia-Veterin\u00e1ria-da-Regi\u00e3o-Sul-1-283x400.png 283w, https:\/\/wp.ufpel.edu.br\/vetcor\/files\/2020\/08\/Congresso-de-Cardiologia-Veterin\u00e1ria-da-Regi\u00e3o-Sul-1-724x1024.png 724w, https:\/\/wp.ufpel.edu.br\/vetcor\/files\/2020\/08\/Congresso-de-Cardiologia-Veterin\u00e1ria-da-Regi\u00e3o-Sul-1-768x1086.png 768w, https:\/\/wp.ufpel.edu.br\/vetcor\/files\/2020\/08\/Congresso-de-Cardiologia-Veterin\u00e1ria-da-Regi\u00e3o-Sul-1-1086x1536.png 1086w, https:\/\/wp.ufpel.edu.br\/vetcor\/files\/2020\/08\/Congresso-de-Cardiologia-Veterin\u00e1ria-da-Regi\u00e3o-Sul-1-1448x2048.png 1448w, https:\/\/wp.ufpel.edu.br\/vetcor\/files\/2020\/08\/Congresso-de-Cardiologia-Veterin\u00e1ria-da-Regi\u00e3o-Sul-1.png 1587w\" sizes=\"auto, (max-width: 343px) 100vw, 343px\" \/><\/p>\n<p style=\"text-align: justify\">Gostar\u00edamos de agradecer a todos que prestigiaram nosso evento, em especial aos palestrantes que se disponibilizaram em falar um pouco para n\u00f3s sobre esses temas t\u00e3o fascinantes que foram tratados.<\/p>\n<p style=\"text-align: justify\">Os certificados j\u00e1 est\u00e3o sendo confeccionados e no mais tardar em 30 dias ser\u00e3o enviados por e-mail, na lista abaixo est\u00e1 a rela\u00e7\u00e3o de participantes que se inscreveram e atingiram a frequ\u00eancia m\u00ednima exigida:<\/p>\n<h3 style=\"text-align: left\"><a href=\"https:\/\/wp.ufpel.edu.br\/vetcor\/files\/2020\/08\/Lista-de-Certificados.pdf\">Lista de Certificados<\/a><\/h3>\n<p style=\"text-align: justify\">Se voc\u00ea est\u00e1 com mais de 75% de frequ\u00eancia e n\u00e3o est\u00e1 na lista, entre em contato conosco atrav\u00e9s do Facebook ou do Instagram.<\/p>\n<p style=\"text-align: justify\">\n<h2 style=\"text-align: center\">Palestras Gravadas<\/h2>\n<p>Vale salientar que o conte\u00fado disponibilizado teve o consentimento dos palestrantes, e \u00e9 de exclusividade de reprodu\u00e7\u00e3o do grupo Vetcor-UFPel, n\u00e3o podendo ser reproduzido ou divulgado por terceiros. Se trata de um conte\u00fado para m\u00e9dicos veterin\u00e1rios e acad\u00eamicos dos curso, sendo proibido a sua divulga\u00e7\u00e3o para um publico diferente deste, como preconizado para conte\u00fados t\u00e9cnicos pelo CFMV.<\/p>\n<h3><a href=\"https:\/\/youtu.be\/N5PS3O5jAgU\">Shunts Portosist\u00eamicos<\/a><\/h3>\n<p>Dr. Andr\u00e9 Lacerda<\/p>\n<h3><a href=\"https:\/\/youtu.be\/1Zal_IpWhsw\">S\u00edndrome Braquicef\u00e1lica e suas Implica\u00e7\u00f5es Card\u00edacas<\/a><\/h3>\n<p>Dra. Paula Priscila Costa<\/p>\n<h3><a href=\"https:\/\/youtu.be\/0_bz_yGGECw\">Manejo do Pneumot\u00f3rax Traum\u00e1tico<\/a><\/h3>\n<p>Dr. Eduardo Ventura<\/p>\n<h3><a href=\"https:\/\/youtu.be\/zX1crPBWIxs\">S\u00edndrome de Eisenmenger<\/a><\/h3>\n<p>Dra. Paula Priscila Costa<\/p>\n<h3><a href=\"https:\/\/youtu.be\/4UrKSdinZMs\">Hipertens\u00e3o Arterial Sist\u00eamica: quando devo me preocupar?<\/a><\/h3>\n<p>Dra. Maria do Carmo Vailati<\/p>\n<h3><a href=\"https:\/\/youtu.be\/4mz3d4Nr3Tc\">Retinopatia Hipertensiva<\/a><\/h3>\n<p>Dra. Camila Balthazar<\/p>\n<h3><a href=\"https:\/\/youtu.be\/vn92TDe5sAU\">Indicadores Auton\u00f4micos de Severidade das Cardiopatias Caninas. Quais s\u00e3o e como utilizar<\/a><\/h3>\n<p>Dr. Jo\u00e3o Paulo Pascon<\/p>\n<h3><a href=\"https:\/\/youtu.be\/CnejpXibTDU\">Altera\u00e7\u00f5es Card\u00edacas secund\u00e1rias a Endocrinopatias<\/a><\/h3>\n<p>M.V. Daniela Jardim<\/p>\n<h3><a href=\"https:\/\/youtu.be\/fuSZKjUlCoI\">Cuidados na Nutri\u00e7\u00e3o de um Cardiopata<\/a><\/h3>\n<p>MSc. Mayara Corr\u00eaa<\/p>\n<h3><a href=\"https:\/\/youtu.be\/s6x6C2f1Dog\">Por que o Cardiopata pode ter Cistite Bacteriana?<\/a><\/h3>\n<p>Dra. Amanda Vasconcellos<\/p>\n","protected":false},"excerpt":{"rendered":"<p>Gostar\u00edamos de agradecer a todos que prestigiaram nosso evento, em especial aos palestrantes que se disponibilizaram em falar um pouco para n\u00f3s sobre esses temas t\u00e3o fascinantes que foram tratados. Os certificados j\u00e1 est\u00e3o sendo confeccionados e no mais tardar em 30 dias ser\u00e3o enviados por e-mail, na lista abaixo est\u00e1 a rela\u00e7\u00e3o de participantes [&hellip;]<\/p>\n","protected":false},"author":1020,"featured_media":0,"parent":0,"menu_order":0,"comment_status":"closed","ping_status":"closed","template":"","meta":{"footnotes":""},"class_list":["post-658","page","type-page","status-publish","hentry","post"],"_links":{"self":[{"href":"https:\/\/wp.ufpel.edu.br\/vetcor\/wp-json\/wp\/v2\/pages\/658","targetHints":{"allow":["GET"]}}],"collection":[{"href":"https:\/\/wp.ufpel.edu.br\/vetcor\/wp-json\/wp\/v2\/pages"}],"about":[{"href":"https:\/\/wp.ufpel.edu.br\/vetcor\/wp-json\/wp\/v2\/types\/page"}],"author":[{"embeddable":true,"href":"https:\/\/wp.ufpel.edu.br\/vetcor\/wp-json\/wp\/v2\/users\/1020"}],"replies":[{"embeddable":true,"href":"https:\/\/wp.ufpel.edu.br\/vetcor\/wp-json\/wp\/v2\/comments?post=658"}],"version-history":[{"count":9,"href":"https:\/\/wp.ufpel.edu.br\/vetcor\/wp-json\/wp\/v2\/pages\/658\/revisions"}],"predecessor-version":[{"id":830,"href":"https:\/\/wp.ufpel.edu.br\/vetcor\/wp-json\/wp\/v2\/pages\/658\/revisions\/830"}],"wp:attachment":[{"href":"https:\/\/wp.ufpel.edu.br\/vetcor\/wp-json\/wp\/v2\/media?parent=658"}],"curies":[{"name":"wp","href":"https:\/\/api.w.org\/{rel}","templated":true}]}}