{"id":56,"date":"2020-06-12T02:35:40","date_gmt":"2020-06-12T05:35:40","guid":{"rendered":"https:\/\/wp.ufpel.edu.br\/vetcor\/?page_id=56"},"modified":"2020-07-09T18:17:16","modified_gmt":"2020-07-09T21:17:16","slug":"cardiopatias","status":"publish","type":"page","link":"https:\/\/wp.ufpel.edu.br\/vetcor\/cardiopatias\/","title":{"rendered":"Cardiopatias"},"content":{"rendered":"<h2 style=\"text-align: center\"><img loading=\"lazy\" decoding=\"async\" class=\"alignnone wp-image-336\" src=\"https:\/\/wp.ufpel.edu.br\/vetcor\/files\/2020\/06\/71-400x40.png\" alt=\"\" width=\"1113\" height=\"112\" srcset=\"https:\/\/wp.ufpel.edu.br\/vetcor\/files\/2020\/06\/71-400x40.png 400w, https:\/\/wp.ufpel.edu.br\/vetcor\/files\/2020\/06\/71-1024x103.png 1024w, https:\/\/wp.ufpel.edu.br\/vetcor\/files\/2020\/06\/71-768x77.png 768w, https:\/\/wp.ufpel.edu.br\/vetcor\/files\/2020\/06\/71.png 1349w\" sizes=\"auto, (max-width: 1113px) 100vw, 1113px\" \/><\/h2>\n<h2 style=\"text-align: center\"><a href=\"https:\/\/wp.ufpel.edu.br\/vetcor\/2020\/06\/15\/sindrome-de-eisenmenger-em-um-gato\/\" target=\"_top\" rel=\"noopener noreferrer\">S\u00edndrome de Eisenmenger em um gato<\/a><\/h2>\n<h2 style=\"text-align: center\"><a href=\"https:\/\/wp.ufpel.edu.br\/vetcor\/2020\/06\/15\/polipeptideo-de-toxinas-que-interfere-no-fluxo-de-calcio-canais-e-receptores-intra-e-extracelulares\/\" target=\"_top\" rel=\"noopener noreferrer\">Polipept\u00eddeo de toxinas que interfere no fluxo de c\u00e1lcio (canais e receptores intra e extracelulares)<\/a><\/h2>\n<h2 style=\"text-align: center\"><a href=\"https:\/\/wp.ufpel.edu.br\/vetcor\/2020\/06\/15\/non-nitric-oxide-based-metallovasodilators-synthesis-reactivity-and-biological-studies\/\" target=\"_top\" rel=\"noopener noreferrer\">Non-nitric oxide based metallovasodilators: synthesis, reactivity and biological studies<\/a><\/h2>\n<h2 style=\"text-align: center\"><a href=\"https:\/\/wp.ufpel.edu.br\/vetcor\/2020\/06\/15\/hipertensao-arterial-felina-abordagem-clinica\/\" target=\"_top\" rel=\"noopener noreferrer\">Hipertens\u00e3o arterial felina: Abordagem cl\u00ednica<\/a><\/h2>\n<h2 style=\"text-align: center\"><a href=\"https:\/\/wp.ufpel.edu.br\/vetcor\/2020\/06\/15\/a-importancia-da-avaliacao-ecocardiografica-em-caes-com-neoplasia-tratados-com-doxorrubicina-relato-de-caso\/\" target=\"_top\" rel=\"noopener noreferrer\">A import\u00e2ncia da avalia\u00e7\u00e3o ecocardiogr\u00e1fica em c\u00e3es com neoplasia tratados com doxorrubicina: Relato de caso<\/a><\/h2>\n<h2 style=\"text-align: center\"><a href=\"https:\/\/wp.ufpel.edu.br\/vetcor\/2020\/06\/15\/prolapso-valvar-mitral-em-cao-avaliacao-ecodopplercardiografica-relato-de-caso\/\" target=\"_top\" rel=\"noopener noreferrer\">Prolapso valvar mitral em c\u00e3o: Avalia\u00e7\u00e3o ecodopplercardiogr\u00e1fica \u2013 Relato de caso<\/a><\/h2>\n<h2 style=\"text-align: center\"><a href=\"https:\/\/wp.ufpel.edu.br\/vetcor\/2020\/06\/15\/cardiomiopatia-hipertrofica-felina-aspectos-relevantes\/\" target=\"_top\" rel=\"noopener noreferrer\">Cardiomiopatia hipertr\u00f3fica felina: aspectos relevantes<\/a><\/h2>\n<h2 style=\"text-align: center\"><a href=\"https:\/\/wp.ufpel.edu.br\/vetcor\/2020\/06\/15\/um-novo-peptideo-estruturalmente-atipico-potenciador-de-bradicinina-isolado-do-veneno-de-crotalus-durissus-cascavella-cascavel-da-america-do-sul\/\" target=\"_top\" rel=\"noopener noreferrer\">Um novo pept\u00eddeo estruturalmente at\u00edpico potenciador de bradicinina isolado do veneno de Crotalus durissus cascavella (cascavel da Am\u00e9rica do Sul)<\/a><\/h2>\n<h2 style=\"text-align: center\"><a href=\"https:\/\/wp.ufpel.edu.br\/vetcor\/2020\/06\/15\/efeito-natriuretico-do-bufalin-em-rins-de-ratos-isolados-envolve-a-ativacao-da-via-quinase-na-k-atpase-src\/\" target=\"_top\" rel=\"noopener noreferrer\">Efeito natriur\u00e9tico do bufalin em rins de ratos isolados envolve a ativa\u00e7\u00e3o da via quinase Na + -K + -ATPase-Src<\/a><\/h2>\n<h2 style=\"text-align: center\"><a href=\"https:\/\/wp.ufpel.edu.br\/vetcor\/2020\/06\/15\/estimuladores-ativadores-de-guanilato-ciclase-a-base-de-metal\/\" target=\"_top\" rel=\"noopener noreferrer\">Estimuladores\/Ativadores de Guanilato Ciclase \u00e0 Base de Metal<\/a><\/h2>\n<h2 style=\"text-align: center\"><a href=\"https:\/\/wp.ufpel.edu.br\/vetcor\/2020\/06\/15\/efeitos-do-veneno-da-serpente-crotalus-durissus-cascavella-na-pressao-arterial-em-ratos\/\" target=\"_top\" rel=\"noopener noreferrer\">Efeitos do Veneno da Serpente Crotalus durissus cascavella na Press\u00e3o Arterial em Ratos<\/a><\/h2>\n<h2 style=\"text-align: center\"><a href=\"https:\/\/wp.ufpel.edu.br\/vetcor\/2020\/06\/15\/efeitos-hipotensores-do-veneno-de-crotalus-durissus-cascavella-envolvimento-do-no\/\" target=\"_top\" rel=\"noopener noreferrer\">Efeitos hipotensores do veneno de Crotalus Durissus Cascavella: envolvimento do NO<\/a><\/h2>\n<h2 style=\"text-align: center\"><a href=\"https:\/\/wp.ufpel.edu.br\/vetcor\/2020\/06\/15\/potencial-anti-hipertensivo-do-cis-ru-bpy-2-imn-no-3-um-doador-de-oxido-nitrico-a-base-de-rutenio\/\" target=\"_top\" rel=\"noopener noreferrer\">Potencial anti-hipertensivo do\u00a0cis\u00a0\u2013 [Ru (bpy)\u00a02\u00a0(ImN) (NO)]\u00a03+\u00a0, um doador de \u00f3xido n\u00edtrico \u00e0 base de rut\u00eanio<\/a><\/h2>\n<h2 style=\"text-align: center\"><a href=\"https:\/\/wp.ufpel.edu.br\/vetcor\/2020\/06\/15\/o-hipotireoidismo-canino-e-seus-efeitos-sobre-o-sistema-cardiovascular\/\" target=\"_top\" rel=\"noopener noreferrer\">O hipotireoidismo canino e seus efeitos sobre o sistema cardiovascular<\/a><\/h2>\n<h2 style=\"text-align: center\"><a href=\"https:\/\/wp.ufpel.edu.br\/vetcor\/2020\/06\/15\/disautonomia-em-uma-cadela-com-hipotireoidismo\/\" target=\"_top\" rel=\"noopener noreferrer\">Disautonomia em uma Cadela com Hipotireoidismo<\/a><\/h2>\n<h2 style=\"text-align: center\"><a href=\"https:\/\/wp.ufpel.edu.br\/vetcor\/2020\/06\/15\/miocardite-em-um-cao-com-coinfeccao-por-leishmaniose-e-dirofilariose\/\" target=\"_top\" rel=\"noopener noreferrer\">Miocardite em um C\u00e3o com Coinfec\u00e7\u00e3o por Leishmaniose e Dirofilariose<\/a><\/h2>\n<h2 style=\"text-align: center\"><a href=\"https:\/\/wp.ufpel.edu.br\/vetcor\/2020\/06\/15\/hipertrofia-concentrica-secundaria-a-hipertensao-arterial-em-cadela-relato-de-caso\/\" target=\"_top\" rel=\"noopener noreferrer\">Hipertrofia Conc\u00eantrica Secund\u00e1ria \u00e0 Hipertens\u00e3o Arterial em Cadela \u2013 Relato de Caso<\/a><\/h2>\n<h2 style=\"text-align: center\"><a href=\"https:\/\/wp.ufpel.edu.br\/vetcor\/2020\/06\/15\/cor-triatriatum-uma-revisao-de-literatura\/\" target=\"_top\" rel=\"noopener noreferrer\">Cor triatriatum \u2013 Uma Revis\u00e3o de Literatura<\/a><\/h2>\n<h2 style=\"text-align: center\"><a href=\"https:\/\/wp.ufpel.edu.br\/vetcor\/2020\/07\/09\/estudo-sobre-a-cardiomiopatia-arritmogenica-do-ventriculo-direito-em-caes-da-raca-boxer-uma-revisao-de-literatura\/\">Estudo sobre a cardiomiopatia arritmog\u00eanica do ventr\u00edculo direito em c\u00e3es da ra\u00e7a Boxer: Uma revis\u00e3o de literatura<\/a><\/h2>\n","protected":false},"excerpt":{"rendered":"<p>S\u00edndrome de Eisenmenger em um gato Polipept\u00eddeo de toxinas que interfere no fluxo de c\u00e1lcio (canais e receptores intra e extracelulares) Non-nitric oxide based metallovasodilators: synthesis, reactivity and biological studies Hipertens\u00e3o arterial felina: Abordagem cl\u00ednica A import\u00e2ncia da avalia\u00e7\u00e3o ecocardiogr\u00e1fica em c\u00e3es com neoplasia tratados com doxorrubicina: Relato de caso Prolapso valvar mitral em c\u00e3o: [&hellip;]<\/p>\n","protected":false},"author":1020,"featured_media":0,"parent":0,"menu_order":0,"comment_status":"closed","ping_status":"closed","template":"","meta":{"footnotes":""},"class_list":["post-56","page","type-page","status-publish","hentry","post"],"_links":{"self":[{"href":"https:\/\/wp.ufpel.edu.br\/vetcor\/wp-json\/wp\/v2\/pages\/56","targetHints":{"allow":["GET"]}}],"collection":[{"href":"https:\/\/wp.ufpel.edu.br\/vetcor\/wp-json\/wp\/v2\/pages"}],"about":[{"href":"https:\/\/wp.ufpel.edu.br\/vetcor\/wp-json\/wp\/v2\/types\/page"}],"author":[{"embeddable":true,"href":"https:\/\/wp.ufpel.edu.br\/vetcor\/wp-json\/wp\/v2\/users\/1020"}],"replies":[{"embeddable":true,"href":"https:\/\/wp.ufpel.edu.br\/vetcor\/wp-json\/wp\/v2\/comments?post=56"}],"version-history":[{"count":7,"href":"https:\/\/wp.ufpel.edu.br\/vetcor\/wp-json\/wp\/v2\/pages\/56\/revisions"}],"predecessor-version":[{"id":577,"href":"https:\/\/wp.ufpel.edu.br\/vetcor\/wp-json\/wp\/v2\/pages\/56\/revisions\/577"}],"wp:attachment":[{"href":"https:\/\/wp.ufpel.edu.br\/vetcor\/wp-json\/wp\/v2\/media?parent=56"}],"curies":[{"name":"wp","href":"https:\/\/api.w.org\/{rel}","templated":true}]}}