{"id":556,"date":"2020-06-30T23:29:52","date_gmt":"2020-07-01T02:29:52","guid":{"rendered":"https:\/\/wp.ufpel.edu.br\/vetcor\/?page_id=556"},"modified":"2022-05-10T11:09:51","modified_gmt":"2022-05-10T14:09:51","slug":"clinica-geral","status":"publish","type":"page","link":"https:\/\/wp.ufpel.edu.br\/vetcor\/clinica-geral\/","title":{"rendered":"Cl\u00ednica Geral"},"content":{"rendered":"<p><img loading=\"lazy\" decoding=\"async\" class=\" wp-image-558 aligncenter\" src=\"https:\/\/wp.ufpel.edu.br\/vetcor\/files\/2020\/06\/Site-Vetcor-2-400x40.png\" alt=\"\" width=\"1173\" height=\"118\" srcset=\"https:\/\/wp.ufpel.edu.br\/vetcor\/files\/2020\/06\/Site-Vetcor-2-400x40.png 400w, https:\/\/wp.ufpel.edu.br\/vetcor\/files\/2020\/06\/Site-Vetcor-2-1024x102.png 1024w, https:\/\/wp.ufpel.edu.br\/vetcor\/files\/2020\/06\/Site-Vetcor-2-768x77.png 768w, https:\/\/wp.ufpel.edu.br\/vetcor\/files\/2020\/06\/Site-Vetcor-2.png 1349w\" sizes=\"auto, (max-width: 1173px) 100vw, 1173px\" \/><\/p>\n<h2 style=\"text-align: center;\"><a href=\"https:\/\/wp.ufpel.edu.br\/vetcor\/2022\/05\/10\/histiocitoma-em-caninos-e-felinos-revisao\/\">Histiocitoma em caninos e felinos: Revis\u00e3o<\/a><\/h2>\n<h2 style=\"text-align: center;\"><a href=\"https:\/\/wp.ufpel.edu.br\/vetcor\/2022\/03\/07\/ceratose-liquenoide-em-caes-caracteristicas-e-diagnostico-de-uma-enfermidade-raramente-relatada-na-medicina-veterinaria\/\">Ceratose liquen\u00f3ide em c\u00e3es: caracter\u00edsticas e diagn\u00f3stico de uma enfermidade raramente relatada na medicina veterin\u00e1ria<\/a><\/h2>\n<h2 style=\"text-align: center;\"><a href=\"https:\/\/wp.ufpel.edu.br\/vetcor\/2021\/12\/11\/gastropatia-hipertrofica-pilorica-cronica-revisao\/\">Gastropatia hipertr\u00f3fica pil\u00f3rica cr\u00f4nica: Revis\u00e3o<\/a><\/h2>\n<h2 style=\"text-align: center;\"><a href=\"https:\/\/wp.ufpel.edu.br\/vetcor\/2021\/12\/11\/fibropapilomatose-em-tartarugas-marinhas-revisao\/\">Fibropapilomatose em tartarugas marinhas: Revis\u00e3o<\/a><\/h2>\n<h2 style=\"text-align: center;\"><a href=\"https:\/\/wp.ufpel.edu.br\/vetcor\/2021\/02\/02\/minimum-dose-of-levothyroxine-restored-the-autonomic-balance-on-a-dalmatian-female-dog-with-primary-hypothyroidism\/\">Minimum Dose of Levothyroxine Restored the Autonomic Balance\u00a0on a Dalmatian Female Dog with Primary Hypothyroidism<\/a><\/h2>\n<h2 style=\"text-align: center;\"><a href=\"https:\/\/wp.ufpel.edu.br\/vetcor\/2021\/02\/02\/indicadores-de-lesao-cardiaca-associada-a-leishmaniose\/\">Indicadores de les\u00e3o card\u00edaca associada a leishmaniose<\/a><\/h2>\n<h2 style=\"text-align: center;\"><a href=\"https:\/\/wp.ufpel.edu.br\/vetcor\/2020\/07\/15\/deformidade-maxilomandibular-em-canino-com-osteodistrofia-fibrosa-secundaria-a-doenca-renal-cronica\/\">Deformidade Maxilomandibular em Canino com Osteodistrofia Fibrosa Secund\u00e1ria \u00e0 Doen\u00e7a Renal Cr\u00f4nica<\/a><\/h2>\n<h2 style=\"text-align: center;\"><a href=\"https:\/\/wp.ufpel.edu.br\/vetcor\/2020\/07\/15\/peritonite-infecciosa-felina-relato-de-caso\/\">Peritonite infecciosa felina &#8211; Relato de caso<\/a><\/h2>\n<h2 style=\"text-align: center;\"><a href=\"https:\/\/wp.ufpel.edu.br\/vetcor\/2020\/07\/15\/adenocarcinoma-de-celulas-hepatoides-canino-em-regiao-perianal-relato-de-caso\/\">Adenocarcinoma de c\u00e9lulas hepatoides canino em regi\u00e3o perianal- Relato de Caso<\/a><\/h2>\n<h2 style=\"text-align: center;\"><a href=\"https:\/\/wp.ufpel.edu.br\/vetcor\/2020\/07\/15\/mucocele-faringea-em-caes-revisao-de-literatura\/\">Mucocele far\u00edngea em c\u00e3es \u2013 Revis\u00e3o de literatura<\/a><\/h2>\n<h2 style=\"text-align: center;\"><a href=\"https:\/\/wp.ufpel.edu.br\/vetcor\/2020\/07\/15\/aspectos-e-estagios-da-catarata-em-caes-revisao-de-literatura\/\">Aspectos e est\u00e1gios da catarata em c\u00e3es \u2013 Revis\u00e3o de literatura<\/a><\/h2>\n<h2 style=\"text-align: center;\"><a href=\"https:\/\/wp.ufpel.edu.br\/vetcor\/2020\/07\/15\/osteogenese-imperfeita-em-caes-jovens-da-raca-pinscher\/\">Osteog\u00eanese Imperfeita em C\u00e3es Jovens da Ra\u00e7a Pinscher<\/a><\/h2>\n<h2 style=\"text-align: center;\"><a href=\"https:\/\/wp.ufpel.edu.br\/vetcor\/2020\/07\/15\/displasia-renal-em-caes-revisao-de-literatura\/\">Displasia renal em c\u00e3es. Revis\u00e3o de Literatura<\/a><\/h2>\n<h2 style=\"text-align: center;\"><a href=\"https:\/\/wp.ufpel.edu.br\/vetcor\/2020\/07\/15\/hermafroditismo-verdadeiro-na-especie-canina\/\">Hermafroditismo verdadeiro na esp\u00e9cie canina<\/a><\/h2>\n<h2 style=\"text-align: center;\"><a href=\"https:\/\/wp.ufpel.edu.br\/vetcor\/2020\/07\/15\/mieloma-multiplo-em-uma-cadela-de-10-anos\/\">Mieloma m\u00faltiplo em uma cadela de 10 anos<\/a><\/h2>\n<h2 style=\"text-align: center;\"><a href=\"https:\/\/wp.ufpel.edu.br\/vetcor\/2020\/07\/15\/porfiria-em-pequenos-animais\/\">Porfiria em Pequenos Animais<\/a><\/h2>\n<h2 style=\"text-align: center;\"><a href=\"https:\/\/wp.ufpel.edu.br\/vetcor\/2020\/07\/15\/feocromocitoma-em-pequenos-animais\/\">Feocromocitoma em Pequenos Animais<\/a><\/h2>\n<h2 style=\"text-align: center;\"><a href=\"https:\/\/wp.ufpel.edu.br\/vetcor\/2020\/07\/15\/causas-dieteticas-de-urolitiase-em-caes\/\">Causas diet\u00e9ticas de urolit\u00edase em c\u00e3es<\/a><\/h2>\n<h2 style=\"text-align: center;\"><a href=\"https:\/\/wp.ufpel.edu.br\/vetcor\/2020\/07\/15\/hiperinsulinismo-associado-a-neoplasia-de-celulas-beta-do-pancreas\/\">Hiperinsulinismo Associado \u00e0 Neoplasia de C\u00e9lulas Beta do P\u00e2ncreas<\/a><\/h2>\n<h2 style=\"text-align: center;\"><a href=\"https:\/\/wp.ufpel.edu.br\/vetcor\/2020\/07\/15\/dermatofitose-em-gato-relato-de-caso\/\">Dermatofitose em gato: Relato de caso<\/a><\/h2>\n<h2 style=\"text-align: center;\"><a href=\"https:\/\/wp.ufpel.edu.br\/vetcor\/2020\/07\/15\/ceratoconjuntivite-seca-associada-a-degeneracao-de-retina-e-esclerose-nuclear-em-cadela-relato-de-caso\/\">Ceratoconjuntivite seca associada a degenera\u00e7\u00e3o de retina e esclerose nuclear em cadela. Relato de Caso<\/a><\/h2>\n<h2 style=\"text-align: center;\"><a href=\"https:\/\/wp.ufpel.edu.br\/vetcor\/2020\/07\/15\/hemometra-piometra-em-cadela-tratamento-clinico-cirurgico-relato-de-caso\/\">Hemometra\/Piometra em cadela : Tratamento cl\u00ednico-cir\u00fargico. Relato de Caso<\/a><\/h2>\n<h2 style=\"text-align: center;\"><a href=\"https:\/\/wp.ufpel.edu.br\/vetcor\/2020\/07\/15\/obito-de-cadela-imunossuprimida-por-cinomose-nervosa-relato-de-caso\/\">\u00d3bito de cadela imunossuprimida por cinomose nervosa: Relato de caso<\/a><\/h2>\n<h2 style=\"text-align: center;\"><a href=\"https:\/\/wp.ufpel.edu.br\/vetcor\/2020\/07\/15\/infeccao-pos-cirurgica-em-felino-relato-de-caso\/\">Infec\u00e7\u00e3o p\u00f3s-cir\u00fargica em felino &#8211; Relato de caso<\/a><\/h2>\n<h2 style=\"text-align: center;\"><a href=\"https:\/\/wp.ufpel.edu.br\/vetcor\/2020\/07\/15\/catarata-diabetogenica-em-cao-jovem-relato-de-caso\/\">Catarata diabetog\u00eanica em c\u00e3o jovem \u2013 Relato de Caso<\/a><\/h2>\n<h2 style=\"text-align: center;\"><a href=\"https:\/\/wp.ufpel.edu.br\/vetcor\/2020\/07\/15\/transtorno-obsessivo-compulsivo-em-caes-e-gatos\/\">Transtorno Obsessivo Compulsivo em c\u00e3es e gatos<\/a><\/h2>\n<h2 style=\"text-align: center;\"><a href=\"https:\/\/wp.ufpel.edu.br\/vetcor\/2020\/07\/15\/meningoencefalite-necrosante\/\">Meningoencefalite Necrosante<\/a><\/h2>\n<h2 style=\"text-align: center;\"><a href=\"https:\/\/wp.ufpel.edu.br\/vetcor\/2020\/07\/15\/hiperaldosteronismo-em-felinos\/\">Hiperaldosteronismo em Felinos<\/a><\/h2>\n<h2 style=\"text-align: center;\"><a href=\"https:\/\/wp.ufpel.edu.br\/vetcor\/2020\/07\/15\/hipoadrenocorticismo-em-caes\/\">Hipoadrenocorticismo em C\u00e3es<\/a><\/h2>\n<h2 style=\"text-align: center;\"><a href=\"https:\/\/wp.ufpel.edu.br\/vetcor\/2020\/08\/18\/sindrome-glaucomatosa-em-chihuahua-da-hipertensao-ocular-ao-glaucoma\/\">S\u00edndrome glaucomatosa em Chihuahua: da hipertens\u00e3o ocular ao glaucoma<\/a><\/h2>\n","protected":false},"excerpt":{"rendered":"<p>Histiocitoma em caninos e felinos: Revis\u00e3o Ceratose liquen\u00f3ide em c\u00e3es: caracter\u00edsticas e diagn\u00f3stico de uma enfermidade raramente relatada na medicina veterin\u00e1ria Gastropatia hipertr\u00f3fica pil\u00f3rica cr\u00f4nica: Revis\u00e3o Fibropapilomatose em tartarugas marinhas: Revis\u00e3o Minimum Dose of Levothyroxine Restored the Autonomic Balance\u00a0on a Dalmatian Female Dog with Primary Hypothyroidism Indicadores de les\u00e3o card\u00edaca associada a leishmaniose Deformidade Maxilomandibular [&hellip;]<\/p>\n","protected":false},"author":1020,"featured_media":0,"parent":0,"menu_order":0,"comment_status":"closed","ping_status":"closed","template":"","meta":{"footnotes":""},"class_list":["post-556","page","type-page","status-publish","hentry","post"],"_links":{"self":[{"href":"https:\/\/wp.ufpel.edu.br\/vetcor\/wp-json\/wp\/v2\/pages\/556","targetHints":{"allow":["GET"]}}],"collection":[{"href":"https:\/\/wp.ufpel.edu.br\/vetcor\/wp-json\/wp\/v2\/pages"}],"about":[{"href":"https:\/\/wp.ufpel.edu.br\/vetcor\/wp-json\/wp\/v2\/types\/page"}],"author":[{"embeddable":true,"href":"https:\/\/wp.ufpel.edu.br\/vetcor\/wp-json\/wp\/v2\/users\/1020"}],"replies":[{"embeddable":true,"href":"https:\/\/wp.ufpel.edu.br\/vetcor\/wp-json\/wp\/v2\/comments?post=556"}],"version-history":[{"count":12,"href":"https:\/\/wp.ufpel.edu.br\/vetcor\/wp-json\/wp\/v2\/pages\/556\/revisions"}],"predecessor-version":[{"id":898,"href":"https:\/\/wp.ufpel.edu.br\/vetcor\/wp-json\/wp\/v2\/pages\/556\/revisions\/898"}],"wp:attachment":[{"href":"https:\/\/wp.ufpel.edu.br\/vetcor\/wp-json\/wp\/v2\/media?parent=556"}],"curies":[{"name":"wp","href":"https:\/\/api.w.org\/{rel}","templated":true}]}}