{"id":53,"date":"2020-06-12T02:35:20","date_gmt":"2020-06-12T05:35:20","guid":{"rendered":"https:\/\/wp.ufpel.edu.br\/vetcor\/?page_id=53"},"modified":"2021-02-02T16:25:23","modified_gmt":"2021-02-02T19:25:23","slug":"toxicologia","status":"publish","type":"page","link":"https:\/\/wp.ufpel.edu.br\/vetcor\/toxicologia\/","title":{"rendered":"Toxicologia Cl\u00ednica"},"content":{"rendered":"<p style=\"text-align: center\"><img loading=\"lazy\" decoding=\"async\" class=\"alignnone wp-image-334\" src=\"https:\/\/wp.ufpel.edu.br\/vetcor\/files\/2020\/06\/51-400x40.png\" alt=\"\" width=\"1173\" height=\"118\" srcset=\"https:\/\/wp.ufpel.edu.br\/vetcor\/files\/2020\/06\/51-400x40.png 400w, https:\/\/wp.ufpel.edu.br\/vetcor\/files\/2020\/06\/51-1024x102.png 1024w, https:\/\/wp.ufpel.edu.br\/vetcor\/files\/2020\/06\/51-768x77.png 768w, https:\/\/wp.ufpel.edu.br\/vetcor\/files\/2020\/06\/51.png 1349w\" sizes=\"auto, (max-width: 1173px) 100vw, 1173px\" \/><\/p>\n<h2 style=\"text-align: center\"><a href=\"https:\/\/youtu.be\/JapOxh3RccU\">Cardiotoxicidade do Chocolate para C\u00e3es<\/a><\/h2>\n<h2 style=\"text-align: center\"><a href=\"https:\/\/youtu.be\/3F-qE0EyePE\">O Estudo da Toxicologia<\/a><\/h2>\n<h2 style=\"text-align: center\"><a href=\"https:\/\/youtu.be\/C3RHjhhh0jc\">Emerg\u00eancia Toxicol\u00f3gica<\/a><\/h2>\n<h2 style=\"text-align: center\"><a href=\"https:\/\/youtu.be\/eQ53oJbY1Bc\">Controle de Temperatura<\/a><\/h2>\n<h2 style=\"text-align: center\"><a href=\"https:\/\/youtu.be\/UWOpbCC3Hdo\">T\u00f3xicos n\u00e3o absorvidos<\/a><\/h2>\n<h2 style=\"text-align: center\"><a href=\"https:\/\/youtu.be\/oPckZ_gsEuE\">Lavagem G\u00e1strica<\/a><\/h2>\n<h2 style=\"text-align: center\"><a href=\"https:\/\/youtu.be\/ekSFec_-d_Y\">Adsorventes e Cat\u00e1rticos<\/a><\/h2>\n<h2 style=\"text-align: center\"><a href=\"https:\/\/youtu.be\/ty0gv0jgrSU\">Intoxica\u00e7\u00e3o Alimentar<\/a><\/h2>\n<h2 style=\"text-align: center\"><a href=\"https:\/\/youtu.be\/K6cdsdmweOA\">Serpentes<\/a><\/h2>\n<h2 style=\"text-align: center\"><a href=\"https:\/\/youtu.be\/pWYCGftPIGk\">Gato de Pallas<\/a><\/h2>\n<h2 style=\"text-align: center\"><a href=\"https:\/\/youtu.be\/9P3p4xorGKs\">Cores de Matar<\/a><\/h2>\n<h2 style=\"text-align: center\"><a href=\"https:\/\/youtu.be\/LJOewTLqHnM\">Merc\u00fario em peixes<\/a><\/h2>\n<h2 style=\"text-align: center\"><a href=\"https:\/\/youtu.be\/qRA9ppXGE4o\">O Mundo menos doce<\/a><\/h2>\n","protected":false},"excerpt":{"rendered":"<p>Cardiotoxicidade do Chocolate para C\u00e3es O Estudo da Toxicologia Emerg\u00eancia Toxicol\u00f3gica Controle de Temperatura T\u00f3xicos n\u00e3o absorvidos Lavagem G\u00e1strica Adsorventes e Cat\u00e1rticos Intoxica\u00e7\u00e3o Alimentar Serpentes Gato de Pallas Cores de Matar Merc\u00fario em peixes O Mundo menos doce<\/p>\n","protected":false},"author":1020,"featured_media":0,"parent":0,"menu_order":0,"comment_status":"closed","ping_status":"closed","template":"","meta":{"footnotes":""},"class_list":["post-53","page","type-page","status-publish","hentry","post"],"_links":{"self":[{"href":"https:\/\/wp.ufpel.edu.br\/vetcor\/wp-json\/wp\/v2\/pages\/53","targetHints":{"allow":["GET"]}}],"collection":[{"href":"https:\/\/wp.ufpel.edu.br\/vetcor\/wp-json\/wp\/v2\/pages"}],"about":[{"href":"https:\/\/wp.ufpel.edu.br\/vetcor\/wp-json\/wp\/v2\/types\/page"}],"author":[{"embeddable":true,"href":"https:\/\/wp.ufpel.edu.br\/vetcor\/wp-json\/wp\/v2\/users\/1020"}],"replies":[{"embeddable":true,"href":"https:\/\/wp.ufpel.edu.br\/vetcor\/wp-json\/wp\/v2\/comments?post=53"}],"version-history":[{"count":10,"href":"https:\/\/wp.ufpel.edu.br\/vetcor\/wp-json\/wp\/v2\/pages\/53\/revisions"}],"predecessor-version":[{"id":852,"href":"https:\/\/wp.ufpel.edu.br\/vetcor\/wp-json\/wp\/v2\/pages\/53\/revisions\/852"}],"wp:attachment":[{"href":"https:\/\/wp.ufpel.edu.br\/vetcor\/wp-json\/wp\/v2\/media?parent=53"}],"curies":[{"name":"wp","href":"https:\/\/api.w.org\/{rel}","templated":true}]}}