{"id":50,"date":"2020-06-12T02:34:40","date_gmt":"2020-06-12T05:34:40","guid":{"rendered":"https:\/\/wp.ufpel.edu.br\/vetcor\/?page_id=50"},"modified":"2021-02-02T16:31:57","modified_gmt":"2021-02-02T19:31:57","slug":"cardiologia","status":"publish","type":"page","link":"https:\/\/wp.ufpel.edu.br\/vetcor\/cardiologia\/","title":{"rendered":"Cardiologia Veterin\u00e1ria"},"content":{"rendered":"<h2 style=\"text-align: center\"><img loading=\"lazy\" decoding=\"async\" class=\"alignnone wp-image-331\" src=\"https:\/\/wp.ufpel.edu.br\/vetcor\/files\/2020\/06\/62-400x40.png\" alt=\"\" width=\"1173\" height=\"118\" srcset=\"https:\/\/wp.ufpel.edu.br\/vetcor\/files\/2020\/06\/62-400x40.png 400w, https:\/\/wp.ufpel.edu.br\/vetcor\/files\/2020\/06\/62-1024x102.png 1024w, https:\/\/wp.ufpel.edu.br\/vetcor\/files\/2020\/06\/62-768x77.png 768w, https:\/\/wp.ufpel.edu.br\/vetcor\/files\/2020\/06\/62.png 1349w\" sizes=\"auto, (max-width: 1173px) 100vw, 1173px\" \/><\/h2>\n<h2 style=\"text-align: center\"><a href=\"https:\/\/youtu.be\/Q_4D9sjN5LQ\">Morfofisiologia do Sistema Cardiocirculat\u00f3rio<\/a><\/h2>\n<h2 style=\"text-align: center\"><a href=\"https:\/\/youtu.be\/sOVdhRTnvrM\">Fisiologia do Endot\u00e9lio<\/a><\/h2>\n<h2 style=\"text-align: center\"><a href=\"https:\/\/youtu.be\/ZByYcUnpjw4\">Exame Cl\u00ednico Card\u00edaco<\/a><\/h2>\n<h2 style=\"text-align: center\"><a href=\"https:\/\/youtu.be\/vKOlAoP4UBw\">Exames Complementares na Cardiologia<\/a><\/h2>\n<h2 style=\"text-align: center\"><a href=\"https:\/\/youtu.be\/bgGAgTj4nFk\">Endocardiose<\/a><\/h2>\n<h2 style=\"text-align: center\"><a href=\"https:\/\/youtu.be\/i-NtxjvYWXk\">Hipertens\u00e3o Arterial Sist\u00eamica<\/a><\/h2>\n<h2 style=\"text-align: center\"><a href=\"https:\/\/youtu.be\/OYwdXWuBYVA\">Endocardiose de V\u00e1lvula Tric\u00faspide<\/a><\/h2>\n<div dir=\"auto\" style=\"text-align: center\">\n<h2><a href=\"https:\/\/youtu.be\/fYeE96yDxkI\">S\u00edndrome Braquicef\u00e1lica<\/a><\/h2>\n<h2><a href=\"https:\/\/youtu.be\/-iJ3r5vqgcw\">Hipertens\u00e3o Pulmonar<\/a><\/h2>\n<h2><a href=\"https:\/\/youtu.be\/cxPleUjvLME\">Hiperadrenocorticismo e suas consequ\u00eancias card\u00edacas<\/a><\/h2>\n<h2><a href=\"https:\/\/youtu.be\/lkVEFZfvL2g\">Hipertireoidismo e suas consequ\u00eancias card\u00edacas<\/a><\/h2>\n<h2><a href=\"https:\/\/youtu.be\/jB58cvCKBic\">Diabetes Mellitus e suas consequ\u00eancias cardiovasculares<\/a><\/h2>\n<h2><a href=\"https:\/\/youtu.be\/ju2DvnNP3Xw\">Feocromocitoma e suas consequ\u00eancias cardiovasculares<\/a><\/h2>\n<h2><a href=\"https:\/\/youtu.be\/K_ZorCkrKBI\">Hipoadrenocorticismo e seus efeitos cardiovasculares<\/a><\/h2>\n<h2><a href=\"https:\/\/youtu.be\/LHRNeZ664hA\">Hipotireoidismo e seus efeitos cardiovasculares<\/a><\/h2>\n<h2><a href=\"https:\/\/youtu.be\/YFVdsutPKY4\">Subst\u00e2ncias cardiot\u00f3xicas alimentares<\/a><\/h2>\n<h2><a href=\"https:\/\/youtu.be\/YQWXlhUgdvc\">Plantas cardiot\u00f3xicas: Parte I<\/a><\/h2>\n<h2><a href=\"https:\/\/youtu.be\/qbTZHnv_DIQ\">Plantas t\u00f3xicas: Parte II<\/a><\/h2>\n<h2><a href=\"https:\/\/youtu.be\/U7pvM6AAI08\">Plantas t\u00f3xicas: Parte III<\/a><\/h2>\n<h2><a href=\"https:\/\/youtu.be\/9ZGxnTtnvs0\">Sapos cardiotoxicos<\/a><\/h2>\n<h2><a href=\"https:\/\/youtu.be\/-12f1wA_YaY\">Miocardite<\/a><\/h2>\n<h2><a href=\"https:\/\/youtu.be\/G_hdRsDAwH4\">Pancreatite e cardiopatias<\/a><\/h2>\n<h2><a href=\"https:\/\/youtu.be\/qiK1SqfiX7k\">Sistema cardiovascular de equinos<\/a><\/h2>\n<h2><a href=\"https:\/\/youtu.be\/FxnlZXn0j6s\">Cardiopatias em idosos<\/a><\/h2>\n<h2><a href=\"https:\/\/youtu.be\/RsUnwRmNXNc\">F\u00e1rmacos cardiol\u00f3gicos<\/a><\/h2>\n<h2><a href=\"https:\/\/youtu.be\/-cU--UdMx60\">Disfun\u00e7\u00e3o endotelial<\/a><\/h2>\n<h2><a href=\"https:\/\/youtu.be\/oPoyVYjviuw\">Afec\u00e7\u00f5es Cong\u00eanitas<\/a><\/h2>\n<\/div>\n","protected":false},"excerpt":{"rendered":"<p>Morfofisiologia do Sistema Cardiocirculat\u00f3rio Fisiologia do Endot\u00e9lio Exame Cl\u00ednico Card\u00edaco Exames Complementares na Cardiologia Endocardiose Hipertens\u00e3o Arterial Sist\u00eamica Endocardiose de V\u00e1lvula Tric\u00faspide S\u00edndrome Braquicef\u00e1lica Hipertens\u00e3o Pulmonar Hiperadrenocorticismo e suas consequ\u00eancias card\u00edacas Hipertireoidismo e suas consequ\u00eancias card\u00edacas Diabetes Mellitus e suas consequ\u00eancias cardiovasculares Feocromocitoma e suas consequ\u00eancias cardiovasculares Hipoadrenocorticismo e seus efeitos cardiovasculares Hipotireoidismo e seus [&hellip;]<\/p>\n","protected":false},"author":1020,"featured_media":0,"parent":0,"menu_order":0,"comment_status":"closed","ping_status":"closed","template":"","meta":{"footnotes":""},"class_list":["post-50","page","type-page","status-publish","hentry","post"],"_links":{"self":[{"href":"https:\/\/wp.ufpel.edu.br\/vetcor\/wp-json\/wp\/v2\/pages\/50","targetHints":{"allow":["GET"]}}],"collection":[{"href":"https:\/\/wp.ufpel.edu.br\/vetcor\/wp-json\/wp\/v2\/pages"}],"about":[{"href":"https:\/\/wp.ufpel.edu.br\/vetcor\/wp-json\/wp\/v2\/types\/page"}],"author":[{"embeddable":true,"href":"https:\/\/wp.ufpel.edu.br\/vetcor\/wp-json\/wp\/v2\/users\/1020"}],"replies":[{"embeddable":true,"href":"https:\/\/wp.ufpel.edu.br\/vetcor\/wp-json\/wp\/v2\/comments?post=50"}],"version-history":[{"count":12,"href":"https:\/\/wp.ufpel.edu.br\/vetcor\/wp-json\/wp\/v2\/pages\/50\/revisions"}],"predecessor-version":[{"id":855,"href":"https:\/\/wp.ufpel.edu.br\/vetcor\/wp-json\/wp\/v2\/pages\/50\/revisions\/855"}],"wp:attachment":[{"href":"https:\/\/wp.ufpel.edu.br\/vetcor\/wp-json\/wp\/v2\/media?parent=50"}],"curies":[{"name":"wp","href":"https:\/\/api.w.org\/{rel}","templated":true}]}}