{"id":17,"date":"2020-06-12T02:09:24","date_gmt":"2020-06-12T05:09:24","guid":{"rendered":"https:\/\/wp.ufpel.edu.br\/vetcor\/?page_id=17"},"modified":"2020-06-15T14:19:10","modified_gmt":"2020-06-15T17:19:10","slug":"vettox","status":"publish","type":"page","link":"https:\/\/wp.ufpel.edu.br\/vetcor\/vettox\/","title":{"rendered":"Vettox"},"content":{"rendered":"<p><img loading=\"lazy\" decoding=\"async\" class=\"alignnone wp-image-84 aligncenter\" src=\"https:\/\/wp.ufpel.edu.br\/vetcor\/files\/2020\/06\/vettox-400x400.png\" alt=\"\" width=\"250\" height=\"250\" srcset=\"https:\/\/wp.ufpel.edu.br\/vetcor\/files\/2020\/06\/vettox-400x400.png 400w, https:\/\/wp.ufpel.edu.br\/vetcor\/files\/2020\/06\/vettox-1024x1024.png 1024w, https:\/\/wp.ufpel.edu.br\/vetcor\/files\/2020\/06\/vettox-200x200.png 200w, https:\/\/wp.ufpel.edu.br\/vetcor\/files\/2020\/06\/vettox-768x768.png 768w, https:\/\/wp.ufpel.edu.br\/vetcor\/files\/2020\/06\/vettox-300x300.png 300w, https:\/\/wp.ufpel.edu.br\/vetcor\/files\/2020\/06\/vettox.png 1064w\" sizes=\"auto, (max-width: 250px) 100vw, 250px\" \/><\/p>\n<p style=\"text-align: justify\">O Vettox \u00e9 uma iniciativa para expandir o estudo da toxicologia na comunidade veterin\u00e1ria (professores, m\u00e9dicos veterin\u00e1ios e alunos), bem como mostrar sua import\u00e2ncia para os tutores de animais. Atrav\u00e9s desse primeiro passo, a rela\u00e7\u00e3o da toxicologia com os animais e os seres humanos mostrar-se-\u00e1 estreita. Pois, tudo o que nos rodeia, desde plantas, medicamentos, at\u00e9 o ar que respiramos, pode ter um potencial t\u00f3xico. Portanto, \u00e9 muito importante que saibamos como prevenir intoxica\u00e7\u00f5es e, em rela\u00e7\u00e3o a comunidade veterin\u00e1ria, saber, tamb\u00e9m, como diagnosticar e tratar!<\/p>\n","protected":false},"excerpt":{"rendered":"<p>O Vettox \u00e9 uma iniciativa para expandir o estudo da toxicologia na comunidade veterin\u00e1ria (professores, m\u00e9dicos veterin\u00e1ios e alunos), bem como mostrar sua import\u00e2ncia para os tutores de animais. Atrav\u00e9s desse primeiro passo, a rela\u00e7\u00e3o da toxicologia com os animais e os seres humanos mostrar-se-\u00e1 estreita. Pois, tudo o que nos rodeia, desde plantas, medicamentos, [&hellip;]<\/p>\n","protected":false},"author":1020,"featured_media":0,"parent":0,"menu_order":0,"comment_status":"closed","ping_status":"closed","template":"","meta":{"footnotes":""},"class_list":["post-17","page","type-page","status-publish","hentry","post"],"_links":{"self":[{"href":"https:\/\/wp.ufpel.edu.br\/vetcor\/wp-json\/wp\/v2\/pages\/17","targetHints":{"allow":["GET"]}}],"collection":[{"href":"https:\/\/wp.ufpel.edu.br\/vetcor\/wp-json\/wp\/v2\/pages"}],"about":[{"href":"https:\/\/wp.ufpel.edu.br\/vetcor\/wp-json\/wp\/v2\/types\/page"}],"author":[{"embeddable":true,"href":"https:\/\/wp.ufpel.edu.br\/vetcor\/wp-json\/wp\/v2\/users\/1020"}],"replies":[{"embeddable":true,"href":"https:\/\/wp.ufpel.edu.br\/vetcor\/wp-json\/wp\/v2\/comments?post=17"}],"version-history":[{"count":8,"href":"https:\/\/wp.ufpel.edu.br\/vetcor\/wp-json\/wp\/v2\/pages\/17\/revisions"}],"predecessor-version":[{"id":136,"href":"https:\/\/wp.ufpel.edu.br\/vetcor\/wp-json\/wp\/v2\/pages\/17\/revisions\/136"}],"wp:attachment":[{"href":"https:\/\/wp.ufpel.edu.br\/vetcor\/wp-json\/wp\/v2\/media?parent=17"}],"curies":[{"name":"wp","href":"https:\/\/api.w.org\/{rel}","templated":true}]}}