{"id":15,"date":"2020-06-12T02:11:26","date_gmt":"2020-06-12T05:11:26","guid":{"rendered":"https:\/\/wp.ufpel.edu.br\/vetcor\/?page_id=15"},"modified":"2021-02-02T15:20:16","modified_gmt":"2021-02-02T18:20:16","slug":"vetcor","status":"publish","type":"page","link":"https:\/\/wp.ufpel.edu.br\/vetcor\/vetcor\/","title":{"rendered":"Vetcor"},"content":{"rendered":"<p><img loading=\"lazy\" decoding=\"async\" class=\"alignnone wp-image-83 aligncenter\" src=\"https:\/\/wp.ufpel.edu.br\/vetcor\/files\/2020\/06\/vetcor-400x400.png\" alt=\"\" width=\"250\" height=\"250\" srcset=\"https:\/\/wp.ufpel.edu.br\/vetcor\/files\/2020\/06\/vetcor-400x400.png 400w, https:\/\/wp.ufpel.edu.br\/vetcor\/files\/2020\/06\/vetcor-1024x1024.png 1024w, https:\/\/wp.ufpel.edu.br\/vetcor\/files\/2020\/06\/vetcor-200x200.png 200w, https:\/\/wp.ufpel.edu.br\/vetcor\/files\/2020\/06\/vetcor-768x768.png 768w, https:\/\/wp.ufpel.edu.br\/vetcor\/files\/2020\/06\/vetcor-1536x1536.png 1536w, https:\/\/wp.ufpel.edu.br\/vetcor\/files\/2020\/06\/vetcor-2048x2048.png 2048w, https:\/\/wp.ufpel.edu.br\/vetcor\/files\/2020\/06\/vetcor-300x300.png 300w\" sizes=\"auto, (max-width: 250px) 100vw, 250px\" \/><\/p>\n<p style=\"text-align: justify\">Temos atua\u00e7\u00e3o em pesquisas cient\u00edficas voltadas a cardiologia veterin\u00e1ria, desenvolvimento de produ\u00e7\u00f5es acad\u00eamicas e participa\u00e7\u00f5es em eventos.<br \/>\nNa linha de ensino realizamos encontros semanais com os colaboradores a fim de proporcionar discuss\u00f5es e troca de conhecimentos sobre essa especialidade da veterin\u00e1ria.<br \/>\nComo extens\u00e3o s\u00e3o realizados atendimentos cl\u00ednicos da especialidade de cardiologia no Hospital de Cl\u00ednicas Veterin\u00e1rias da UFPel, al\u00e9m da divulga\u00e7\u00e3o de informa\u00e7\u00f5es sobre as principais doen\u00e7as que acometem o sistema cardiocirculat\u00f3rio e seus desdobramentos para a comunidade.<\/p>\n","protected":false},"excerpt":{"rendered":"<p>Temos atua\u00e7\u00e3o em pesquisas cient\u00edficas voltadas a cardiologia veterin\u00e1ria, desenvolvimento de produ\u00e7\u00f5es acad\u00eamicas e participa\u00e7\u00f5es em eventos. Na linha de ensino realizamos encontros semanais com os colaboradores a fim de proporcionar discuss\u00f5es e troca de conhecimentos sobre essa especialidade da veterin\u00e1ria. Como extens\u00e3o s\u00e3o realizados atendimentos cl\u00ednicos da especialidade de cardiologia no Hospital de Cl\u00ednicas [&hellip;]<\/p>\n","protected":false},"author":1020,"featured_media":0,"parent":0,"menu_order":0,"comment_status":"closed","ping_status":"closed","template":"","meta":{"footnotes":""},"class_list":["post-15","page","type-page","status-publish","hentry","post"],"_links":{"self":[{"href":"https:\/\/wp.ufpel.edu.br\/vetcor\/wp-json\/wp\/v2\/pages\/15","targetHints":{"allow":["GET"]}}],"collection":[{"href":"https:\/\/wp.ufpel.edu.br\/vetcor\/wp-json\/wp\/v2\/pages"}],"about":[{"href":"https:\/\/wp.ufpel.edu.br\/vetcor\/wp-json\/wp\/v2\/types\/page"}],"author":[{"embeddable":true,"href":"https:\/\/wp.ufpel.edu.br\/vetcor\/wp-json\/wp\/v2\/users\/1020"}],"replies":[{"embeddable":true,"href":"https:\/\/wp.ufpel.edu.br\/vetcor\/wp-json\/wp\/v2\/comments?post=15"}],"version-history":[{"count":11,"href":"https:\/\/wp.ufpel.edu.br\/vetcor\/wp-json\/wp\/v2\/pages\/15\/revisions"}],"predecessor-version":[{"id":835,"href":"https:\/\/wp.ufpel.edu.br\/vetcor\/wp-json\/wp\/v2\/pages\/15\/revisions\/835"}],"wp:attachment":[{"href":"https:\/\/wp.ufpel.edu.br\/vetcor\/wp-json\/wp\/v2\/media?parent=15"}],"curies":[{"name":"wp","href":"https:\/\/api.w.org\/{rel}","templated":true}]}}