{"id":1056,"date":"2020-11-22T14:57:43","date_gmt":"2020-11-22T17:57:43","guid":{"rendered":"https:\/\/wp.ufpel.edu.br\/vertice\/?page_id=1056"},"modified":"2020-11-22T15:34:48","modified_gmt":"2020-11-22T18:34:48","slug":"inicio","status":"publish","type":"page","link":"https:\/\/wp.ufpel.edu.br\/vertice\/","title":{"rendered":"IN\u00cdCIO"},"content":{"rendered":"<div id=\"pl-1056\"  class=\"panel-layout\" ><div id=\"pg-1056-0\"  class=\"panel-grid panel-has-style\" ><div class=\"siteorigin-panels-stretch panel-row-style panel-row-style-for-1056-0\" data-stretch-type=\"full\" ><div id=\"pgc-1056-0-0\"  class=\"panel-grid-cell\" ><div id=\"panel-1056-0-0-0\" class=\"so-panel widget widget_sow-headline panel-first-child\" data-index=\"0\" ><div class=\"panel-widget-style panel-widget-style-for-1056-0-0-0\" ><div\n\t\t\t\n\t\t\tclass=\"so-widget-sow-headline so-widget-sow-headline-default-3a02cb8848ae-1056 so-widget-fittext-wrapper\"\n\t\t\t data-fit-text-compressor=\"0.85\"\n\t\t><div class=\"sow-headline-container \">\n\t\t\t\t\t\t\t<h1 class=\"sow-headline\">\n\t\t\t\t\t\t<b>SOBRE N\u00d3S<\/b>\t\t\t\t\t\t<\/h1>\n\t\t\t\t\t\t<\/div>\n<\/div><\/div><\/div><div id=\"panel-1056-0-0-1\" class=\"so-panel widget widget_sow-headline\" data-index=\"1\" ><div class=\"panel-widget-style panel-widget-style-for-1056-0-0-1\" ><div\n\t\t\t\n\t\t\tclass=\"so-widget-sow-headline so-widget-sow-headline-default-452f64a1c9ac-1056 so-widget-fittext-wrapper\"\n\t\t\t data-fit-text-compressor=\"0.85\"\n\t\t><div class=\"sow-headline-container \">\n\t\t\t\t\t\t\t<h1 class=\"sow-headline\">\n\t\t\t\t\t\t<b>Ol\u00e1!<\/b>\t\t\t\t\t\t<\/h1>\n\t\t\t\t\t\t<\/div>\n<\/div><\/div><\/div><div id=\"panel-1056-0-0-2\" class=\"so-panel widget widget_sow-headline\" data-index=\"2\" ><div class=\"panel-widget-style panel-widget-style-for-1056-0-0-2\" ><div\n\t\t\t\n\t\t\tclass=\"so-widget-sow-headline so-widget-sow-headline-default-3be85e1be1f9-1056 so-widget-fittext-wrapper\"\n\t\t\t data-fit-text-compressor=\"0.85\"\n\t\t><div class=\"sow-headline-container \">\n\t\t\t\t\t\t\t<h3 class=\"sow-headline\">\n\t\t\t\t\t\t<b>Somos a V\u00e9rtice Engenharia Jr.<\/b>\t\t\t\t\t\t<\/h3>\n\t\t\t\t\t\t<\/div>\n<\/div><\/div><\/div><div id=\"panel-1056-0-0-3\" class=\"so-panel widget widget_sow-editor\" data-index=\"3\" ><div\n\t\t\t\n\t\t\tclass=\"so-widget-sow-editor so-widget-sow-editor-base\"\n\t\t\t\n\t\t>\n<div class=\"siteorigin-widget-tinymce textwidget\">\n\t<p style=\"text-align: justify\">A V\u00e9rtice Engenharia J\u00fanior foi fundada enquanto iniciativa em 2014, por alunos da gradua\u00e7\u00e3o em Engenharia Civil da Universidade Federal de Pelotas<span style=\"font-size: 14pt\">.<\/span> Empenhados em colocar em pr\u00e1tica os conhecimentos aprendidos nas aulas da faculdade, teve-se a ideia de fundar uma empresa j\u00fanior com o intuito de vender projetos na \u00e1rea de constru\u00e7\u00e3o civil a um pre\u00e7o justo para toda a comunidade pelotense, sem abrir m\u00e3o da qualidade t\u00e9cnica inerente a comunidade acad\u00eamica da Engenharia Civil.<\/p>\n<p style=\"text-align: justify\">Por ser uma empresa j\u00fanior, todos os membros da V\u00e9rtice Engenharia J\u00fanior s\u00e3o estudantes da Universidade Federal de Pelotas que atuam de forma volunt\u00e1ria. Todo o dinheiro arrecadado pela venda de projetos \u00e9 revertido para a capacita\u00e7\u00e3o dos membros, dos espa\u00e7os utilizados e das ferramentas necess\u00e1rias para o desempenho dos servi\u00e7os prestados.<\/p>\n<p style=\"text-align: justify\">Passados os anos e os projetos, a V\u00e9rtice Engenharia J\u00fanior pode contar com o ac\u00famulo de conhecimento necess\u00e1rio para a presta\u00e7\u00e3o de servi\u00e7os nos demais campos da constru\u00e7\u00e3o civil, mas com \u00eanfase em Projetos de Prote\u00e7\u00e3o Contra Inc\u00eandio (PPCI), Or\u00e7amentos de Obras, Desenho Arquitet\u00f4nico e Regulariza\u00e7\u00e3o de Im\u00f3veis. Al\u00e9m disso, contando tamb\u00e9m com o esp\u00edrito inovador e antenado \u00e0s necessidades do mercado, a V\u00e9rtice Engenharia J\u00fanior realiza seus projetos com a metodologia de Building Information Modeling (BIM), que possibilita a realiza\u00e7\u00e3o \u00e1gil de projetos e um melhor planejamento da edifica\u00e7\u00e3o e controle de gastos, visualizando poss\u00edveis incompatibilidades de projeto antes da execu\u00e7\u00e3o.<\/p>\n<p style=\"text-align: justify\">Se interessou? Ent\u00e3o entre em contato conosco e fa\u00e7a um or\u00e7amento sem compromisso! Estaremos mais que dispon\u00edveis pra bater um papo e solucionar seus problemas.<\/p>\n<\/div>\n<\/div><\/div><div id=\"panel-1056-0-0-4\" class=\"so-panel widget widget_sow-button panel-last-child\" data-index=\"4\" ><div\n\t\t\t\n\t\t\tclass=\"so-widget-sow-button so-widget-sow-button-wire-15b17a0f83b5-1056\"\n\t\t\t\n\t\t><div class=\"ow-button-base ow-button-align-center\"\n>\n\t\t\t<a\n\t\t\t\t\thref=\"https:\/\/wp.ufpel.edu.br\/vertice\/fale-conosco\/\"\n\t\t\t\t\tclass=\"sowb-button ow-icon-placement-left ow-button-hover\" \t>\n\t\t<span>\n\t\t\t\n\t\t\tEntre em contato\t\t<\/span>\n\t\t\t<\/a>\n\t<\/div>\n<\/div><\/div><\/div><\/div><\/div><div id=\"pg-1056-1\"  class=\"panel-grid panel-has-style\" ><div class=\"siteorigin-panels-stretch panel-row-style panel-row-style-for-1056-1\" data-stretch-type=\"full-stretched-padded\" ><div id=\"pgc-1056-1-0\"  class=\"panel-grid-cell\" ><div id=\"panel-1056-1-0-0\" class=\"so-panel widget widget_sow-headline panel-first-child panel-last-child\" data-index=\"5\" ><div\n\t\t\t\n\t\t\tclass=\"so-widget-sow-headline so-widget-sow-headline-default-2ab850045cc9-1056 so-widget-fittext-wrapper\"\n\t\t\t data-fit-text-compressor=\"0.85\"\n\t\t><div class=\"sow-headline-container \">\n\t<\/div>\n<\/div><\/div><\/div><\/div><\/div><div id=\"pg-1056-2\"  class=\"panel-grid panel-no-style\" ><div id=\"pgc-1056-2-0\"  class=\"panel-grid-cell\" ><div id=\"panel-1056-2-0-0\" class=\"so-panel widget widget_sow-headline panel-first-child\" data-index=\"6\" ><div class=\"panel-widget-style panel-widget-style-for-1056-2-0-0\" ><div\n\t\t\t\n\t\t\tclass=\"so-widget-sow-headline so-widget-sow-headline-default-3a02cb8848ae-1056 so-widget-fittext-wrapper\"\n\t\t\t data-fit-text-compressor=\"0.85\"\n\t\t><div class=\"sow-headline-container \">\n\t<\/div>\n<\/div><\/div><\/div><div id=\"panel-1056-2-0-1\" class=\"so-panel widget widget_sow-headline\" data-index=\"7\" ><div class=\"panel-widget-style panel-widget-style-for-1056-2-0-1\" ><div\n\t\t\t\n\t\t\tclass=\"so-widget-sow-headline so-widget-sow-headline-default-3a02cb8848ae-1056 so-widget-fittext-wrapper\"\n\t\t\t data-fit-text-compressor=\"0.85\"\n\t\t><div class=\"sow-headline-container \">\n\t<\/div>\n<\/div><\/div><\/div><div id=\"panel-1056-2-0-2\" class=\"so-panel widget widget_sow-headline\" data-index=\"8\" ><div class=\"panel-widget-style panel-widget-style-for-1056-2-0-2\" ><div\n\t\t\t\n\t\t\tclass=\"so-widget-sow-headline so-widget-sow-headline-default-3a02cb8848ae-1056 so-widget-fittext-wrapper\"\n\t\t\t data-fit-text-compressor=\"0.85\"\n\t\t><div class=\"sow-headline-container \">\n\t<\/div>\n<\/div><\/div><\/div><div id=\"panel-1056-2-0-3\" class=\"so-panel widget widget_sow-headline\" data-index=\"9\" ><div class=\"panel-widget-style panel-widget-style-for-1056-2-0-3\" ><div\n\t\t\t\n\t\t\tclass=\"so-widget-sow-headline so-widget-sow-headline-default-3a02cb8848ae-1056 so-widget-fittext-wrapper\"\n\t\t\t data-fit-text-compressor=\"0.85\"\n\t\t><div class=\"sow-headline-container \">\n\t\t\t\t\t\t\t<h1 class=\"sow-headline\">\n\t\t\t\t\t\t<b>MISS\u00c3O, VIS\u00c3O E VALORES<\/b>\t\t\t\t\t\t<\/h1>\n\t\t\t\t\t\t<\/div>\n<\/div><\/div><\/div><div id=\"panel-1056-2-0-4\" class=\"so-panel widget panel-last-child\" data-index=\"10\" ><\/div><\/div><\/div><div id=\"pg-1056-3\"  class=\"panel-grid panel-has-style\" ><div class=\"siteorigin-panels-stretch panel-row-style panel-row-style-for-1056-3\" data-stretch-type=\"full-stretched-padded\" ><div id=\"pgc-1056-3-0\"  class=\"panel-grid-cell\" ><div id=\"panel-1056-3-0-0\" class=\"so-panel widget widget_sow-headline panel-first-child panel-last-child\" data-index=\"11\" ><div\n\t\t\t\n\t\t\tclass=\"so-widget-sow-headline so-widget-sow-headline-default-2ab850045cc9-1056 so-widget-fittext-wrapper\"\n\t\t\t data-fit-text-compressor=\"0.85\"\n\t\t><div class=\"sow-headline-container \">\n\t<\/div>\n<\/div><\/div><\/div><\/div><\/div><div id=\"pg-1056-4\"  class=\"panel-grid panel-no-style\" ><div id=\"pgc-1056-4-0\"  class=\"panel-grid-cell\" ><div id=\"panel-1056-4-0-0\" class=\"so-panel widget widget_sow-headline panel-first-child\" data-index=\"12\" ><div class=\"panel-widget-style panel-widget-style-for-1056-4-0-0\" ><div\n\t\t\t\n\t\t\tclass=\"so-widget-sow-headline so-widget-sow-headline-default-3a02cb8848ae-1056 so-widget-fittext-wrapper\"\n\t\t\t data-fit-text-compressor=\"0.85\"\n\t\t><div class=\"sow-headline-container \">\n\t<\/div>\n<\/div><\/div><\/div><div id=\"panel-1056-4-0-1\" class=\"so-panel widget widget_sow-headline\" data-index=\"13\" ><div class=\"panel-widget-style panel-widget-style-for-1056-4-0-1\" ><div\n\t\t\t\n\t\t\tclass=\"so-widget-sow-headline so-widget-sow-headline-default-3a02cb8848ae-1056 so-widget-fittext-wrapper\"\n\t\t\t data-fit-text-compressor=\"0.85\"\n\t\t><div class=\"sow-headline-container \">\n\t<\/div>\n<\/div><\/div><\/div><div id=\"panel-1056-4-0-2\" class=\"so-panel widget widget_sow-headline\" data-index=\"14\" ><div class=\"panel-widget-style panel-widget-style-for-1056-4-0-2\" ><div\n\t\t\t\n\t\t\tclass=\"so-widget-sow-headline so-widget-sow-headline-default-3a02cb8848ae-1056 so-widget-fittext-wrapper\"\n\t\t\t data-fit-text-compressor=\"0.85\"\n\t\t><div class=\"sow-headline-container \">\n\t<\/div>\n<\/div><\/div><\/div><div id=\"panel-1056-4-0-3\" class=\"so-panel widget widget_sow-headline\" data-index=\"15\" ><div class=\"panel-widget-style panel-widget-style-for-1056-4-0-3\" ><div\n\t\t\t\n\t\t\tclass=\"so-widget-sow-headline so-widget-sow-headline-default-3a02cb8848ae-1056 so-widget-fittext-wrapper\"\n\t\t\t data-fit-text-compressor=\"0.85\"\n\t\t><div class=\"sow-headline-container \">\n\t\t\t\t\t\t\t<h1 class=\"sow-headline\">\n\t\t\t\t\t\t<b>GEST\u00c3O<\/b>\t\t\t\t\t\t<\/h1>\n\t\t\t\t\t\t<\/div>\n<\/div><\/div><\/div><div id=\"panel-1056-4-0-4\" class=\"so-panel widget panel-last-child\" data-index=\"16\" ><\/div><\/div><\/div><div id=\"pg-1056-5\"  class=\"panel-grid panel-no-style\" ><div id=\"pgc-1056-5-0\"  class=\"panel-grid-cell\" ><div id=\"panel-1056-5-0-0\" class=\"so-panel widget widget_sow-headline panel-first-child\" data-index=\"17\" ><div class=\"panel-widget-style panel-widget-style-for-1056-5-0-0\" ><div\n\t\t\t\n\t\t\tclass=\"so-widget-sow-headline so-widget-sow-headline-default-3a02cb8848ae-1056 so-widget-fittext-wrapper\"\n\t\t\t data-fit-text-compressor=\"0.85\"\n\t\t><div class=\"sow-headline-container \">\n\t\t\t\t\t\t\t<h1 class=\"sow-headline\">\n\t\t\t\t\t\t<b>NOSSOS SERVI\u00c7OS<\/b>\t\t\t\t\t\t<\/h1>\n\t\t\t\t\t\t<\/div>\n<\/div><\/div><\/div><div id=\"panel-1056-5-0-1\" class=\"so-panel widget widget_sow-editor\" data-index=\"18\" ><div\n\t\t\t\n\t\t\tclass=\"so-widget-sow-editor so-widget-sow-editor-base\"\n\t\t\t\n\t\t>\n<div class=\"siteorigin-widget-tinymce textwidget\">\n\t<p style=\"text-align: justify\"><span style=\"font-size: 14pt\">Prestamos servi\u00e7os no campo da constru\u00e7\u00e3o civil com qualidade e custo diferenciado.<\/span><\/p>\n<p style=\"text-align: justify\">A V\u00e9rtice oferece nove tipos de servi\u00e7os no campo da constru\u00e7\u00e3o civil e nossos projetos s\u00e3o realizados por estudantes do curso de Engenharia Civil e Arquitetura, supervisionados pelo professor coordenador da empresa j\u00fanior.<br \/>\nRealizamos Laudo Pericial, Or\u00e7amenta\u00e7\u00e3o, Projeto Arquitet\u00f4nico, Projeto El\u00e9trico, Projeto Estrutural, Projeto Hidrossanit\u00e1rio, Plano de Preven\u00e7\u00e3o e Prote\u00e7\u00e3o de Combate a Inc\u00eandio (PPCI), Projeto de Reforma e Regulariza\u00e7\u00e3o de Im\u00f3vel.<br \/>\nConfira mais detalhes sobre nossos servi\u00e7os!<\/p>\n<\/div>\n<\/div><\/div><div id=\"panel-1056-5-0-2\" class=\"so-panel widget panel-last-child\" data-index=\"19\" ><\/div><\/div><\/div><\/div>","protected":false},"excerpt":{"rendered":"<p>A V\u00e9rtice Engenharia J\u00fanior foi fundada enquanto iniciativa em 2014, por alunos da gradua\u00e7\u00e3o em Engenharia Civil da Universidade Federal de Pelotas. Empenhados em colocar em pr\u00e1tica os conhecimentos aprendidos nas aulas da faculdade, teve-se a ideia de fundar uma empresa j\u00fanior com o intuito de vender projetos na \u00e1rea de constru\u00e7\u00e3o civil a um [&hellip;]<\/p>\n","protected":false},"author":860,"featured_media":0,"parent":0,"menu_order":0,"comment_status":"closed","ping_status":"closed","template":"","meta":{"footnotes":""},"class_list":["post-1056","page","type-page","status-publish","hentry","post"],"_links":{"self":[{"href":"https:\/\/wp.ufpel.edu.br\/vertice\/wp-json\/wp\/v2\/pages\/1056","targetHints":{"allow":["GET"]}}],"collection":[{"href":"https:\/\/wp.ufpel.edu.br\/vertice\/wp-json\/wp\/v2\/pages"}],"about":[{"href":"https:\/\/wp.ufpel.edu.br\/vertice\/wp-json\/wp\/v2\/types\/page"}],"author":[{"embeddable":true,"href":"https:\/\/wp.ufpel.edu.br\/vertice\/wp-json\/wp\/v2\/users\/860"}],"replies":[{"embeddable":true,"href":"https:\/\/wp.ufpel.edu.br\/vertice\/wp-json\/wp\/v2\/comments?post=1056"}],"version-history":[{"count":136,"href":"https:\/\/wp.ufpel.edu.br\/vertice\/wp-json\/wp\/v2\/pages\/1056\/revisions"}],"predecessor-version":[{"id":1276,"href":"https:\/\/wp.ufpel.edu.br\/vertice\/wp-json\/wp\/v2\/pages\/1056\/revisions\/1276"}],"wp:attachment":[{"href":"https:\/\/wp.ufpel.edu.br\/vertice\/wp-json\/wp\/v2\/media?parent=1056"}],"curies":[{"name":"wp","href":"https:\/\/api.w.org\/{rel}","templated":true}]}}