{"id":8,"date":"2017-01-03T10:45:35","date_gmt":"2017-01-03T12:45:35","guid":{"rendered":"https:\/\/wp.ufpel.edu.br\/veics\/?page_id=8"},"modified":"2017-02-23T09:44:28","modified_gmt":"2017-02-23T12:44:28","slug":"v-eics","status":"publish","type":"page","link":"https:\/\/wp.ufpel.edu.br\/veics\/","title":{"rendered":"V EICS"},"content":{"rendered":"<p><strong>NOTA DE CANCELAMENTO DO V ENCONTRO INTERNACIONAL DE CI\u00caNCIAS SOCIAIS (V EICS)<\/strong><\/p>\n<p>Vimos atrav\u00e9s desta notificar a nossos colaboradores e ao p\u00fablico em geral o CANCELAMENTO da quinta edi\u00e7\u00e3o do Encontro Internacional de Ci\u00eancias Sociais (VEICS), previsto para acontecer entre os dias 19 e 22 de junho de 2017, na cidade de Pelotas\/RS. O motivo principal para esta decis\u00e3o extrema foi a negativa de financiamento p\u00fablico por parte das principais ag\u00eancias de fomento (CNPq e CAPES) para a edi\u00e7\u00e3o atual, parcerias fundamentais nas edi\u00e7\u00f5es anteriores. O aux\u00edlio p\u00fablico e o pagamento de inscri\u00e7\u00f5es foram as fontes de financiamento que alavancaram a execu\u00e7\u00e3o das edi\u00e7\u00f5es anteriores, as quais contribu\u00edram decisivamente para a constitui\u00e7\u00e3o do importante f\u00f3rum de debate acad\u00eamico na regi\u00e3o sul de Brasil representado pelo Encontro Internacional de Ci\u00eancias Sociais (EICS). A posi\u00e7\u00e3o geogr\u00e1fica de Pelotas, pr\u00f3xima \u00e0 fronteira de alguns pa\u00edses latino-americanos, promoveu nas edi\u00e7\u00f5es anteriores uma ampla participa\u00e7\u00e3o de pesquisadores de pa\u00edses como Uruguai, Argentina e Chile.<\/p>\n<p>Justamente pelo sucesso e tamanho do EICS \u00e9 que os promotores do evento, os Programas de P\u00f3s-Gradua\u00e7\u00e3o em Antropologia, Ci\u00eancia Pol\u00edtica e Sociologia, entenderam que seria temer\u00e1rio manter um evento do vulto do EICS contando somente com os recursos das inscri\u00e7\u00f5es dos participantes do mesmo. Em respeito aos colegas colaboradores e ao p\u00fablico acad\u00eamico, todos merecedores de um tratamento cordial e de um evento com condi\u00e7\u00f5es de receber as atividades previstas com condi\u00e7\u00f5es m\u00ednimas de trabalho, foi decidido o cancelamento desta edi\u00e7\u00e3o do V EICS.<\/p>\n<p>Pedimos desculpas aos convidados para as confer\u00eancias centrais e para as mesas redondas que com muita disposi\u00e7\u00e3o e generosidade aceitaram participar do evento. Do mesmo modo, nos dirigimos aos colegas que rapidamente atenderam \u00e0 convoca\u00e7\u00e3o do evento e elaboraram e enviaram propostas de cria\u00e7\u00e3o de GTs. N\u00e3o pod\u00edamos prever, nem na hip\u00f3tese mais pessimista, no momento do lan\u00e7amento da convoca\u00e7\u00e3o que as ag\u00eancias n\u00e3o atenderiam a necessidade imperiosa de financiamento do evento.<\/p>\n<p>Nas respostas das ag\u00eancias de financiamento ao projeto do V EICS, o m\u00e9rito e a relev\u00e2ncia do evento foram destacados, ao mesmo tempo que informavam a impossibilidade do financiamento pela escassez de recursos e pela op\u00e7\u00e3o por outros projetos, estes priorit\u00e1rios na concep\u00e7\u00e3o das referidas ag\u00eancias de fomento acad\u00eamico. \u00c9 dif\u00edcil entender como um evento como o EICS n\u00e3o \u00e9 priorit\u00e1rio para o fomento da produ\u00e7\u00e3o na \u00e1rea de Ci\u00eancias Sociais. Cremos que a influ\u00eancia na pol\u00edtica acad\u00eamica das recentes transforma\u00e7\u00f5es na pol\u00edtica brasileira tenha tornado o conhecimento das ci\u00eancias sociais e a qualifica\u00e7\u00e3o do debate sobre temas como a democracia como algo n\u00e3o priorit\u00e1rio.<\/p>\n<p>Em respeito aos nossos colaboradores, ao p\u00fablico acad\u00eamico e ao compromisso com a sociedade, manteremos o esfor\u00e7o para tornar o conhecimento das ci\u00eancias sociais priorit\u00e1rio, trabalhando para a consolida\u00e7\u00e3o da tradi\u00e7\u00e3o que o EICS representa. O certo \u00e9 que manteremos nosso esfor\u00e7o para contribuir para a consolida\u00e7\u00e3o da \u00e1rea de Ci\u00eancias Sociais na regi\u00e3o sul da Am\u00e9rica Latina.<\/p>\n<p>Atenciosamente,<\/p>\n<p>Programas de P\u00f3s Gradua\u00e7\u00e3o de Antropologia, Ci\u00eancia Pol\u00edtica e de Sociologia da Universidade Federal de Pelotas<\/p>\n","protected":false},"excerpt":{"rendered":"<p>NOTA DE CANCELAMENTO DO V ENCONTRO INTERNACIONAL DE CI\u00caNCIAS SOCIAIS (V EICS) Vimos atrav\u00e9s desta notificar a nossos colaboradores e ao p\u00fablico em geral o CANCELAMENTO da quinta edi\u00e7\u00e3o do Encontro Internacional de Ci\u00eancias Sociais (VEICS), previsto para acontecer entre &hellip; <a href=\"https:\/\/wp.ufpel.edu.br\/veics\/\">Continue lendo <span class=\"meta-nav\">&rarr;<\/span><\/a><\/p>\n","protected":false},"author":713,"featured_media":0,"parent":0,"menu_order":1,"comment_status":"closed","ping_status":"closed","template":"","meta":{"footnotes":""},"class_list":["post-8","page","type-page","status-publish","hentry"],"_links":{"self":[{"href":"https:\/\/wp.ufpel.edu.br\/veics\/wp-json\/wp\/v2\/pages\/8","targetHints":{"allow":["GET"]}}],"collection":[{"href":"https:\/\/wp.ufpel.edu.br\/veics\/wp-json\/wp\/v2\/pages"}],"about":[{"href":"https:\/\/wp.ufpel.edu.br\/veics\/wp-json\/wp\/v2\/types\/page"}],"author":[{"embeddable":true,"href":"https:\/\/wp.ufpel.edu.br\/veics\/wp-json\/wp\/v2\/users\/713"}],"replies":[{"embeddable":true,"href":"https:\/\/wp.ufpel.edu.br\/veics\/wp-json\/wp\/v2\/comments?post=8"}],"version-history":[{"count":9,"href":"https:\/\/wp.ufpel.edu.br\/veics\/wp-json\/wp\/v2\/pages\/8\/revisions"}],"predecessor-version":[{"id":57,"href":"https:\/\/wp.ufpel.edu.br\/veics\/wp-json\/wp\/v2\/pages\/8\/revisions\/57"}],"wp:attachment":[{"href":"https:\/\/wp.ufpel.edu.br\/veics\/wp-json\/wp\/v2\/media?parent=8"}],"curies":[{"name":"wp","href":"https:\/\/api.w.org\/{rel}","templated":true}]}}