{"id":35,"date":"2015-08-27T21:57:28","date_gmt":"2015-08-28T00:57:28","guid":{"rendered":"https:\/\/wp.ufpel.edu.br\/urbanmetrics\/?page_id=35"},"modified":"2020-12-04T17:08:16","modified_gmt":"2020-12-04T20:08:16","slug":"sobre","status":"publish","type":"page","link":"https:\/\/wp.ufpel.edu.br\/urbanmetrics\/sobre\/","title":{"rendered":"Sobre"},"content":{"rendered":"<p><span style=\"font-size: 12pt\">O software <strong>UrbanMetrics<\/strong> cont\u00e9m modelos concebidos originalmente pelo professor Romulo Krafta, dedicados a realizar an\u00e1lises espaciais intraurbanas, com base na morfologia e em suas rela\u00e7\u00f5es da cidade com a sociedade.<\/span><\/p>\n<p><span style=\"font-size: 12pt\">A vers\u00e3o atual est\u00e1 em desenvolvimento pela equipe do Laborat\u00f3rio de Urbanismo da Faculdade de Arquitetura e Urbanismo da Universidade Federal de Pelotas &#8211; LabUrb FAUrb UFPel, apresentando as medidas de conectividade, acessibilidade, centralidade, converg\u00eancia, oportunidades, potencialidade e polaridade.<\/span><\/p>\n<p><span style=\"font-size: 12pt\">Com rela\u00e7\u00e3o a outros modelos ou vers\u00f5es anteriores, apresenta os seguintes diferenciais principais:<\/span><\/p>\n<ul style=\"text-align: left\">\n<li><span style=\"font-size: 12pt\">\u00a0Opera com pontos, linhas e \u00e1reas simultaneamente;<\/span><\/li>\n<li><span style=\"font-size: 12pt\">\u00a0Permite estabelecer conex\u00f5es entre entidades;<\/span><\/li>\n<li><span style=\"font-size: 12pt\">\u00a0Opera com camadas e gera m\u00faltiplos processos no mesmo experimento;<\/span><\/li>\n<li><span style=\"font-size: 12pt\">\u00a0Roda com medidas topol\u00f3gicas ou geogr\u00e1ficas das entidades;<\/span><\/li>\n<li><span style=\"font-size: 12pt\">\u00a0Inclui visualiza\u00e7\u00e3o de imagens raster;<\/span><\/li>\n<li><span style=\"font-size: 12pt\">\u00a0Trabalha com georreferenciamento em UTM, em metros;<\/span><\/li>\n<li><span style=\"font-size: 12pt\">\u00a0Edita\u00a0 as informa\u00e7\u00f5es vinculadas \u00e0s entidades no banco de dados, exporta em shape e salva os experimentos completos;<\/span><\/li>\n<li><span style=\"font-size: 12pt\">\u00a0Permite imputar carregamentos em valor agregado ou desagregado por uso do solo, atribuindo origem, destino e grau de atra\u00e7\u00e3o;<\/span><\/li>\n<li><span style=\"font-size: 12pt\">\u00a0Permite imputar imped\u00e2ncias, atribuindo custos de mobilidade e infraestrutura;<\/span><\/li>\n<li><span style=\"font-size: 12pt\">\u00a0Roda o conjunto do sistema ou partes selecionadas, com passos ou \u00e1reas de abrang\u00eancia;<\/span><\/li>\n<li>Permite alterar o raio de abrang\u00eancia individualmente, no caso de utilizar usos do solo desagregados;<\/li>\n<li><span style=\"font-size: 12pt\">\u00a0Apresenta visualiza\u00e7\u00e3o dos resultados em cores e espessuras customiz\u00e1veis;<\/span><\/li>\n<li><span style=\"font-size: 12pt\">\u00a0Trabalha com m\u00e9todos de classifica\u00e7\u00e3o dos resultados por intervalos naturais (natural breaks de Jenks), valores e quantidades.<\/span><\/li>\n<\/ul>\n<p>&nbsp;<\/p>\n<p><span style=\"font-size: 12pt\">A equipe atual \u00e9 a seguinte:<\/span><\/p>\n<ul style=\"text-align: left\">\n<li><span style=\"font-size: 12pt\">\u00a0Maur\u00edcio Couto Polidori &#8212; Coordenador<\/span><\/li>\n<li><span style=\"font-size: 12pt\">\u00a0Marcus Vinicius Saraiva &#8212; Programador<\/span><\/li>\n<li><span style=\"font-size: 12pt\">\u00a0Ot\u00e1vio Martins Peres &#8212; Colaborador<\/span><\/li>\n<\/ul>\n<p><span style=\"font-size: 12pt\">Outros componentes da equipe:<\/span><\/p>\n<ul>\n<li><span style=\"font-size: 12pt\">\u00a0Romulo Krafta &#8212; Autor na ideia original<\/span><\/li>\n<li style=\"text-align: left\"><span style=\"font-size: 12pt\">\u00a0Ana Paula Faria &#8212; Colaboradora<\/span><\/li>\n<li style=\"text-align: left\"><span style=\"font-size: 12pt\">\u00a0Ana Paula Zechlinski &#8212; Colaboradora<\/span><\/li>\n<li style=\"text-align: left\"><span style=\"font-size: 12pt\">\u00a0Eduardo Rocha &#8212; Colaborador<\/span><\/li>\n<li style=\"text-align: left\"><span style=\"font-size: 12pt\">\u00a0Miguel Delanoy Polidori &#8212; Site<\/span><\/li>\n<li><span style=\"font-size: 12pt\">\u00a0Lucas da Silva Gon\u00e7alves &#8212; Site \/ Help.<\/span><\/li>\n<\/ul>\n","protected":false},"excerpt":{"rendered":"<p>O software UrbanMetrics cont\u00e9m modelos concebidos originalmente pelo professor Romulo Krafta, dedicados a realizar an\u00e1lises espaciais intraurbanas, com base na morfologia e em suas rela\u00e7\u00f5es da cidade com a sociedade. A vers\u00e3o atual est\u00e1&#46;&#46;&#46;<\/p>\n","protected":false},"author":420,"featured_media":0,"parent":0,"menu_order":3,"comment_status":"closed","ping_status":"closed","template":"","meta":{"footnotes":""},"class_list":["post-35","page","type-page","status-publish","hentry"],"jetpack_sharing_enabled":true,"_links":{"self":[{"href":"https:\/\/wp.ufpel.edu.br\/urbanmetrics\/wp-json\/wp\/v2\/pages\/35","targetHints":{"allow":["GET"]}}],"collection":[{"href":"https:\/\/wp.ufpel.edu.br\/urbanmetrics\/wp-json\/wp\/v2\/pages"}],"about":[{"href":"https:\/\/wp.ufpel.edu.br\/urbanmetrics\/wp-json\/wp\/v2\/types\/page"}],"author":[{"embeddable":true,"href":"https:\/\/wp.ufpel.edu.br\/urbanmetrics\/wp-json\/wp\/v2\/users\/420"}],"replies":[{"embeddable":true,"href":"https:\/\/wp.ufpel.edu.br\/urbanmetrics\/wp-json\/wp\/v2\/comments?post=35"}],"version-history":[{"count":14,"href":"https:\/\/wp.ufpel.edu.br\/urbanmetrics\/wp-json\/wp\/v2\/pages\/35\/revisions"}],"predecessor-version":[{"id":144,"href":"https:\/\/wp.ufpel.edu.br\/urbanmetrics\/wp-json\/wp\/v2\/pages\/35\/revisions\/144"}],"wp:attachment":[{"href":"https:\/\/wp.ufpel.edu.br\/urbanmetrics\/wp-json\/wp\/v2\/media?parent=35"}],"curies":[{"name":"wp","href":"https:\/\/api.w.org\/{rel}","templated":true}]}}