{"id":169,"date":"2021-03-17T15:09:07","date_gmt":"2021-03-17T18:09:07","guid":{"rendered":"https:\/\/wp.ufpel.edu.br\/urbanmetrics\/?page_id=169"},"modified":"2021-03-17T20:18:56","modified_gmt":"2021-03-17T23:18:56","slug":"ajuda","status":"publish","type":"page","link":"https:\/\/wp.ufpel.edu.br\/urbanmetrics\/ajuda\/","title":{"rendered":"Ajuda"},"content":{"rendered":"<p><span style=\"font-size: 18pt\"><strong>Principais D\u00favidas<\/strong><\/span><\/p>\n<ul>\n<li><strong>Ap\u00f3s inserir ou realizar o processamento de dados no UrbanMetrics, os dados n\u00e3o foram listados no Gerenciador de Camadas:<\/strong><\/li>\n<\/ul>\n<p>Neste caso, \u00e9 recomendado o duplo clique sobre a aba &#8220;Input&#8221; para dados inseridos e &#8220;Results&#8221; para resultados de processamento. Logo, uma janela de propriedades ser\u00e1 aberta e para a visualiza\u00e7\u00e3o das camadas faltantes, basta fechar esta janela. Isto far\u00e1 com que o Gerenciador de Camadas seja atualizado.<\/p>\n<ul>\n<li><strong>Estou tendo problemas com a visualiza\u00e7\u00e3o gr\u00e1fica dos resultados, os intervalos n\u00e3o parecem bem representados, ou mesmo os resultados n\u00e3o foram apresentados visualmente no Display do software:<\/strong><\/li>\n<\/ul>\n<p>\u00c9 recomend\u00e1vel limitar o intervalo de trabalho das medidas e vari\u00e1veis dentro do projeto. Para isto, recomenda-se a utiliza\u00e7\u00e3o de carregamentos entre 1 e 100. Al\u00e9m disso, \u00e9 indicada a normaliza\u00e7\u00e3o dos resultados, apresentando-o em um intervalo mais amig\u00e1vel ao usu\u00e1rio, variando entre 0 e 100, para cada medida analisada.<\/p>\n<ul>\n<li><strong>Estou com dificuldades para a exporta\u00e7\u00e3o dos dados do projeto no UrbanMetrics, seja em formato .shp ou .dxf:<\/strong><\/li>\n<\/ul>\n<p>O UrbanMetrics conta com uma ferramenta de exporta\u00e7\u00e3o tanto para .shp como para .dxf. \u00c9 recomend\u00e1vel evitar o uso de linhas curvas, as quais podem gerar erros durante a convers\u00e3o dos dados por parte do software.<\/p>\n<p><strong>Outra poss\u00edveis d\u00favidas poder\u00e3o ser sanadas com auxilio de nosso Help (<a href=\"https:\/\/wp.ufpel.edu.br\/urbanmetrics\/files\/2021\/03\/Help_UrbanMetrics.pdf\" target=\"_blank\" rel=\"noopener noreferrer\">Clique aqui<\/a>), ou entrando em Contato com nossa equipe (<a href=\"https:\/\/wp.ufpel.edu.br\/urbanmetrics\/contato\/\">Clique Aqui<\/a>).<\/strong><\/p>\n<p style=\"text-align: center\">* * *<\/p>\n<p><strong><span style=\"font-size: 18pt\">Refer\u00eancias<\/span><\/strong><\/p>\n<p>T\u00edtulo: <a href=\"https:\/\/wp.ufpel.edu.br\/urbanmetrics\/files\/2021\/03\/Convergencia_Paper-Final-99_revisado.pdf\" target=\"_blank\" rel=\"noopener noreferrer\">Converg\u00eancia Urbana: Uma Alternativa para Manejar com o Uso do Solo<\/a><\/p>\n<p>Autores: Maur\u00edcio Couto Polidori; Romulo Krafta; M\u00e1rcio Andr\u00e9 Midon; Fabr\u00edcio Vergara da Mota; Marina<br \/>\nCa\u00f1as Martins; Clarissa Castro Calderipe; Mateus Treptow Coswig; Nidiara Moraes Vargas; Felipe Fernandes.<\/p>\n<p>&#8211;<\/p>\n<p>T\u00edtulo:\u00a0<a href=\"\/\/www.sedest.pr.gov.br\/sites\/default\/arquivos_restritos\/files\/documento\/2020-03\/matinhos_caderno_propostas.pdf\" target=\"_blank\" rel=\"noopener noreferrer\">Avalia\u00e7\u00e3o da proposta de estrutura vi\u00e1ria para a \u00c1rea Urbana de Matinhos, PR, utilizando o software Medidas Urbanas\u00ae e o modelo de centralidade.<\/a><\/p>\n<p>Autores: Maur\u00edcio Couto Polidori, Maria Carolina Leal.<\/p>\n<p>&#8211;<\/p>\n<p>T\u00edtulo: <a href=\"https:\/\/wp.ufpel.edu.br\/urbanmetrics\/files\/2021\/03\/MATINHOS_3_Plano-Diretor-1.pdf\" target=\"_blank\" rel=\"noopener noreferrer\">Centralidade aplicada ao plano diretor.<\/a><\/p>\n<p>Autores: Maur\u00edcio Couto Polidori, Maria Carolina Leal.<\/p>\n<p>&#8211;<\/p>\n<p>T\u00edtulo: <a href=\"https:\/\/www.lume.ufrgs.br\/bitstream\/handle\/10183\/29133\/000772715.pdf?sequence=1&amp;isAllowed=y\" target=\"_blank\" rel=\"noopener noreferrer\">An\u00e1lise configuracional da forma urbana e sua estrutura cognitiva.<\/a><\/p>\n<p>Autores: Ana Paula Neto de Faria.<\/p>\n<p>&#8211;<\/p>\n<p>T\u00edtulo: <a href=\"https:\/\/docero.com.br\/doc\/v0180\" target=\"_blank\" rel=\"noopener noreferrer\">Padr\u00f5es de tra\u00e7ado vi\u00e1rio urbano e acessibilidade: Uma abordagem das rela\u00e7\u00f5es com o sistema de circula\u00e7\u00e3o.<\/a><\/p>\n<p>Autores: Evaldo Tavares Kr\u00fcger<\/p>\n<p>&#8211;<\/p>\n<p>T\u00edtulo: <a href=\"https:\/\/www2.ufpel.edu.br\/enpos\/2011\/anais\/pdf\/SA\/SA_00356.pdf\" target=\"_blank\" rel=\"noopener noreferrer\">Morfologia urbana e ambiente: Um estudo explorat\u00f3rio sobre os efeitos da renaturaliza\u00e7\u00e3o na estrutura configuracional urbana.<\/a><\/p>\n<p>Autores: Jana\u00edna Ayres de Lima.<\/p>\n<p>&#8211;<\/p>\n<p>T\u00edtulo: <a href=\"https:\/\/lume.ufrgs.br\/bitstream\/handle\/10183\/85210\/000906331.pdf;jsessionid=A9171837DB465F1E7B43D349DEBD3114?sequence=1\" target=\"_blank\" rel=\"noopener noreferrer\">Configura\u00e7\u00e3o e Pr\u00e1ticas no Espa\u00e7o Urbano: uma an\u00e1lise da estrutura espacial urbana.<\/a><\/p>\n<p>Autores: Ana Paula Polidori Zechlinski<\/p>\n<p>&#8211;<\/p>\n<p>T\u00edtulo: <a href=\"http:\/\/guaiaca.ufpel.edu.br:8080\/bitstream\/prefix\/5206\/1\/DANIEL_PAIM_Dissertacao.pdf\" target=\"_blank\" rel=\"noopener noreferrer\">Comportamento Agregado da Medida de Acessibilidade na Descri\u00e7\u00e3o da Morfologia Urbana.<\/a><\/p>\n<p>Autores: Daniel Trindade Paim.<\/p>\n<p>&#8211;<\/p>\n<p>T\u00edtulo: <a href=\"https:\/\/wp.ufpel.edu.br\/eiccmu\/files\/2019\/02\/capa_fapergs-mesclado-compactado.pdf\" target=\"_blank\" rel=\"noopener noreferrer\">O Com\u00e9rcio em Cidades de Fronteira entre Brasil e Uruguai: Identificando padr\u00f5es nos tecidos intraurbanos de Acegu\u00e1\/Acegua, Chu\u00ed\/Chuy e Santana do Livramento\/Rivera.<\/a><\/p>\n<p>Autores: Felipe Dotto de Moraes.<\/p>\n<p>&#8211;<\/p>\n<p>T\u00edtulo: <a href=\"https:\/\/periodicos.ufpel.edu.br\/ojs2\/index.php\/Projectare\/article\/download\/19157\/12315\" target=\"_blank\" rel=\"noopener noreferrer\">O Com\u00e9rcio em Cidades de Fronteira entre Brasil Uruguai.<\/a><\/p>\n<p>Autores: Felipe Dotto de Moraes.<\/p>\n","protected":false},"excerpt":{"rendered":"<p>Principais D\u00favidas Ap\u00f3s inserir ou realizar o processamento de dados no UrbanMetrics, os dados n\u00e3o foram listados no Gerenciador de Camadas: Neste caso, \u00e9 recomendado o duplo clique sobre a aba &#8220;Input&#8221; para dados&#46;&#46;&#46;<\/p>\n","protected":false},"author":420,"featured_media":0,"parent":0,"menu_order":0,"comment_status":"closed","ping_status":"closed","template":"","meta":{"footnotes":""},"class_list":["post-169","page","type-page","status-publish","hentry"],"jetpack_sharing_enabled":true,"_links":{"self":[{"href":"https:\/\/wp.ufpel.edu.br\/urbanmetrics\/wp-json\/wp\/v2\/pages\/169","targetHints":{"allow":["GET"]}}],"collection":[{"href":"https:\/\/wp.ufpel.edu.br\/urbanmetrics\/wp-json\/wp\/v2\/pages"}],"about":[{"href":"https:\/\/wp.ufpel.edu.br\/urbanmetrics\/wp-json\/wp\/v2\/types\/page"}],"author":[{"embeddable":true,"href":"https:\/\/wp.ufpel.edu.br\/urbanmetrics\/wp-json\/wp\/v2\/users\/420"}],"replies":[{"embeddable":true,"href":"https:\/\/wp.ufpel.edu.br\/urbanmetrics\/wp-json\/wp\/v2\/comments?post=169"}],"version-history":[{"count":6,"href":"https:\/\/wp.ufpel.edu.br\/urbanmetrics\/wp-json\/wp\/v2\/pages\/169\/revisions"}],"predecessor-version":[{"id":182,"href":"https:\/\/wp.ufpel.edu.br\/urbanmetrics\/wp-json\/wp\/v2\/pages\/169\/revisions\/182"}],"wp:attachment":[{"href":"https:\/\/wp.ufpel.edu.br\/urbanmetrics\/wp-json\/wp\/v2\/media?parent=169"}],"curies":[{"name":"wp","href":"https:\/\/api.w.org\/{rel}","templated":true}]}}