{"id":7,"date":"2025-04-28T16:45:24","date_gmt":"2025-04-28T19:45:24","guid":{"rendered":"https:\/\/wp.ufpel.edu.br\/unifica\/?page_id=7"},"modified":"2025-05-07T13:28:42","modified_gmt":"2025-05-07T16:28:42","slug":"sobre","status":"publish","type":"page","link":"https:\/\/wp.ufpel.edu.br\/unifica\/sobre\/","title":{"rendered":"SOBRE"},"content":{"rendered":"<div id=\"pl-7\"  class=\"panel-layout\" ><div id=\"pg-7-0\"  class=\"panel-grid panel-no-style\" ><div id=\"pgc-7-0-0\"  class=\"panel-grid-cell\" ><div id=\"panel-7-0-0-0\" class=\"so-panel widget widget_sow-editor panel-first-child panel-last-child\" data-index=\"0\" ><div\n\t\t\t\n\t\t\tclass=\"so-widget-sow-editor so-widget-sow-editor-base\"\n\t\t\t\n\t\t>\n<div class=\"siteorigin-widget-tinymce textwidget\">\n\t<p class=\"ds-markdown-paragraph\">O\u00a0<strong>II Congresso UNIFICA<\/strong>\u00a0\u00e9 o principal evento de integra\u00e7\u00e3o acad\u00eamica do Centro de Artes da UFPel, reunindo projetos unificados de ensino, pesquisa e extens\u00e3o em um di\u00e1logo multidisciplinar. Em sua segunda edi\u00e7\u00e3o, ocorrer\u00e1 de\u00a0<strong>1,2 e 3 de Julho 2025<\/strong>, de forma\u00a0<strong>presencial e gratuita<\/strong>, nos espa\u00e7os do CA\/UFPel.<\/p>\n<p class=\"ds-markdown-paragraph\"><strong>Objetivo<\/strong><br \/>\nPromover a socializa\u00e7\u00e3o e reflex\u00e3o cr\u00edtica sobre as produ\u00e7\u00f5es art\u00edsticas e acad\u00eamicas desenvolvidas no Centro de Artes, atrav\u00e9s de:<\/p>\n<ul>\n<li>\n<p class=\"ds-markdown-paragraph\">Apresenta\u00e7\u00f5es em Grupos Tem\u00e1ticos<\/p>\n<\/li>\n<li>\n<p class=\"ds-markdown-paragraph\">Mostra Art\u00edstica multiformato<\/p>\n<\/li>\n<li>\n<p class=\"ds-markdown-paragraph\">Confer\u00eancias e debates<\/p>\n<\/li>\n<\/ul>\n<p class=\"ds-markdown-paragraph\"><strong>Eixos Tem\u00e1ticos<\/strong><\/p>\n<ol start=\"1\">\n<li>\n<p class=\"ds-markdown-paragraph\"><strong>Educa\u00e7\u00e3o, Arte e Sustentabilidade<\/strong><br \/>\nPr\u00e1ticas pedag\u00f3gicas e experi\u00eancias criativas na forma\u00e7\u00e3o art\u00edstica.<\/p>\n<\/li>\n<li>\n<p class=\"ds-markdown-paragraph\"><strong>Arte, Comunidade e Inova\u00e7\u00e3o<\/strong><br \/>\nInterse\u00e7\u00f5es entre saberes tradicionais, tecnologias e transforma\u00e7\u00e3o social.<\/p>\n<\/li>\n<li>\n<p class=\"ds-markdown-paragraph\"><strong>Artes, Diversidades e Pol\u00edticas P\u00fablicas<\/strong><br \/>\nArte como ferramenta de inclus\u00e3o e resist\u00eancia.<\/p>\n<\/li>\n<li>\n<p class=\"ds-markdown-paragraph\"><strong>Po\u00e9ticas Contempor\u00e2neas<\/strong><br \/>\nProcessos criativos e experimenta\u00e7\u00e3o art\u00edstica.<\/p>\n<\/li>\n<li>\n<p class=\"ds-markdown-paragraph\"><strong>Hist\u00f3ria, Teoria e Cr\u00edtica das Artes<\/strong><br \/>\nPesquisas sobre mem\u00f3ria e produ\u00e7\u00e3o art\u00edstica em perspectiva hist\u00f3rica.<\/p>\n<\/li>\n<\/ol>\n<p class=\"ds-markdown-paragraph\"><strong>Modalidades de Participa\u00e7\u00e3o<\/strong><\/p>\n<ul>\n<li>\n<p class=\"ds-markdown-paragraph\"><strong>Grupos Tem\u00e1ticos<\/strong>: Para submiss\u00e3o de pesquisas acad\u00eamicas (orais ou performativas).<\/p>\n<\/li>\n<li>\n<p class=\"ds-markdown-paragraph\"><strong>Mostra Art\u00edstica<\/strong>: Para apresenta\u00e7\u00e3o de obras art\u00edsticas vinculadas a projetos do CA.<\/p>\n<\/li>\n<li>\n<p class=\"ds-markdown-paragraph\"><strong>Ouvinte<\/strong>: Participa\u00e7\u00e3o aberta a toda comunidade acad\u00eamica.<\/p>\n<\/li>\n<\/ul>\n<p class=\"ds-markdown-paragraph\"><strong>Realiza\u00e7\u00e3o<\/strong><br \/>\nComiss\u00e3o Organizadora do UNIFICA e Central de C\u00e2maras do Centro de Artes\/UFPel.<br \/>\nContato:\u00a0<a href=\"https:\/\/mailto:unifica.ca@gmail.com\/\" target=\"_blank\" rel=\"noopener noreferrer\">unifica.ca@gmail.com<\/a><\/p>\n<\/div>\n<\/div><\/div><\/div><\/div><\/div>","protected":false},"excerpt":{"rendered":"<p>O\u00a0II Congresso UNIFICA\u00a0\u00e9 o principal evento de integra\u00e7\u00e3o acad\u00eamica do Centro de Artes da UFPel, reunindo projetos unificados de ensino, pesquisa e extens\u00e3o em um di\u00e1logo multidisciplinar. Em sua segunda edi\u00e7\u00e3o, ocorrer\u00e1 de\u00a01,2 e 3 de Julho 2025, de forma\u00a0presencial e gratuita, nos espa\u00e7os do CA\/UFPel. Objetivo Promover a socializa\u00e7\u00e3o e reflex\u00e3o cr\u00edtica sobre as [&hellip;]<\/p>\n","protected":false},"author":1182,"featured_media":0,"parent":0,"menu_order":0,"comment_status":"closed","ping_status":"closed","template":"","meta":{"footnotes":""},"class_list":["post-7","page","type-page","status-publish","hentry","post"],"_links":{"self":[{"href":"https:\/\/wp.ufpel.edu.br\/unifica\/wp-json\/wp\/v2\/pages\/7","targetHints":{"allow":["GET"]}}],"collection":[{"href":"https:\/\/wp.ufpel.edu.br\/unifica\/wp-json\/wp\/v2\/pages"}],"about":[{"href":"https:\/\/wp.ufpel.edu.br\/unifica\/wp-json\/wp\/v2\/types\/page"}],"author":[{"embeddable":true,"href":"https:\/\/wp.ufpel.edu.br\/unifica\/wp-json\/wp\/v2\/users\/1182"}],"replies":[{"embeddable":true,"href":"https:\/\/wp.ufpel.edu.br\/unifica\/wp-json\/wp\/v2\/comments?post=7"}],"version-history":[{"count":4,"href":"https:\/\/wp.ufpel.edu.br\/unifica\/wp-json\/wp\/v2\/pages\/7\/revisions"}],"predecessor-version":[{"id":158,"href":"https:\/\/wp.ufpel.edu.br\/unifica\/wp-json\/wp\/v2\/pages\/7\/revisions\/158"}],"wp:attachment":[{"href":"https:\/\/wp.ufpel.edu.br\/unifica\/wp-json\/wp\/v2\/media?parent=7"}],"curies":[{"name":"wp","href":"https:\/\/api.w.org\/{rel}","templated":true}]}}