{"id":38,"date":"2023-10-21T02:32:01","date_gmt":"2023-10-21T05:32:01","guid":{"rendered":"https:\/\/wp.ufpel.edu.br\/ulisses\/?page_id=38"},"modified":"2023-10-21T02:32:28","modified_gmt":"2023-10-21T05:32:28","slug":"materiais","status":"publish","type":"page","link":"https:\/\/wp.ufpel.edu.br\/ulisses\/materiais\/","title":{"rendered":"Materiais"},"content":{"rendered":"<h1>Materiais<\/h1>\n<p>Sugest\u00f5es de sites, livros e canais de v\u00eddeos sobre Intelig\u00eancia Artificial e Aprendizado de M\u00e1quina.<\/p>\n","protected":false},"excerpt":{"rendered":"<p>Materiais Sugest\u00f5es de sites, livros e canais de v\u00eddeos sobre Intelig\u00eancia Artificial e Aprendizado de M\u00e1quina.<\/p>\n","protected":false},"author":1214,"featured_media":0,"parent":0,"menu_order":3,"comment_status":"closed","ping_status":"closed","template":"","meta":{"footnotes":""},"class_list":["post-38","page","type-page","status-publish","hentry"],"jetpack_sharing_enabled":true,"_links":{"self":[{"href":"https:\/\/wp.ufpel.edu.br\/ulisses\/wp-json\/wp\/v2\/pages\/38","targetHints":{"allow":["GET"]}}],"collection":[{"href":"https:\/\/wp.ufpel.edu.br\/ulisses\/wp-json\/wp\/v2\/pages"}],"about":[{"href":"https:\/\/wp.ufpel.edu.br\/ulisses\/wp-json\/wp\/v2\/types\/page"}],"author":[{"embeddable":true,"href":"https:\/\/wp.ufpel.edu.br\/ulisses\/wp-json\/wp\/v2\/users\/1214"}],"replies":[{"embeddable":true,"href":"https:\/\/wp.ufpel.edu.br\/ulisses\/wp-json\/wp\/v2\/comments?post=38"}],"version-history":[{"count":1,"href":"https:\/\/wp.ufpel.edu.br\/ulisses\/wp-json\/wp\/v2\/pages\/38\/revisions"}],"predecessor-version":[{"id":40,"href":"https:\/\/wp.ufpel.edu.br\/ulisses\/wp-json\/wp\/v2\/pages\/38\/revisions\/40"}],"wp:attachment":[{"href":"https:\/\/wp.ufpel.edu.br\/ulisses\/wp-json\/wp\/v2\/media?parent=38"}],"curies":[{"name":"wp","href":"https:\/\/api.w.org\/{rel}","templated":true}]}}