{"id":2,"date":"2022-01-02T10:19:42","date_gmt":"2022-01-02T13:19:42","guid":{"rendered":"https:\/\/wp.ufpel.edu.br\/ulisses\/?page_id=2"},"modified":"2023-10-25T12:43:26","modified_gmt":"2023-10-25T15:43:26","slug":"pagina-exemplo","status":"publish","type":"page","link":"https:\/\/wp.ufpel.edu.br\/ulisses\/","title":{"rendered":"Geral"},"content":{"rendered":"\r\n<h1><strong>Professor Ulisses Brisolara Corr\u00eaa<\/strong><\/h1>\r\n<div id=\"attachment_41\" style=\"width: 219px\" class=\"wp-caption alignleft\"><img aria-describedby=\"caption-attachment-41\" class=\"size-full wp-image-41\" src=\"https:\/\/wp.ufpel.edu.br\/ulisses\/files\/2023\/10\/foto_lattes_ulisses.jpg\" alt=\"foto de ulisses brisolara correa\" width=\"209\" height=\"203\" \/><p id=\"caption-attachment-41\" class=\"wp-caption-text\">Ulisses Brisolara Corr\u00eaa<\/p><\/div>\r\n<p>Ulisses \u00e9 Professor Adjunto do Centro de Desenvolvimento Tecnol\u00f3gico da Universidade Federal de Pelotas.\u00a0 Atualmente coordena o <a href=\"http:\/\/ia.ufpel.edu.br\/\">Hub de Inova\u00e7\u00e3o em Intelig\u00eancia Artificial<\/a>.<\/p>\r\n<p>&nbsp;<\/p>\r\n<h3>\u00a0<\/h3>\r\n<h3>\u00a0<\/h3>\r\n<h3>\u00a0<\/h3>\r\n<h3>\u00a0<\/h3>\r\n<h3>Curriculum Lattes<\/h3>\r\n<p><a href=\"http:\/\/lattes.cnpq.br\/0011651263573884\">http:\/\/lattes.cnpq.br\/0011651263573884<\/a><\/p>\r\n<h3>Redes Sociais<\/h3>\r\n<p><a href=\"https:\/\/www.linkedin.com\/in\/ubcorrea\/\">https:\/\/www.linkedin.com\/in\/ubcorrea\/<\/a><\/p>\r\n<p>&nbsp;<\/p>\r\n<p>&nbsp;<\/p>\r\n<p>&nbsp;<\/p>\r\n","protected":false},"excerpt":{"rendered":"<p>Professor Ulisses Brisolara Corr\u00eaa Ulisses \u00e9 Professor Adjunto do Centro de Desenvolvimento Tecnol\u00f3gico da Universidade Federal de Pelotas.\u00a0 Atualmente coordena o Hub de Inova\u00e7\u00e3o em Intelig\u00eancia Artificial. &nbsp; \u00a0 \u00a0 \u00a0 \u00a0 Curriculum Lattes http:\/\/lattes.cnpq.br\/0011651263573884 Redes Sociais https:\/\/www.linkedin.com\/in\/ubcorrea\/ &nbsp; &nbsp; &nbsp;<\/p>\n","protected":false},"author":1214,"featured_media":0,"parent":0,"menu_order":0,"comment_status":"closed","ping_status":"closed","template":"","meta":{"footnotes":""},"class_list":["post-2","page","type-page","status-publish","hentry"],"jetpack_sharing_enabled":true,"_links":{"self":[{"href":"https:\/\/wp.ufpel.edu.br\/ulisses\/wp-json\/wp\/v2\/pages\/2","targetHints":{"allow":["GET"]}}],"collection":[{"href":"https:\/\/wp.ufpel.edu.br\/ulisses\/wp-json\/wp\/v2\/pages"}],"about":[{"href":"https:\/\/wp.ufpel.edu.br\/ulisses\/wp-json\/wp\/v2\/types\/page"}],"author":[{"embeddable":true,"href":"https:\/\/wp.ufpel.edu.br\/ulisses\/wp-json\/wp\/v2\/users\/1214"}],"replies":[{"embeddable":true,"href":"https:\/\/wp.ufpel.edu.br\/ulisses\/wp-json\/wp\/v2\/comments?post=2"}],"version-history":[{"count":7,"href":"https:\/\/wp.ufpel.edu.br\/ulisses\/wp-json\/wp\/v2\/pages\/2\/revisions"}],"predecessor-version":[{"id":44,"href":"https:\/\/wp.ufpel.edu.br\/ulisses\/wp-json\/wp\/v2\/pages\/2\/revisions\/44"}],"wp:attachment":[{"href":"https:\/\/wp.ufpel.edu.br\/ulisses\/wp-json\/wp\/v2\/media?parent=2"}],"curies":[{"name":"wp","href":"https:\/\/api.w.org\/{rel}","templated":true}]}}