{"id":83,"date":"2021-05-14T15:58:58","date_gmt":"2021-05-14T18:58:58","guid":{"rendered":"https:\/\/wp.ufpel.edu.br\/ufpelnoteumundo\/?page_id=83"},"modified":"2021-05-26T11:02:28","modified_gmt":"2021-05-26T14:02:28","slug":"sobre-nos","status":"publish","type":"page","link":"https:\/\/wp.ufpel.edu.br\/ufpelnoteumundo\/sobre-nos\/","title":{"rendered":"SOBRE N\u00d3S"},"content":{"rendered":"<h3>UFPEL no teu mundo \u2013 conhe\u00e7a um pouco o projeto<\/h3>\n<p>A proposta do projeto \u201cUFPEL no teu mundo\u201d \u00e9 criar um ambiente de comunica\u00e7\u00e3o para informar a comunidade interna e externa acerca de diversas atividades e pesquisas que s\u00e3o realizadas nas mais variadas inst\u00e2ncias da universidade e que, de alguma forma, impactam a sociedade.<\/p>\n<p>Para isso, propomos a conex\u00e3o de diferentes atividades midi\u00e1ticas que tenham um espa\u00e7o central que vai congregar v\u00eddeos, podcasts e artigos desenvolvidos por professores e servidores t\u00e9cnico-administrativos da UFPEL. Tudo ficar\u00e1 centralizado e dispon\u00edvel para acesso dos conte\u00fados nesse site.<\/p>\n<p>O projeto tem o objetivo de aproximar a academia da sociedade a partir da propaga\u00e7\u00e3o dos conhecimentos desenvolvidos na UFPEL por meio das atividades de ensino, pesquisa e extens\u00e3o.<\/p>\n<p>&nbsp;<\/p>\n<p><img class=\"alignnone wp-image-54\" src=\"https:\/\/wp.ufpel.edu.br\/ufpelnoteumundo\/files\/2021\/05\/Logo_UFPel-no-Teu-Mundo_Color-1.png\" alt=\"\" width=\"456\" height=\"266\" srcset=\"https:\/\/wp.ufpel.edu.br\/ufpelnoteumundo\/files\/2021\/05\/Logo_UFPel-no-Teu-Mundo_Color-1.png 1272w, https:\/\/wp.ufpel.edu.br\/ufpelnoteumundo\/files\/2021\/05\/Logo_UFPel-no-Teu-Mundo_Color-1-400x233.png 400w, https:\/\/wp.ufpel.edu.br\/ufpelnoteumundo\/files\/2021\/05\/Logo_UFPel-no-Teu-Mundo_Color-1-1024x597.png 1024w, https:\/\/wp.ufpel.edu.br\/ufpelnoteumundo\/files\/2021\/05\/Logo_UFPel-no-Teu-Mundo_Color-1-768x447.png 768w\" sizes=\"(max-width: 456px) 100vw, 456px\" \/><\/p>\n","protected":false},"excerpt":{"rendered":"<p>UFPEL no teu mundo \u2013 conhe\u00e7a um pouco o projeto A proposta do projeto \u201cUFPEL no teu mundo\u201d \u00e9 criar um ambiente de comunica\u00e7\u00e3o para informar a comunidade interna e externa acerca de diversas atividades e pesquisas que s\u00e3o realizadas nas mais variadas inst\u00e2ncias da universidade e que, de alguma forma, impactam a sociedade. Para [&hellip;]<\/p>\n","protected":false},"author":394,"featured_media":0,"parent":0,"menu_order":0,"comment_status":"closed","ping_status":"closed","template":"","meta":{"footnotes":""},"class_list":["post-83","page","type-page","status-publish","hentry"],"_links":{"self":[{"href":"https:\/\/wp.ufpel.edu.br\/ufpelnoteumundo\/wp-json\/wp\/v2\/pages\/83","targetHints":{"allow":["GET"]}}],"collection":[{"href":"https:\/\/wp.ufpel.edu.br\/ufpelnoteumundo\/wp-json\/wp\/v2\/pages"}],"about":[{"href":"https:\/\/wp.ufpel.edu.br\/ufpelnoteumundo\/wp-json\/wp\/v2\/types\/page"}],"author":[{"embeddable":true,"href":"https:\/\/wp.ufpel.edu.br\/ufpelnoteumundo\/wp-json\/wp\/v2\/users\/394"}],"replies":[{"embeddable":true,"href":"https:\/\/wp.ufpel.edu.br\/ufpelnoteumundo\/wp-json\/wp\/v2\/comments?post=83"}],"version-history":[{"count":6,"href":"https:\/\/wp.ufpel.edu.br\/ufpelnoteumundo\/wp-json\/wp\/v2\/pages\/83\/revisions"}],"predecessor-version":[{"id":207,"href":"https:\/\/wp.ufpel.edu.br\/ufpelnoteumundo\/wp-json\/wp\/v2\/pages\/83\/revisions\/207"}],"wp:attachment":[{"href":"https:\/\/wp.ufpel.edu.br\/ufpelnoteumundo\/wp-json\/wp\/v2\/media?parent=83"}],"curies":[{"name":"wp","href":"https:\/\/api.w.org\/{rel}","templated":true}]}}