{"id":75,"date":"2021-05-14T15:56:46","date_gmt":"2021-05-14T18:56:46","guid":{"rendered":"https:\/\/wp.ufpel.edu.br\/ufpelnoteumundo\/?page_id=75"},"modified":"2021-12-01T18:39:09","modified_gmt":"2021-12-01T21:39:09","slug":"videos","status":"publish","type":"page","link":"https:\/\/wp.ufpel.edu.br\/ufpelnoteumundo\/videos\/","title":{"rendered":"V\u00cdDEOS"},"content":{"rendered":"<h2><img class=\"alignnone size-full wp-image-107\" src=\"https:\/\/wp.ufpel.edu.br\/ufpelnoteumundo\/files\/2021\/05\/teste3.png\" alt=\"\" width=\"984\" height=\"220\" srcset=\"https:\/\/wp.ufpel.edu.br\/ufpelnoteumundo\/files\/2021\/05\/teste3.png 984w, https:\/\/wp.ufpel.edu.br\/ufpelnoteumundo\/files\/2021\/05\/teste3-400x89.png 400w, https:\/\/wp.ufpel.edu.br\/ufpelnoteumundo\/files\/2021\/05\/teste3-768x172.png 768w\" sizes=\"(max-width: 984px) 100vw, 984px\" \/><\/h2>\n<h3><span style=\"color: #333333\"><strong>09 &#8211; Desvendando o ingresso por cotas na UFPel<\/strong><\/span><\/h3>\n<p><iframe title=\"UFPel no teu mundo - conhecimento, ci\u00eancia e educa\u00e7\u00e3o para a sociedade. [#09]\" width=\"500\" height=\"281\" src=\"https:\/\/www.youtube.com\/embed\/9DubEh_7sdc?feature=oembed\" frameborder=\"0\" allow=\"accelerometer; autoplay; clipboard-write; encrypted-media; gyroscope; picture-in-picture; web-share\" referrerpolicy=\"strict-origin-when-cross-origin\" allowfullscreen><\/iframe><\/p>\n<h3><span style=\"color: #333333\"><strong>08 &#8211; Edi\u00e7\u00e3o Especial: Retorno Gradual Presencial das Atividades da UFPel\u00a0<\/strong><\/span><\/h3>\n<p><iframe title=\"UFPel no teu mundo - conhecimento, ci\u00eancia e educa\u00e7\u00e3o para a sociedade. [#08]\" width=\"500\" height=\"281\" src=\"https:\/\/www.youtube.com\/embed\/d6SvnQHhbYw?feature=oembed\" frameborder=\"0\" allow=\"accelerometer; autoplay; clipboard-write; encrypted-media; gyroscope; picture-in-picture; web-share\" referrerpolicy=\"strict-origin-when-cross-origin\" allowfullscreen><\/iframe><\/p>\n<h3><span style=\"color: #333333\">07 &#8211; Conhecendo os Museus da UFPel<\/span><\/h3>\n<p><iframe title=\"UFPel no teu mundo - conhecimento, ci\u00eancia e educa\u00e7\u00e3o para a sociedade. [#07]\" width=\"500\" height=\"281\" src=\"https:\/\/www.youtube.com\/embed\/wlp1SxDArNs?feature=oembed\" frameborder=\"0\" allow=\"accelerometer; autoplay; clipboard-write; encrypted-media; gyroscope; picture-in-picture; web-share\" referrerpolicy=\"strict-origin-when-cross-origin\" allowfullscreen><\/iframe><\/p>\n<h3><span style=\"color: #333333\">06 &#8211; Volta \u00e0s aulas, acervo bibliogr\u00e1fico digital e publica\u00e7\u00f5es da UFPel<\/span><\/h3>\n<p><iframe title=\"UFPel no teu mundo - conhecimento, ci\u00eancia e educa\u00e7\u00e3o para a sociedade. [#06]\" width=\"500\" height=\"281\" src=\"https:\/\/www.youtube.com\/embed\/tWNyXZGvlk8?feature=oembed\" frameborder=\"0\" allow=\"accelerometer; autoplay; clipboard-write; encrypted-media; gyroscope; picture-in-picture; web-share\" referrerpolicy=\"strict-origin-when-cross-origin\" allowfullscreen><\/iframe><\/p>\n<h3><span style=\"color: #333333\">05 &#8211; Calend\u00e1rio acad\u00eamico 2021\/1: di\u00e1logos com a PRE<\/span><\/h3>\n<p><iframe title=\"UFPel no teu mundo - conhecimento, ci\u00eancia e educa\u00e7\u00e3o para a sociedade. [#05]\" width=\"500\" height=\"281\" src=\"https:\/\/www.youtube.com\/embed\/4yXJn5QrFTo?feature=oembed\" frameborder=\"0\" allow=\"accelerometer; autoplay; clipboard-write; encrypted-media; gyroscope; picture-in-picture; web-share\" referrerpolicy=\"strict-origin-when-cross-origin\" allowfullscreen><\/iframe><\/p>\n<h3 class=\"corTexto\"><span style=\"color: #333333\">04 &#8211; A Pesquisa e sua influ\u00eancia na Sociedade\u00a0<\/span><\/h3>\n<p><iframe title=\"UFPel no teu mundo - conhecimento, ci\u00eancia e educa\u00e7\u00e3o para a sociedade. [#04]\" width=\"500\" height=\"281\" src=\"https:\/\/www.youtube.com\/embed\/l94ISfUMvL0?feature=oembed\" frameborder=\"0\" allow=\"accelerometer; autoplay; clipboard-write; encrypted-media; gyroscope; picture-in-picture; web-share\" referrerpolicy=\"strict-origin-when-cross-origin\" allowfullscreen><\/iframe><\/p>\n<h3><span style=\"color: #333333\">03 &#8211; \u00caxitos e Desafios da Assist\u00eancia Estudantil na UFPel\u00a0<\/span><\/h3>\n<p><iframe title=\"UFPel no teu mundo - conhecimento, ci\u00eancia e educa\u00e7\u00e3o para a sociedade. [#03]\" width=\"500\" height=\"281\" src=\"https:\/\/www.youtube.com\/embed\/Mh3s6cHM3lQ?feature=oembed\" frameborder=\"0\" allow=\"accelerometer; autoplay; clipboard-write; encrypted-media; gyroscope; picture-in-picture; web-share\" referrerpolicy=\"strict-origin-when-cross-origin\" allowfullscreen><\/iframe><\/p>\n<h3><span style=\"color: #333333\">02 &#8211; Or\u00e7amento da UFPel\u00a0<\/span><\/h3>\n<p><iframe title=\"UFPel no teu mundo - conhecimento, ci\u00eancia e educa\u00e7\u00e3o para a sociedade. [#02]\" width=\"500\" height=\"281\" src=\"https:\/\/www.youtube.com\/embed\/u5dahUUWxTQ?feature=oembed\" frameborder=\"0\" allow=\"accelerometer; autoplay; clipboard-write; encrypted-media; gyroscope; picture-in-picture; web-share\" referrerpolicy=\"strict-origin-when-cross-origin\" allowfullscreen><\/iframe><\/p>\n<h3><span style=\"color: #333333\">01 &#8211; UFPel na Pandemia\u00a0<\/span><\/h3>\n<p><iframe title=\"UFPel no teu mundo - conhecimento, ci\u00eancia e educa\u00e7\u00e3o para a sociedade. [#01]\" width=\"500\" height=\"281\" src=\"https:\/\/www.youtube.com\/embed\/OZjnsl-MmUY?start=22&#038;feature=oembed\" frameborder=\"0\" allow=\"accelerometer; autoplay; clipboard-write; encrypted-media; gyroscope; picture-in-picture; web-share\" referrerpolicy=\"strict-origin-when-cross-origin\" allowfullscreen><\/iframe><\/p>\n","protected":false},"excerpt":{"rendered":"<p>09 &#8211; Desvendando o ingresso por cotas na UFPel 08 &#8211; Edi\u00e7\u00e3o Especial: Retorno Gradual Presencial das Atividades da UFPel\u00a0 07 &#8211; Conhecendo os Museus da UFPel 06 &#8211; Volta \u00e0s aulas, acervo bibliogr\u00e1fico digital e publica\u00e7\u00f5es da UFPel 05 &#8211; Calend\u00e1rio acad\u00eamico 2021\/1: di\u00e1logos com a PRE 04 &#8211; A Pesquisa e sua influ\u00eancia [&hellip;]<\/p>\n","protected":false},"author":394,"featured_media":0,"parent":0,"menu_order":0,"comment_status":"closed","ping_status":"closed","template":"","meta":{"footnotes":""},"class_list":["post-75","page","type-page","status-publish","hentry"],"_links":{"self":[{"href":"https:\/\/wp.ufpel.edu.br\/ufpelnoteumundo\/wp-json\/wp\/v2\/pages\/75","targetHints":{"allow":["GET"]}}],"collection":[{"href":"https:\/\/wp.ufpel.edu.br\/ufpelnoteumundo\/wp-json\/wp\/v2\/pages"}],"about":[{"href":"https:\/\/wp.ufpel.edu.br\/ufpelnoteumundo\/wp-json\/wp\/v2\/types\/page"}],"author":[{"embeddable":true,"href":"https:\/\/wp.ufpel.edu.br\/ufpelnoteumundo\/wp-json\/wp\/v2\/users\/394"}],"replies":[{"embeddable":true,"href":"https:\/\/wp.ufpel.edu.br\/ufpelnoteumundo\/wp-json\/wp\/v2\/comments?post=75"}],"version-history":[{"count":33,"href":"https:\/\/wp.ufpel.edu.br\/ufpelnoteumundo\/wp-json\/wp\/v2\/pages\/75\/revisions"}],"predecessor-version":[{"id":348,"href":"https:\/\/wp.ufpel.edu.br\/ufpelnoteumundo\/wp-json\/wp\/v2\/pages\/75\/revisions\/348"}],"wp:attachment":[{"href":"https:\/\/wp.ufpel.edu.br\/ufpelnoteumundo\/wp-json\/wp\/v2\/media?parent=75"}],"curies":[{"name":"wp","href":"https:\/\/api.w.org\/{rel}","templated":true}]}}