{"id":72,"date":"2021-05-14T15:53:59","date_gmt":"2021-05-14T18:53:59","guid":{"rendered":"https:\/\/wp.ufpel.edu.br\/ufpelnoteumundo\/?page_id=72"},"modified":"2021-12-01T18:37:53","modified_gmt":"2021-12-01T21:37:53","slug":"podcast","status":"publish","type":"page","link":"https:\/\/wp.ufpel.edu.br\/ufpelnoteumundo\/podcast\/","title":{"rendered":"PODCAST"},"content":{"rendered":"<h3><img class=\"alignnone size-full wp-image-106\" src=\"https:\/\/wp.ufpel.edu.br\/ufpelnoteumundo\/files\/2021\/05\/teste2.png\" alt=\"\" width=\"984\" height=\"220\" srcset=\"https:\/\/wp.ufpel.edu.br\/ufpelnoteumundo\/files\/2021\/05\/teste2.png 984w, https:\/\/wp.ufpel.edu.br\/ufpelnoteumundo\/files\/2021\/05\/teste2-400x89.png 400w, https:\/\/wp.ufpel.edu.br\/ufpelnoteumundo\/files\/2021\/05\/teste2-768x172.png 768w\" sizes=\"(max-width: 984px) 100vw, 984px\" \/><\/h3>\n<h3><span style=\"color: #333333\"><strong>09 &#8211; Desvendando o ingresso por cotas na UFPel<\/strong><\/span><\/h3>\n<audio class=\"wp-audio-shortcode\" id=\"audio-72-1\" preload=\"none\" style=\"width: 100%;\" controls=\"controls\"><source type=\"audio\/mpeg\" src=\"https:\/\/wp.ufpel.edu.br\/ufpelnoteumundo\/files\/2021\/12\/podcast-9_reaper_-14LUFS_enviado.mp3?_=1\" \/><a href=\"https:\/\/wp.ufpel.edu.br\/ufpelnoteumundo\/files\/2021\/12\/podcast-9_reaper_-14LUFS_enviado.mp3\">https:\/\/wp.ufpel.edu.br\/ufpelnoteumundo\/files\/2021\/12\/podcast-9_reaper_-14LUFS_enviado.mp3<\/a><\/audio>\n<h3><span style=\"color: #333333\"><strong>08 &#8211; Edi\u00e7\u00e3o Especial: Retorno Gradual Presencial das Atividades da UFPel<\/strong><\/span><\/h3>\n<audio class=\"wp-audio-shortcode\" id=\"audio-72-2\" preload=\"none\" style=\"width: 100%;\" controls=\"controls\"><source type=\"audio\/mpeg\" src=\"https:\/\/wp.ufpel.edu.br\/ufpelnoteumundo\/files\/2021\/09\/podcast08_soudforge_-14LUFS_enviado.mp3?_=2\" \/><a href=\"https:\/\/wp.ufpel.edu.br\/ufpelnoteumundo\/files\/2021\/09\/podcast08_soudforge_-14LUFS_enviado.mp3\">https:\/\/wp.ufpel.edu.br\/ufpelnoteumundo\/files\/2021\/09\/podcast08_soudforge_-14LUFS_enviado.mp3<\/a><\/audio>\n<h3><span style=\"color: #333333\"><strong>07 &#8211; Conhecendo os Mus<\/strong><strong>eus da UFPel<\/strong><\/span><\/h3>\n<audio class=\"wp-audio-shortcode\" id=\"audio-72-3\" preload=\"none\" style=\"width: 100%;\" controls=\"controls\"><source type=\"audio\/mpeg\" src=\"https:\/\/wp.ufpel.edu.br\/ufpelnoteumundo\/files\/2021\/08\/podcast07_final_enviadomenor.mp3?_=3\" \/><a href=\"https:\/\/wp.ufpel.edu.br\/ufpelnoteumundo\/files\/2021\/08\/podcast07_final_enviadomenor.mp3\">https:\/\/wp.ufpel.edu.br\/ufpelnoteumundo\/files\/2021\/08\/podcast07_final_enviadomenor.mp3<\/a><\/audio>\n<h3>06 \u2013 Volta \u00e0s aulas, acervo bibliogr\u00e1fico digital e publica\u00e7\u00f5es da UFPel<\/h3>\n<audio class=\"wp-audio-shortcode\" id=\"audio-72-4\" preload=\"none\" style=\"width: 100%;\" controls=\"controls\"><source type=\"audio\/mpeg\" src=\"https:\/\/wp.ufpel.edu.br\/ufpelnoteumundo\/files\/2021\/08\/podcast06_final_1-1.mp3?_=4\" \/><a href=\"https:\/\/wp.ufpel.edu.br\/ufpelnoteumundo\/files\/2021\/08\/podcast06_final_1-1.mp3\">https:\/\/wp.ufpel.edu.br\/ufpelnoteumundo\/files\/2021\/08\/podcast06_final_1-1.mp3<\/a><\/audio>\n<h3><span style=\"color: #333333\">05 &#8211; Calend\u00e1rio acad\u00eamico 2021\/1: di\u00e1logos com a PRE<\/span><\/h3>\n<audio class=\"wp-audio-shortcode\" id=\"audio-72-5\" preload=\"none\" style=\"width: 100%;\" controls=\"controls\"><source type=\"audio\/mpeg\" src=\"https:\/\/wp.ufpel.edu.br\/ufpelnoteumundo\/files\/2021\/07\/podcast05_final_enviado.mp3?_=5\" \/><a href=\"https:\/\/wp.ufpel.edu.br\/ufpelnoteumundo\/files\/2021\/07\/podcast05_final_enviado.mp3\">https:\/\/wp.ufpel.edu.br\/ufpelnoteumundo\/files\/2021\/07\/podcast05_final_enviado.mp3<\/a><\/audio>\n<h3 class=\"corTexto\"><span style=\"color: #333333\">04 &#8211; A Pesquisa e sua influ\u00eancia na Sociedade\u00a0<\/span><\/h3>\n<audio class=\"wp-audio-shortcode\" id=\"audio-72-6\" preload=\"none\" style=\"width: 100%;\" controls=\"controls\"><source type=\"audio\/mpeg\" src=\"https:\/\/wp.ufpel.edu.br\/ufpelnoteumundo\/files\/2021\/07\/podcast04_final_enviado.mp3?_=6\" \/><a href=\"https:\/\/wp.ufpel.edu.br\/ufpelnoteumundo\/files\/2021\/07\/podcast04_final_enviado.mp3\">https:\/\/wp.ufpel.edu.br\/ufpelnoteumundo\/files\/2021\/07\/podcast04_final_enviado.mp3<\/a><\/audio>\n<h3>03 &#8211; \u00caxitos e Desafios da Assist\u00eancia Estudantil na UFPel<\/h3>\n<audio class=\"wp-audio-shortcode\" id=\"audio-72-7\" preload=\"none\" style=\"width: 100%;\" controls=\"controls\"><source type=\"audio\/mpeg\" src=\"https:\/\/wp.ufpel.edu.br\/ufpelnoteumundo\/files\/2021\/06\/podcast03final_menor.mp3?_=7\" \/><a href=\"https:\/\/wp.ufpel.edu.br\/ufpelnoteumundo\/files\/2021\/06\/podcast03final_menor.mp3\">https:\/\/wp.ufpel.edu.br\/ufpelnoteumundo\/files\/2021\/06\/podcast03final_menor.mp3<\/a><\/audio>\n<h3>02 &#8211; Or\u00e7amento da UFPel<\/h3>\n<audio class=\"wp-audio-shortcode\" id=\"audio-72-8\" preload=\"none\" style=\"width: 100%;\" controls=\"controls\"><source type=\"audio\/mpeg\" src=\"https:\/\/wp.ufpel.edu.br\/ufpelnoteumundo\/files\/2021\/06\/UFPel-no-teu-mundo-Podcast-02-final.mp3?_=8\" \/><a href=\"https:\/\/wp.ufpel.edu.br\/ufpelnoteumundo\/files\/2021\/06\/UFPel-no-teu-mundo-Podcast-02-final.mp3\">https:\/\/wp.ufpel.edu.br\/ufpelnoteumundo\/files\/2021\/06\/UFPel-no-teu-mundo-Podcast-02-final.mp3<\/a><\/audio>\n<h3>01 &#8211; UFPel na Pandemia<\/h3>\n<audio class=\"wp-audio-shortcode\" id=\"audio-72-9\" preload=\"none\" style=\"width: 100%;\" controls=\"controls\"><source type=\"audio\/mpeg\" src=\"https:\/\/wp.ufpel.edu.br\/ufpelnoteumundo\/files\/2021\/05\/UFPel-no-teu-mundo_Podcast_01-.mp3?_=9\" \/><a href=\"https:\/\/wp.ufpel.edu.br\/ufpelnoteumundo\/files\/2021\/05\/UFPel-no-teu-mundo_Podcast_01-.mp3\">https:\/\/wp.ufpel.edu.br\/ufpelnoteumundo\/files\/2021\/05\/UFPel-no-teu-mundo_Podcast_01-.mp3<\/a><\/audio>\n","protected":false},"excerpt":{"rendered":"<p>09 &#8211; Desvendando o ingresso por cotas na UFPel 08 &#8211; Edi\u00e7\u00e3o Especial: Retorno Gradual Presencial das Atividades da UFPel 07 &#8211; Conhecendo os Museus da UFPel 06 \u2013 Volta \u00e0s aulas, acervo bibliogr\u00e1fico digital e publica\u00e7\u00f5es da UFPel 05 &#8211; Calend\u00e1rio acad\u00eamico 2021\/1: di\u00e1logos com a PRE 04 &#8211; A Pesquisa e sua influ\u00eancia [&hellip;]<\/p>\n","protected":false},"author":394,"featured_media":0,"parent":0,"menu_order":0,"comment_status":"closed","ping_status":"closed","template":"","meta":{"footnotes":""},"class_list":["post-72","page","type-page","status-publish","hentry"],"_links":{"self":[{"href":"https:\/\/wp.ufpel.edu.br\/ufpelnoteumundo\/wp-json\/wp\/v2\/pages\/72","targetHints":{"allow":["GET"]}}],"collection":[{"href":"https:\/\/wp.ufpel.edu.br\/ufpelnoteumundo\/wp-json\/wp\/v2\/pages"}],"about":[{"href":"https:\/\/wp.ufpel.edu.br\/ufpelnoteumundo\/wp-json\/wp\/v2\/types\/page"}],"author":[{"embeddable":true,"href":"https:\/\/wp.ufpel.edu.br\/ufpelnoteumundo\/wp-json\/wp\/v2\/users\/394"}],"replies":[{"embeddable":true,"href":"https:\/\/wp.ufpel.edu.br\/ufpelnoteumundo\/wp-json\/wp\/v2\/comments?post=72"}],"version-history":[{"count":22,"href":"https:\/\/wp.ufpel.edu.br\/ufpelnoteumundo\/wp-json\/wp\/v2\/pages\/72\/revisions"}],"predecessor-version":[{"id":346,"href":"https:\/\/wp.ufpel.edu.br\/ufpelnoteumundo\/wp-json\/wp\/v2\/pages\/72\/revisions\/346"}],"wp:attachment":[{"href":"https:\/\/wp.ufpel.edu.br\/ufpelnoteumundo\/wp-json\/wp\/v2\/media?parent=72"}],"curies":[{"name":"wp","href":"https:\/\/api.w.org\/{rel}","templated":true}]}}