{"id":77,"date":"2020-06-12T19:00:38","date_gmt":"2020-06-12T22:00:38","guid":{"rendered":"https:\/\/wp.ufpel.edu.br\/ufpeldigital\/?page_id=77"},"modified":"2020-06-20T15:56:11","modified_gmt":"2020-06-20T18:56:11","slug":"editais","status":"publish","type":"page","link":"https:\/\/wp.ufpel.edu.br\/ufpeldigital\/editais\/","title":{"rendered":"Editais"},"content":{"rendered":"<p>A Pr\u00f3-Reitoria de Ensino (PRE), por interm\u00e9dio do N\u00facleo de Apoio \u00e0s Tecnologias Educacionais (NATE), torna p\u00fablica a abertura de processo seletivo para sele\u00e7\u00e3o de BOLSISTAS que atuar\u00e3o como AUXILIARES T\u00c9CNICO-PEDAG\u00d3GICOS.<\/p>\n<p>O per\u00edodo de inscri\u00e7\u00e3o vai at\u00e9 as 23:59 do dia <strong>17 de junho de 2020<\/strong>.<\/p>\n<p><strong>Alunos de gradua\u00e7\u00e3o<\/strong><\/p>\n<p><a href=\"https:\/\/wp.ufpel.edu.br\/pre\/files\/2020\/06\/SEI_UFPel-0975174-Edital-003-ATP-I.pdf\">Edital 003\/2020\/PRE\/UFPEL \u2013 Auxiliar T\u00e9cnico-Pedag\u00f3gico I<\/a><\/p>\n<p><a href=\"https:\/\/wp.ufpel.edu.br\/pre\/files\/2020\/06\/Anexo-I-Edital-003-ATP-I.docx\">Edital 003\/2020\/PRE\/UFPEL \u2013 Anexo I (edit\u00e1vel)<\/a><\/p>\n<p><strong>Alunos de p\u00f3s-gradua\u00e7\u00e3o<\/strong><\/p>\n<p><a href=\"https:\/\/wp.ufpel.edu.br\/pre\/files\/2020\/06\/SEI_UFPel-0975387-Edital-002-ATP-II.pdf\" target=\"_blank\" rel=\"noopener noreferrer\">Edital 002\/2020\/PRE\/UFPEL \u2013 Auxiliar T\u00e9cnico-Pedag\u00f3gico II<\/a><\/p>\n<p><a href=\"https:\/\/wp.ufpel.edu.br\/pre\/files\/2020\/06\/Anexo-I-e-II-Edital-002-ATP-II.docx\" target=\"_blank\" rel=\"noopener noreferrer\">Edital 002\/2020\/PRE\/UFPEL \u2013 Anexos I e II (edit\u00e1vel)<\/a><\/p>\n<p>&nbsp;<\/p>\n<p><span style=\"color: #ff0000\"><strong>Resultados (preliminar)<br \/>\n<\/strong><\/span><\/p>\n<p><span style=\"color: #ff0000\"><strong><a style=\"color: #ff0000\" href=\"https:\/\/wp.ufpel.edu.br\/pre\/files\/2020\/06\/SEI_UFPel-0980149-ResutadoPreliminarPOS.pdf\">Edital 002\/2020 \u2013 Resultado Preliminar \u2013 N\u00cdVEL DE P\u00d3S-GRADUA\u00c7\u00c3O<\/a><\/strong><\/span><\/p>\n<p><span style=\"color: #ff0000\"><strong><a style=\"color: #ff0000\" href=\"https:\/\/wp.ufpel.edu.br\/pre\/files\/2020\/06\/SEI_UFPel-0979625-ResultadoPreliminar.pdf\">Edital 003\/2020 \u2013 Resultado Preliminar \u2013 N\u00cdVEL GRADUA\u00c7\u00c3O<\/a><\/strong><\/span><\/p>\n<p>D\u00favidas e informa\u00e7\u00f5es sobre o processo seletivo poder\u00e3o ser encaminhadas para o e-mail: nate@ufpel.edu.br<\/p>\n","protected":false},"excerpt":{"rendered":"<p>A Pr\u00f3-Reitoria de Ensino (PRE), por interm\u00e9dio do N\u00facleo de Apoio \u00e0s Tecnologias Educacionais (NATE), torna p\u00fablica a abertura de processo seletivo para sele\u00e7\u00e3o de BOLSISTAS que atuar\u00e3o como AUXILIARES T\u00c9CNICO-PEDAG\u00d3GICOS. O per\u00edodo de inscri\u00e7\u00e3o vai at\u00e9 as 23:59 do dia 17 de junho de 2020. Alunos de gradua\u00e7\u00e3o Edital 003\/2020\/PRE\/UFPEL \u2013 Auxiliar T\u00e9cnico-Pedag\u00f3gico I [&hellip;]<\/p>\n","protected":false},"author":467,"featured_media":0,"parent":0,"menu_order":0,"comment_status":"closed","ping_status":"closed","template":"","meta":{"footnotes":""},"class_list":["post-77","page","type-page","status-publish","hentry"],"_links":{"self":[{"href":"https:\/\/wp.ufpel.edu.br\/ufpeldigital\/wp-json\/wp\/v2\/pages\/77","targetHints":{"allow":["GET"]}}],"collection":[{"href":"https:\/\/wp.ufpel.edu.br\/ufpeldigital\/wp-json\/wp\/v2\/pages"}],"about":[{"href":"https:\/\/wp.ufpel.edu.br\/ufpeldigital\/wp-json\/wp\/v2\/types\/page"}],"author":[{"embeddable":true,"href":"https:\/\/wp.ufpel.edu.br\/ufpeldigital\/wp-json\/wp\/v2\/users\/467"}],"replies":[{"embeddable":true,"href":"https:\/\/wp.ufpel.edu.br\/ufpeldigital\/wp-json\/wp\/v2\/comments?post=77"}],"version-history":[{"count":6,"href":"https:\/\/wp.ufpel.edu.br\/ufpeldigital\/wp-json\/wp\/v2\/pages\/77\/revisions"}],"predecessor-version":[{"id":111,"href":"https:\/\/wp.ufpel.edu.br\/ufpeldigital\/wp-json\/wp\/v2\/pages\/77\/revisions\/111"}],"wp:attachment":[{"href":"https:\/\/wp.ufpel.edu.br\/ufpeldigital\/wp-json\/wp\/v2\/media?parent=77"}],"curies":[{"name":"wp","href":"https:\/\/api.w.org\/{rel}","templated":true}]}}