{"id":66,"date":"2020-06-12T17:12:46","date_gmt":"2020-06-12T20:12:46","guid":{"rendered":"https:\/\/wp.ufpel.edu.br\/ufpeldigital\/?page_id=66"},"modified":"2021-06-30T16:19:15","modified_gmt":"2021-06-30T19:19:15","slug":"normativas","status":"publish","type":"page","link":"https:\/\/wp.ufpel.edu.br\/ufpeldigital\/normativas\/","title":{"rendered":"Normativas"},"content":{"rendered":"<p>Normativas do Minist\u00e9rio da Educa\u00e7\u00e3o<\/p>\n<ul>\n<li>PORTARIA N\u00ba 544, DE 16 DE JUNHO DE 2020 &#8211; <a href=\"http:\/\/www.in.gov.br\/en\/web\/dou\/-\/portaria-n-544-de-16-de-junho-de-2020-261924872\">Disp\u00f5e sobre a substitui\u00e7\u00e3o das aulas presenciais por aulas em meios digitais, enquanto durar a situa\u00e7\u00e3o de pandemia do novo coronav\u00edrus &#8211; Covid-19, e revoga as Portarias MEC n\u00ba 343, de 17 de mar\u00e7o de 2020, n\u00ba 345, de 19 de mar\u00e7o de 2020, e n\u00ba 473, de 12 de maio de 2020;<\/a><\/li>\n<li>PORTARIA N\u00ba 343, DE 17 DE MAR\u00c7O DE 2020 &#8211; <a href=\"http:\/\/www.in.gov.br\/en\/web\/dou\/-\/portaria-n-343-de-17-de-marco-de-2020-248564376\">Disp\u00f5e sobre a substitui\u00e7\u00e3o das aulas presenciais por aulas em meios digitais enquanto durar a situa\u00e7\u00e3o de pandemia do Novo Coronav\u00edrus &#8211; COVID-1;<\/a><\/li>\n<li>PORTARIA N\u00ba 345, DE 19 DE MAR\u00c7O DE 2020 &#8211; <a href=\"http:\/\/www.in.gov.br\/web\/dou\/-\/portaria-n-345-de-19-de-marco-de-2020-248881422?inheritRedirect=true&amp;redirect=%2Fweb%2Fguest%2Fsearch%3FqSearch%3DPortaria%2520345%2520de%252019%2520de%2520mar%25C3%25A7o%2520de%25202020\">Altera a Portaria MEC n\u00ba 343, de 17 de mar\u00e7o de 2020.<\/a><\/li>\n<\/ul>\n<p>Normativas da UFPel<\/p>\n<ul>\n<li>PARECER NORMATIVO N\u00ba 12, DE 28 DE MAIO DE 2020 \u2013\u00a0<a href=\"https:\/\/wp.ufpel.edu.br\/scs\/files\/2020\/05\/SEI_UFPel-0958816-Parecer-Normativo-COCEPE-12.pdf\">Aprova\u00a0 o Calend\u00e1rio Acad\u00eamico Alternativo no contexto da pandemia do COVID-19, na Universidade Federal de Pelotas;<\/a><\/li>\n<li>PARECER NORMATIVO N\u00ba 13, DE 28 DE MAIO DE 2020 \u2013\u00a0<a href=\"https:\/\/wp.ufpel.edu.br\/scs\/files\/2020\/05\/SEI_UFPel-0958858-Parecer-Normativo-COCEPE-13.pdf\">Aprova as Normas para Est\u00e1gios Obrigat\u00f3rios e Trabalhos de Conclus\u00e3o de Curso (TCCs) na UFPel,\u00a0\u00a0durante a Pandemia causada pela COVID-19\u200b;<\/a><\/li>\n<li>PARECER NORMATIVO N\u00ba 14, DE 22 DE MAIO DE 2020 \u2013\u00a0<a href=\"https:\/\/wp.ufpel.edu.br\/scs\/files\/2020\/05\/SEI_UFPel-0955817-Parecer-Normativo-COCEPE-14.pdf\">Aprova os Procedimentos para Cola\u00e7\u00e3o de Grau no per\u00edodo de excepcionalidade, na Universidade Federal de Pelotas.<\/a><\/li>\n<li><a href=\"https:\/\/wp.ufpel.edu.br\/ufpeldigital\/files\/2021\/06\/termo_plugin_ufpel.pdf\" target=\"_blank\" rel=\"noopener\">TERMO DE ACEITA\u00c7\u00c3O PARA INSTALA\u00c7\u00c3O E UTILIZA\u00c7\u00c3O\u00a0 DE PLUGINS NAS PLATAFORMAS e-AULA\/e-PROJETO\/e-TESTE<\/a><\/li>\n<\/ul>\n","protected":false},"excerpt":{"rendered":"<p>Normativas do Minist\u00e9rio da Educa\u00e7\u00e3o PORTARIA N\u00ba 544, DE 16 DE JUNHO DE 2020 &#8211; Disp\u00f5e sobre a substitui\u00e7\u00e3o das aulas presenciais por aulas em meios digitais, enquanto durar a situa\u00e7\u00e3o de pandemia do novo coronav\u00edrus &#8211; Covid-19, e revoga as Portarias MEC n\u00ba 343, de 17 de mar\u00e7o de 2020, n\u00ba 345, de 19 [&hellip;]<\/p>\n","protected":false},"author":467,"featured_media":0,"parent":0,"menu_order":0,"comment_status":"closed","ping_status":"closed","template":"","meta":{"footnotes":""},"class_list":["post-66","page","type-page","status-publish","hentry"],"_links":{"self":[{"href":"https:\/\/wp.ufpel.edu.br\/ufpeldigital\/wp-json\/wp\/v2\/pages\/66","targetHints":{"allow":["GET"]}}],"collection":[{"href":"https:\/\/wp.ufpel.edu.br\/ufpeldigital\/wp-json\/wp\/v2\/pages"}],"about":[{"href":"https:\/\/wp.ufpel.edu.br\/ufpeldigital\/wp-json\/wp\/v2\/types\/page"}],"author":[{"embeddable":true,"href":"https:\/\/wp.ufpel.edu.br\/ufpeldigital\/wp-json\/wp\/v2\/users\/467"}],"replies":[{"embeddable":true,"href":"https:\/\/wp.ufpel.edu.br\/ufpeldigital\/wp-json\/wp\/v2\/comments?post=66"}],"version-history":[{"count":9,"href":"https:\/\/wp.ufpel.edu.br\/ufpeldigital\/wp-json\/wp\/v2\/pages\/66\/revisions"}],"predecessor-version":[{"id":169,"href":"https:\/\/wp.ufpel.edu.br\/ufpeldigital\/wp-json\/wp\/v2\/pages\/66\/revisions\/169"}],"wp:attachment":[{"href":"https:\/\/wp.ufpel.edu.br\/ufpeldigital\/wp-json\/wp\/v2\/media?parent=66"}],"curies":[{"name":"wp","href":"https:\/\/api.w.org\/{rel}","templated":true}]}}