{"id":50,"date":"2020-06-12T01:54:32","date_gmt":"2020-06-12T04:54:32","guid":{"rendered":"https:\/\/wp.ufpel.edu.br\/ufpeldigital\/?page_id=50"},"modified":"2020-07-04T17:38:08","modified_gmt":"2020-07-04T20:38:08","slug":"e-aula","status":"publish","type":"page","link":"https:\/\/wp.ufpel.edu.br\/ufpeldigital\/e-aula\/","title":{"rendered":"e-AULA"},"content":{"rendered":"<p>A UFPel est\u00e1 disponibilizando para o semestre alternativo uma nova plataforma,\u00a0 sistema e-AULA (<a href=\"https:\/\/e-aula.ufpel.edu.br\/\">https:\/\/e-aula.ufpel.edu.br\/<\/a>), ou Moodle das disciplinas, \u00e9 um ambiente virtual de aprendizagem de apoio \u00e0s disciplinas da UFPel a partir de 2020\/1.<\/p>\n<p>Este novo Moodle atualizado apresenta algumas facilidades e vantagens como: login integrado (mesmo usu\u00e1rio e senha do Cobalto), migra\u00e7\u00e3o automatizada dos professores e dos alunos diretamente do Cobalto, integra\u00e7\u00e3o com o sistema de webconfer\u00eancia da UFPel entre outras que est\u00e3o sendo desenvolvidas.<\/p>\n<p>A Pr\u00f3-Reitoria de Gest\u00e3o da Informa\u00e7\u00e3o e Comunica\u00e7\u00e3o \u00e9 respons\u00e1vel pela manuten\u00e7\u00e3o de servidores, integra\u00e7\u00e3o, instala\u00e7\u00e3o e atualiza\u00e7\u00e3o do Moodle. O N\u00facleo de Apoio a Tecnologias Educacionais, NATE, Pr\u00f3-Reitoria de Ensino, \u00e9 respons\u00e1vel por desenhar, propor e acompanhar pol\u00edticas e pr\u00e1ticas com tecnologias em experi\u00eancias educacionais al\u00e9m de suporte de uso ao e-aula\/Moodle.<\/p>\n<p>Professor, acesse o material de apoio <a href=\"https:\/\/wp.ufpel.edu.br\/ufpeldigital\/materias-de-apoio\/\">aqui<\/a>.<\/p>\n<p>Aluno, acesse orienta\u00e7\u00f5es de acesso ao e-AULA e como desenvolver as suas atividades no ensino remoto <a href=\"https:\/\/wp.ufpel.edu.br\/ufpeldigital\/files\/2020\/06\/UFPEL-Digital_Orientacoes_Alunos.pdf\">aqui<\/a>.<\/p>\n<p>Para relato de d\u00favidas, sugest\u00f5es ou reclama\u00e7\u00f5es utilize o sistema de <a href=\"https:\/\/atendimento.ufpel.edu.br\/\" target=\"_blank\" rel=\"noopener noreferrer\">atendimento<\/a>,\u00a0 escolha a \u00e1rea <strong>gradua\u00e7\u00e3o<\/strong> ou <strong>p\u00f3s-gradua\u00e7\u00e3o<\/strong>\u00a0 e o t\u00f3pico &#8220;<strong>Ambiente e-AULA<\/strong>&#8220;.<\/p>\n<p>O sistema de atendimento est\u00e1 dispon\u00edvel em: <a href=\"https:\/\/atendimento.ufpel.edu.br\/\" target=\"_blank\" rel=\"noopener noreferrer\">https:\/\/atendimento.ufpel.edu.br\/<\/a><\/p>\n<p><a href=\"https:\/\/e-aula.ufpel.edu.br\/\"><img class=\" wp-image-52 aligncenter\" src=\"https:\/\/wp.ufpel.edu.br\/ufpeldigital\/files\/2020\/06\/Captura-de-Tela-2020-06-12-a\u0300s-01.53.03-400x174.png\" alt=\"\" width=\"441\" height=\"192\" srcset=\"https:\/\/wp.ufpel.edu.br\/ufpeldigital\/files\/2020\/06\/Captura-de-Tela-2020-06-12-a\u0300s-01.53.03-400x174.png 400w, https:\/\/wp.ufpel.edu.br\/ufpeldigital\/files\/2020\/06\/Captura-de-Tela-2020-06-12-a\u0300s-01.53.03.png 763w\" sizes=\"(max-width: 441px) 100vw, 441px\" \/><\/a><\/p>\n","protected":false},"excerpt":{"rendered":"<p>A UFPel est\u00e1 disponibilizando para o semestre alternativo uma nova plataforma,\u00a0 sistema e-AULA (https:\/\/e-aula.ufpel.edu.br\/), ou Moodle das disciplinas, \u00e9 um ambiente virtual de aprendizagem de apoio \u00e0s disciplinas da UFPel a partir de 2020\/1. Este novo Moodle atualizado apresenta algumas facilidades e vantagens como: login integrado (mesmo usu\u00e1rio e senha do Cobalto), migra\u00e7\u00e3o automatizada dos [&hellip;]<\/p>\n","protected":false},"author":467,"featured_media":0,"parent":0,"menu_order":0,"comment_status":"closed","ping_status":"closed","template":"","meta":{"footnotes":""},"class_list":["post-50","page","type-page","status-publish","hentry"],"_links":{"self":[{"href":"https:\/\/wp.ufpel.edu.br\/ufpeldigital\/wp-json\/wp\/v2\/pages\/50","targetHints":{"allow":["GET"]}}],"collection":[{"href":"https:\/\/wp.ufpel.edu.br\/ufpeldigital\/wp-json\/wp\/v2\/pages"}],"about":[{"href":"https:\/\/wp.ufpel.edu.br\/ufpeldigital\/wp-json\/wp\/v2\/types\/page"}],"author":[{"embeddable":true,"href":"https:\/\/wp.ufpel.edu.br\/ufpeldigital\/wp-json\/wp\/v2\/users\/467"}],"replies":[{"embeddable":true,"href":"https:\/\/wp.ufpel.edu.br\/ufpeldigital\/wp-json\/wp\/v2\/comments?post=50"}],"version-history":[{"count":6,"href":"https:\/\/wp.ufpel.edu.br\/ufpeldigital\/wp-json\/wp\/v2\/pages\/50\/revisions"}],"predecessor-version":[{"id":154,"href":"https:\/\/wp.ufpel.edu.br\/ufpeldigital\/wp-json\/wp\/v2\/pages\/50\/revisions\/154"}],"wp:attachment":[{"href":"https:\/\/wp.ufpel.edu.br\/ufpeldigital\/wp-json\/wp\/v2\/media?parent=50"}],"curies":[{"name":"wp","href":"https:\/\/api.w.org\/{rel}","templated":true}]}}