{"id":45,"date":"2018-09-19T15:47:26","date_gmt":"2018-09-19T18:47:26","guid":{"rendered":"https:\/\/wp.ufpel.edu.br\/ufpel50anos\/?page_id=45"},"modified":"2019-05-24T13:29:31","modified_gmt":"2019-05-24T16:29:31","slug":"galerias","status":"publish","type":"page","link":"https:\/\/wp.ufpel.edu.br\/ufpel50anos\/galerias\/","title":{"rendered":"FOTOS E DEPOIMENTOS"},"content":{"rendered":"<p style=\"text-align: justify\">Voc\u00ea pode enviar fotos e depoimentos para o e-mail <span style=\"color: #0000ff\">ufpel50anos@gmail.com<\/span> e ajudar a construir\u00a0uma mem\u00f3ria que \u00e9 coletiva e de todos n\u00f3s, a mem\u00f3ria da Universidade Federal de Pelotas.\u00a0Os conte\u00fados enviados passar\u00e3o por uma sele\u00e7\u00e3o pr\u00e9via. N\u00e3o ser\u00e3o aceitos textos ou fotografias que apresentem linguagem pejorativa ou discriminat\u00f3ria. S\u00f3 ser\u00e3o aceitas fotografias acompanhadas de depoimentos e que estejam diretamente ligadas a UFPEL.<\/p>\n","protected":false},"excerpt":{"rendered":"<p>Voc\u00ea pode enviar fotos e depoimentos para o e-mail ufpel50anos@gmail.com e ajudar a construir\u00a0uma mem\u00f3ria que \u00e9 coletiva e de todos n\u00f3s, a mem\u00f3ria da Universidade Federal de Pelotas.\u00a0Os conte\u00fados [&hellip;]<\/p>\n","protected":false},"author":872,"featured_media":0,"parent":0,"menu_order":0,"comment_status":"closed","ping_status":"closed","template":"","meta":{"jetpack_post_was_ever_published":false,"footnotes":""},"class_list":["post-45","page","type-page","status-publish","hentry","post"],"jetpack_sharing_enabled":true,"jetpack_shortlink":"https:\/\/wp.me\/PahwON-J","jetpack-related-posts":[],"_links":{"self":[{"href":"https:\/\/wp.ufpel.edu.br\/ufpel50anos\/wp-json\/wp\/v2\/pages\/45","targetHints":{"allow":["GET"]}}],"collection":[{"href":"https:\/\/wp.ufpel.edu.br\/ufpel50anos\/wp-json\/wp\/v2\/pages"}],"about":[{"href":"https:\/\/wp.ufpel.edu.br\/ufpel50anos\/wp-json\/wp\/v2\/types\/page"}],"author":[{"embeddable":true,"href":"https:\/\/wp.ufpel.edu.br\/ufpel50anos\/wp-json\/wp\/v2\/users\/872"}],"replies":[{"embeddable":true,"href":"https:\/\/wp.ufpel.edu.br\/ufpel50anos\/wp-json\/wp\/v2\/comments?post=45"}],"version-history":[{"count":9,"href":"https:\/\/wp.ufpel.edu.br\/ufpel50anos\/wp-json\/wp\/v2\/pages\/45\/revisions"}],"predecessor-version":[{"id":236,"href":"https:\/\/wp.ufpel.edu.br\/ufpel50anos\/wp-json\/wp\/v2\/pages\/45\/revisions\/236"}],"wp:attachment":[{"href":"https:\/\/wp.ufpel.edu.br\/ufpel50anos\/wp-json\/wp\/v2\/media?parent=45"}],"curies":[{"name":"wp","href":"https:\/\/api.w.org\/{rel}","templated":true}]}}