{"id":2,"date":"2018-08-25T15:10:04","date_gmt":"2018-08-25T18:10:04","guid":{"rendered":"https:\/\/wp.ufpel.edu.br\/ufpel50anos\/?page_id=2"},"modified":"2019-05-24T13:29:50","modified_gmt":"2019-05-24T16:29:50","slug":"50-anos","status":"publish","type":"page","link":"https:\/\/wp.ufpel.edu.br\/ufpel50anos\/50-anos\/","title":{"rendered":"UFPEL 50 ANOS"},"content":{"rendered":"<p><strong>50 Anos<\/strong><\/p>\n<p style=\"text-align: left\"><em>UFPel chega ao Cinquenten\u00e1rio em constante recria\u00e7\u00e3o, aproximando culturas e saberes<\/em><\/p>\n<p style=\"text-align: justify\">A Universidade Federal de Pelotas, ao completar 50 Anos, vive um permanente processo de recria\u00e7\u00e3o. Com origem mais do que Centen\u00e1ria (sua unidade mais antiga, a Faculdade de Agronomia Eliseu Maciel, foi criada em 1883), a UFPel aproxima culturas e saberes, diminuindo desigualdades e promovendo a diversidade, a inclus\u00e3o e o desenvolvimento total da sociedade.<\/p>\n<p><em><strong>Diversa e Inclusiva<\/strong><\/em><\/p>\n<p>A UFPel revela-se uma Universidade marcada pela diversidade e pela inclus\u00e3o.<\/p>\n<p style=\"text-align: justify\">A diversidade se d\u00e1 pela variedade de cursos, de gradua\u00e7\u00e3o e de p\u00f3s-gradua\u00e7\u00e3o, e pelas diferentes origens culturais e geogr\u00e1ficas dos membros da comunidade acad\u00eamica, que formam o mosaico cultural que constr\u00f3i a Institui\u00e7\u00e3o. O ingresso nos cursos de gradua\u00e7\u00e3o pelo Sistema de Sele\u00e7\u00e3o Unificada (Sisu) do MEC permite que estudantes de todo o pa\u00eds frequentem a UFPel, fortalecendo ainda mais a diversidade.<\/p>\n<p style=\"text-align: justify\">As cotas, os processos seletivos especiais e a forma alternativa de ingresso, o Pave (Programa de Avalia\u00e7\u00e3o da Vida Escolar), que dobrou o n\u00famero total de vagas e est\u00e1 ampliando o acesso para candidatos oriundos de escolas p\u00fablicas, d\u00e3o um forte contorno inclusivo \u00e0 Institui\u00e7\u00e3o.<\/p>\n<p><em><strong>Uma Hist\u00f3ria Rica<\/strong><\/em><\/p>\n<p style=\"text-align: justify\">A hist\u00f3ria da UFPel remonta \u00e0 Universidade Rural do Sul (URS), cujo surgimento, em 1960, resultou de esfor\u00e7os movidos por professores da Escola de Agronomia Eliseu Maciel, que desde 1957 lutavam por sua cria\u00e7\u00e3o.<\/p>\n<p style=\"text-align: justify\">O decreto que criava a Universidade Rural do Sul, vinculada ao Minist\u00e9rio da Agricultura, era composto pela centen\u00e1ria Escola de Agronomia Eliseu Maciel, Escola Superior de Ci\u00eancias Dom\u00e9sticas, Escola de Veterin\u00e1ria, Escola de P\u00f3s-Gradua\u00e7\u00e3o e pelo Centro de Treinamento e Informa\u00e7\u00e3o (Cetreisul), considerado uma unidade acad\u00eamica.<\/p>\n<p style=\"text-align: justify\">Em 1967, o decreto n\u00ba 60.731 federaliza a Universidade Rural do Sul, sendo transferida para o Minist\u00e9rio da Educa\u00e7\u00e3o e Cultura, passando a denominar-se Universidade Federal Rural do Rio Grande do Sul (UFRRS), e as unidades passam de cursos a faculdades.<\/p>\n<p style=\"text-align: justify\">Em 1968, foi criada uma comiss\u00e3o composta por professores e acad\u00eamicos, destinada a estudar e propor a reestrutura\u00e7\u00e3o da universidade.<\/p>\n<p style=\"text-align: justify\">Assim, em 8 de agosto de 1969, o Presidente da Rep\u00fablica assinou decreto que transformou a Universidade Federal Rural do Rio Grande do Sul, em Universidade Federal de Pelotas, composta pelas Faculdade de Agronomia Eliseu Maciel, Faculdade de Veterin\u00e1ria, Faculdade de Ci\u00eancias Dom\u00e9sticas, Faculdade de Direito (fundada em 1912), Faculdade de Odontologia (1911) \u2013 as duas \u00faltimas pertencentes \u00e0 Universidade Federal do Rio Grande do Sul, e o Instituto de Sociologia e Pol\u00edtica (ISP), fundado em 1958. E outras institui\u00e7\u00f5es particulares que existiam em Pelotas foram agregadas \u00e0 UFPel, como o Conservat\u00f3rio de M\u00fasica de Pelotas, a Escola de Belas Artes Dona Carmen Tr\u00e1paga Sim\u00f5es e o Curso de Medicina do Instituto Pr\u00f3-Ensino Superior no Sul do Estado (Ipesse). E, no mesmo ano, o Conjunto Agrot\u00e9cnico Visconde da Gra\u00e7a (CAVG) tamb\u00e9m passou a fazer parte da UFPel.<\/p>\n<p style=\"text-align: justify\">De sua parte, a Faculdade de Ci\u00eancias Dom\u00e9sticas deu origem a outras unidades, como a Faculdade de Educa\u00e7\u00e3o, o Curso de Qu\u00edmica de Alimentos e a Faculdade de Administra\u00e7\u00e3o e de Turismo.<\/p>\n<p style=\"text-align: justify\">A Universidade teve como primeiro reitor o professor Delfim Mendes Silveira, diretor da Faculdade de Direito, que administrou a Institui\u00e7\u00e3o at\u00e9 1977.<\/p>\n<p style=\"text-align: justify\">Na sequ\u00eancia, ocuparam o cargo de reitor os professores Ibsen Wetzel Stephan(1977-1981), Jos\u00e9 Em\u00edlio Gon\u00e7alves Ara\u00fajo(1982-1984), Ruy Brasil Barbedo Antunes(1984-1988), Am\u00edlcar Goyhenex Gigante(1989-1993), Antonio Cesar Gon\u00e7alves Borges(1993-1997), Inguelore Scheunemann de Souza(1997-out\/2004), Andr\u00e9 Luiz Haack(dez\/2004 a janeiro\/2005 \u2013 pro tempore), Antonio Cesar Gon\u00e7alves Borges(2005-2009 e 2009-2013), Mauro Augusto Burkert Del Pino (2013-2017) e Pedro Curi Hallal (atual).<\/p>\n<p style=\"text-align: justify\">Como vice-reitores, figuram os nomes dos professores Renato Rodrigues Peixoto, Alexandre Val\u00e9rio da Cunha, Guido Kaster, Clin\u00e9a Campos Langlois, L\u00e9o Zilberknop, Paulo Eduardo Brenner Soares, Luiz Henrique Schuch, Daniel de Souza Soares Rassier, Jos\u00e9 Carlos da Silveira Os\u00f3rio, Jorge Luiz Nedel, Andr\u00e9 Luiz Haack, Telmo Pagana Xavier, Manoel Luiz Brenner de Moraes, Carlos Rog\u00e9rio Mauch, Denise Gigante e Lu\u00eds Amaral (atual).<\/p>\n<p style=\"text-align: justify\">A Administra\u00e7\u00e3o Superior da UFPel comp\u00f5e-se do Conselho Diretor da Funda\u00e7\u00e3o (Condir); Conselho Universit\u00e1rio (Consun); Conselho Coordenador do Ensino, da Pesquisa e Extens\u00e3o (Cocepe); e Reitoria.<\/p>\n<p style=\"text-align: justify\">Em 2018, foi criado o Conselho de Planejamento (Coplan). A nova inst\u00e2ncia visa garantir transpar\u00eancia, participa\u00e7\u00e3o e inclus\u00e3o da comunidade universit\u00e1ria nos atos de administra\u00e7\u00e3o e na constru\u00e7\u00e3o de diretrizes para o futuro, sendo composto de modo parit\u00e1rio entre as categorias e objetivando avaliar, orientar, emitir e encaminhar pareceres aos conselhos deliberativos e \u00e0 Administra\u00e7\u00e3o da Universidade.<\/p>\n<p><em><strong>Perfil<\/strong><\/em><\/p>\n<p>Com mais de 18 mil estudantes de todo o Brasil e do Exterior, a UFPel \u00e9 uma importante refer\u00eancia nas \u00e1reas da Sa\u00fade (Epidemiologia, Biotecnologia e Odontologia) e das Ci\u00eancias Agr\u00e1rias (Fitossanidade), al\u00e9m de apresentar potencial de crescimento em \u00e1reas como Ci\u00eancias Sociais e Sociais Aplicadas.<\/p>\n<p>S\u00e3o 92 cursos de gradua\u00e7\u00e3o, cinco cursos de gradua\u00e7\u00e3o a dist\u00e2ncia, 27 cursos de especializa\u00e7\u00e3o, 44 cursos de mestrado e 27 cursos de doutorado, em todas as \u00e1reas de conhecimento.<\/p>\n","protected":false},"excerpt":{"rendered":"<p>50 Anos UFPel chega ao Cinquenten\u00e1rio em constante recria\u00e7\u00e3o, aproximando culturas e saberes A Universidade Federal de Pelotas, ao completar 50 Anos, vive um permanente processo de recria\u00e7\u00e3o. Com origem [&hellip;]<\/p>\n","protected":false},"author":872,"featured_media":0,"parent":0,"menu_order":0,"comment_status":"closed","ping_status":"closed","template":"","meta":{"jetpack_post_was_ever_published":false,"footnotes":""},"class_list":["post-2","page","type-page","status-publish","hentry","post"],"jetpack_sharing_enabled":true,"jetpack_shortlink":"https:\/\/wp.me\/PahwON-2","jetpack-related-posts":[],"_links":{"self":[{"href":"https:\/\/wp.ufpel.edu.br\/ufpel50anos\/wp-json\/wp\/v2\/pages\/2","targetHints":{"allow":["GET"]}}],"collection":[{"href":"https:\/\/wp.ufpel.edu.br\/ufpel50anos\/wp-json\/wp\/v2\/pages"}],"about":[{"href":"https:\/\/wp.ufpel.edu.br\/ufpel50anos\/wp-json\/wp\/v2\/types\/page"}],"author":[{"embeddable":true,"href":"https:\/\/wp.ufpel.edu.br\/ufpel50anos\/wp-json\/wp\/v2\/users\/872"}],"replies":[{"embeddable":true,"href":"https:\/\/wp.ufpel.edu.br\/ufpel50anos\/wp-json\/wp\/v2\/comments?post=2"}],"version-history":[{"count":7,"href":"https:\/\/wp.ufpel.edu.br\/ufpel50anos\/wp-json\/wp\/v2\/pages\/2\/revisions"}],"predecessor-version":[{"id":237,"href":"https:\/\/wp.ufpel.edu.br\/ufpel50anos\/wp-json\/wp\/v2\/pages\/2\/revisions\/237"}],"wp:attachment":[{"href":"https:\/\/wp.ufpel.edu.br\/ufpel50anos\/wp-json\/wp\/v2\/media?parent=2"}],"curies":[{"name":"wp","href":"https:\/\/api.w.org\/{rel}","templated":true}]}}