{"id":165,"date":"2019-05-24T10:10:55","date_gmt":"2019-05-24T13:10:55","guid":{"rendered":"https:\/\/wp.ufpel.edu.br\/ufpel50anos\/?page_id=165"},"modified":"2019-05-24T13:29:09","modified_gmt":"2019-05-24T16:29:09","slug":"identidade-visual","status":"publish","type":"page","link":"https:\/\/wp.ufpel.edu.br\/ufpel50anos\/identidade-visual\/","title":{"rendered":"IDENTIDADE VISUAL"},"content":{"rendered":"<p>Nesta p\u00e1gina, o usu\u00e1rio poder\u00e1 baixar a marca comemorativa dos 50 anos da Universidade Federal de Pelotas. Podem ser encontradas vers\u00f5es em cores, em escala de cinza e a tra\u00e7o, cada uma delas adequada para usos em situa\u00e7\u00f5es diferentes.<\/p>\n<p>Informa\u00e7\u00f5es mais detalhadas de como deve ser feito o uso podem ser encontradas no guia de utiliza\u00e7\u00e3o, dispon\u00edvel a seguir:<\/p>\n<p><a href=\"https:\/\/wp.ufpel.edu.br\/ufpel50anos\/files\/2019\/05\/UFPEL50_01.pdf\">&#8211; Guia de utiliza\u00e7\u00e3o \u2013 Marca 50 Anos UFPel<\/a><\/p>\n<p>&nbsp;<\/p>\n<p><strong>Vers\u00e3o em cores<\/strong><\/p>\n<p><img data-recalc-dims=\"1\" loading=\"lazy\" decoding=\"async\" data-attachment-id=\"172\" data-permalink=\"https:\/\/wp.ufpel.edu.br\/ufpel50anos\/identidade-visual\/colorida-1-1\/#main\" data-orig-file=\"https:\/\/i0.wp.com\/wp.ufpel.edu.br\/ufpel50anos\/files\/2019\/05\/Colorida-1-1.png?fit=1289%2C580&amp;ssl=1\" data-orig-size=\"1289,580\" data-comments-opened=\"0\" data-image-meta=\"{&quot;aperture&quot;:&quot;0&quot;,&quot;credit&quot;:&quot;&quot;,&quot;camera&quot;:&quot;&quot;,&quot;caption&quot;:&quot;&quot;,&quot;created_timestamp&quot;:&quot;0&quot;,&quot;copyright&quot;:&quot;&quot;,&quot;focal_length&quot;:&quot;0&quot;,&quot;iso&quot;:&quot;0&quot;,&quot;shutter_speed&quot;:&quot;0&quot;,&quot;title&quot;:&quot;&quot;,&quot;orientation&quot;:&quot;0&quot;}\" data-image-title=\"Colorida 1-1\" data-image-description=\"\" data-image-caption=\"\" data-medium-file=\"https:\/\/i0.wp.com\/wp.ufpel.edu.br\/ufpel50anos\/files\/2019\/05\/Colorida-1-1.png?fit=400%2C180&amp;ssl=1\" data-large-file=\"https:\/\/i0.wp.com\/wp.ufpel.edu.br\/ufpel50anos\/files\/2019\/05\/Colorida-1-1.png?fit=720%2C324&amp;ssl=1\" class=\"alignnone size-medium wp-image-172\" src=\"https:\/\/i0.wp.com\/wp.ufpel.edu.br\/ufpel50anos\/files\/2019\/05\/Colorida-1-1.png?resize=400%2C180&#038;ssl=1\" alt=\"\" width=\"400\" height=\"180\" srcset=\"https:\/\/i0.wp.com\/wp.ufpel.edu.br\/ufpel50anos\/files\/2019\/05\/Colorida-1-1.png?resize=400%2C180&amp;ssl=1 400w, https:\/\/i0.wp.com\/wp.ufpel.edu.br\/ufpel50anos\/files\/2019\/05\/Colorida-1-1.png?resize=768%2C346&amp;ssl=1 768w, https:\/\/i0.wp.com\/wp.ufpel.edu.br\/ufpel50anos\/files\/2019\/05\/Colorida-1-1.png?resize=1024%2C461&amp;ssl=1 1024w, https:\/\/i0.wp.com\/wp.ufpel.edu.br\/ufpel50anos\/files\/2019\/05\/Colorida-1-1.png?w=1289&amp;ssl=1 1289w\" sizes=\"auto, (max-width: 400px) 100vw, 400px\" \/><\/p>\n<p>Esta \u00e9 a vers\u00e3o preferencial. Deve ser usada quando for aplicada em impress\u00f5es coloridas ou em pe\u00e7as para m\u00eddias digitais em geral.<\/p>\n<p>Download: <a href=\"https:\/\/wp.ufpel.edu.br\/ufpel50anos\/files\/2019\/05\/Logo-50-anos-COLORIDO.rar\">Logo 50 anos COLORIDO<\/a><\/p>\n<p>&nbsp;<\/p>\n<p><strong>Vers\u00e3o a tra\u00e7o<\/strong><\/p>\n<p><img data-recalc-dims=\"1\" loading=\"lazy\" decoding=\"async\" data-attachment-id=\"171\" data-permalink=\"https:\/\/wp.ufpel.edu.br\/ufpel50anos\/identidade-visual\/a-traco-1-1\/#main\" data-orig-file=\"https:\/\/i0.wp.com\/wp.ufpel.edu.br\/ufpel50anos\/files\/2019\/05\/A-tra%C3%A7o-1-1.png?fit=1289%2C580&amp;ssl=1\" data-orig-size=\"1289,580\" data-comments-opened=\"0\" data-image-meta=\"{&quot;aperture&quot;:&quot;0&quot;,&quot;credit&quot;:&quot;&quot;,&quot;camera&quot;:&quot;&quot;,&quot;caption&quot;:&quot;&quot;,&quot;created_timestamp&quot;:&quot;0&quot;,&quot;copyright&quot;:&quot;&quot;,&quot;focal_length&quot;:&quot;0&quot;,&quot;iso&quot;:&quot;0&quot;,&quot;shutter_speed&quot;:&quot;0&quot;,&quot;title&quot;:&quot;&quot;,&quot;orientation&quot;:&quot;0&quot;}\" data-image-title=\"A tra\u00e7o 1-1\" data-image-description=\"\" data-image-caption=\"\" data-medium-file=\"https:\/\/i0.wp.com\/wp.ufpel.edu.br\/ufpel50anos\/files\/2019\/05\/A-tra%C3%A7o-1-1.png?fit=400%2C180&amp;ssl=1\" data-large-file=\"https:\/\/i0.wp.com\/wp.ufpel.edu.br\/ufpel50anos\/files\/2019\/05\/A-tra%C3%A7o-1-1.png?fit=720%2C324&amp;ssl=1\" class=\"alignnone size-medium wp-image-171\" src=\"https:\/\/i0.wp.com\/wp.ufpel.edu.br\/ufpel50anos\/files\/2019\/05\/A-tra%C3%A7o-1-1.png?resize=400%2C180&#038;ssl=1\" alt=\"\" width=\"400\" height=\"180\" srcset=\"https:\/\/i0.wp.com\/wp.ufpel.edu.br\/ufpel50anos\/files\/2019\/05\/A-tra%C3%A7o-1-1.png?resize=400%2C180&amp;ssl=1 400w, https:\/\/i0.wp.com\/wp.ufpel.edu.br\/ufpel50anos\/files\/2019\/05\/A-tra%C3%A7o-1-1.png?resize=768%2C346&amp;ssl=1 768w, https:\/\/i0.wp.com\/wp.ufpel.edu.br\/ufpel50anos\/files\/2019\/05\/A-tra%C3%A7o-1-1.png?resize=1024%2C461&amp;ssl=1 1024w, https:\/\/i0.wp.com\/wp.ufpel.edu.br\/ufpel50anos\/files\/2019\/05\/A-tra%C3%A7o-1-1.png?w=1289&amp;ssl=1 1289w\" sizes=\"auto, (max-width: 400px) 100vw, 400px\" \/><\/p>\n<p>Voltada para uso em impress\u00f5es em que haja limita\u00e7\u00f5es de cor ou quando a aplica\u00e7\u00e3o \u00e9 usada em tamanhos reduzidos. Tamb\u00e9m \u00e9 recomendada quando s\u00f3 puder ser utilizada uma cor, tais como em adesivos de recorte eletr\u00f4nico ou em bordados.<\/p>\n<p>Download: <a href=\"https:\/\/wp.ufpel.edu.br\/ufpel50anos\/files\/2019\/05\/Logo-50-anos-A-TRA\u00c7O.rar\">Logo 50 anos A TRA\u00c7O<\/a><\/p>\n<p>&nbsp;<\/p>\n<p><strong>Vers\u00e3o P&amp;B (em escala de cinza)<\/strong><\/p>\n<p><img data-recalc-dims=\"1\" loading=\"lazy\" decoding=\"async\" data-attachment-id=\"173\" data-permalink=\"https:\/\/wp.ufpel.edu.br\/ufpel50anos\/identidade-visual\/pb-1-1\/#main\" data-orig-file=\"https:\/\/i0.wp.com\/wp.ufpel.edu.br\/ufpel50anos\/files\/2019\/05\/PB-1-1.png?fit=1289%2C580&amp;ssl=1\" data-orig-size=\"1289,580\" data-comments-opened=\"0\" data-image-meta=\"{&quot;aperture&quot;:&quot;0&quot;,&quot;credit&quot;:&quot;&quot;,&quot;camera&quot;:&quot;&quot;,&quot;caption&quot;:&quot;&quot;,&quot;created_timestamp&quot;:&quot;0&quot;,&quot;copyright&quot;:&quot;&quot;,&quot;focal_length&quot;:&quot;0&quot;,&quot;iso&quot;:&quot;0&quot;,&quot;shutter_speed&quot;:&quot;0&quot;,&quot;title&quot;:&quot;&quot;,&quot;orientation&quot;:&quot;0&quot;}\" data-image-title=\"P&amp;amp;B 1-1\" data-image-description=\"\" data-image-caption=\"\" data-medium-file=\"https:\/\/i0.wp.com\/wp.ufpel.edu.br\/ufpel50anos\/files\/2019\/05\/PB-1-1.png?fit=400%2C180&amp;ssl=1\" data-large-file=\"https:\/\/i0.wp.com\/wp.ufpel.edu.br\/ufpel50anos\/files\/2019\/05\/PB-1-1.png?fit=720%2C324&amp;ssl=1\" class=\"alignnone size-medium wp-image-173\" src=\"https:\/\/i0.wp.com\/wp.ufpel.edu.br\/ufpel50anos\/files\/2019\/05\/PB-1-1.png?resize=400%2C180&#038;ssl=1\" alt=\"\" width=\"400\" height=\"180\" srcset=\"https:\/\/i0.wp.com\/wp.ufpel.edu.br\/ufpel50anos\/files\/2019\/05\/PB-1-1.png?resize=400%2C180&amp;ssl=1 400w, https:\/\/i0.wp.com\/wp.ufpel.edu.br\/ufpel50anos\/files\/2019\/05\/PB-1-1.png?resize=768%2C346&amp;ssl=1 768w, https:\/\/i0.wp.com\/wp.ufpel.edu.br\/ufpel50anos\/files\/2019\/05\/PB-1-1.png?resize=1024%2C461&amp;ssl=1 1024w, https:\/\/i0.wp.com\/wp.ufpel.edu.br\/ufpel50anos\/files\/2019\/05\/PB-1-1.png?w=1289&amp;ssl=1 1289w\" sizes=\"auto, (max-width: 400px) 100vw, 400px\" \/><\/p>\n<p>Deve ser utilizada quando o artigo for impresso em preto e tons de cinza somente.<\/p>\n<p>Download: <a href=\"https:\/\/wp.ufpel.edu.br\/ufpel50anos\/files\/2019\/05\/Logo-50-anos-PB.rar\">Logo 50 anos P&amp;B<\/a><\/p>\n","protected":false},"excerpt":{"rendered":"<p>Nesta p\u00e1gina, o usu\u00e1rio poder\u00e1 baixar a marca comemorativa dos 50 anos da Universidade Federal de Pelotas. Podem ser encontradas vers\u00f5es em cores, em escala de cinza e a tra\u00e7o, [&hellip;]<\/p>\n","protected":false},"author":872,"featured_media":0,"parent":0,"menu_order":0,"comment_status":"closed","ping_status":"closed","template":"","meta":{"jetpack_post_was_ever_published":false,"footnotes":""},"class_list":["post-165","page","type-page","status-publish","hentry","post"],"jetpack_sharing_enabled":true,"jetpack_shortlink":"https:\/\/wp.me\/PahwON-2F","jetpack-related-posts":[],"_links":{"self":[{"href":"https:\/\/wp.ufpel.edu.br\/ufpel50anos\/wp-json\/wp\/v2\/pages\/165","targetHints":{"allow":["GET"]}}],"collection":[{"href":"https:\/\/wp.ufpel.edu.br\/ufpel50anos\/wp-json\/wp\/v2\/pages"}],"about":[{"href":"https:\/\/wp.ufpel.edu.br\/ufpel50anos\/wp-json\/wp\/v2\/types\/page"}],"author":[{"embeddable":true,"href":"https:\/\/wp.ufpel.edu.br\/ufpel50anos\/wp-json\/wp\/v2\/users\/872"}],"replies":[{"embeddable":true,"href":"https:\/\/wp.ufpel.edu.br\/ufpel50anos\/wp-json\/wp\/v2\/comments?post=165"}],"version-history":[{"count":3,"href":"https:\/\/wp.ufpel.edu.br\/ufpel50anos\/wp-json\/wp\/v2\/pages\/165\/revisions"}],"predecessor-version":[{"id":235,"href":"https:\/\/wp.ufpel.edu.br\/ufpel50anos\/wp-json\/wp\/v2\/pages\/165\/revisions\/235"}],"wp:attachment":[{"href":"https:\/\/wp.ufpel.edu.br\/ufpel50anos\/wp-json\/wp\/v2\/media?parent=165"}],"curies":[{"name":"wp","href":"https:\/\/api.w.org\/{rel}","templated":true}]}}