{"id":15,"date":"2018-09-19T10:59:24","date_gmt":"2018-09-19T13:59:24","guid":{"rendered":"https:\/\/wp.ufpel.edu.br\/ufpel50anos\/?page_id=15"},"modified":"2019-05-24T13:38:11","modified_gmt":"2019-05-24T16:38:11","slug":"programacao","status":"publish","type":"page","link":"https:\/\/wp.ufpel.edu.br\/ufpel50anos\/programacao\/","title":{"rendered":"PROGRAMA\u00c7\u00c3O"},"content":{"rendered":"<p>Voc\u00ea pode adicionar seu evento a agenda comemorativa do cinquenten\u00e1rio da UFPel fazendo a solicita\u00e7\u00e3o atrav\u00e9s do e-mail <span style=\"color: #0000ff\">ufpel50anos@gmail.com.<\/span> As comemora\u00e7\u00f5es acontecer\u00e3o no per\u00edodo de 09 de agosto de 2018 \u00e0 07 de agosto de 2020.<\/p>\n<p>&nbsp;<\/p>\n<iframe loading=\"lazy\" src=\"https:\/\/calendar.google.com\/calendar\/b\/1\/embed?height=600&#038;wkst=1&#038;bgcolor=%23ffffff&#038;ctz=America%2FSao_Paulo&#038;src=dWZwZWw1MGFub3NAZ21haWwuY29t&#038;src=dWZwZWxmZW5hZG9jZUBnbWFpbC5jb20&#038;color=%23039BE5&#038;color=%237986CB\" frameborder=\"0\" width=\"720\" height=\"600\" marginheight=\"0\" marginwidth=\"0\" allowfullscreen=\"true\" mozallowfullscreen=\"true\" webkitallowfullscreen=\"true\"><\/iframe>\n","protected":false},"excerpt":{"rendered":"<p>Voc\u00ea pode adicionar seu evento a agenda comemorativa do cinquenten\u00e1rio da UFPel fazendo a solicita\u00e7\u00e3o atrav\u00e9s do e-mail ufpel50anos@gmail.com. As comemora\u00e7\u00f5es acontecer\u00e3o no per\u00edodo de 09 de agosto de 2018 [&hellip;]<\/p>\n","protected":false},"author":872,"featured_media":0,"parent":0,"menu_order":0,"comment_status":"closed","ping_status":"closed","template":"","meta":{"jetpack_post_was_ever_published":false,"footnotes":""},"class_list":["post-15","page","type-page","status-publish","hentry","post"],"jetpack_sharing_enabled":true,"jetpack_shortlink":"https:\/\/wp.me\/PahwON-f","jetpack-related-posts":[],"_links":{"self":[{"href":"https:\/\/wp.ufpel.edu.br\/ufpel50anos\/wp-json\/wp\/v2\/pages\/15","targetHints":{"allow":["GET"]}}],"collection":[{"href":"https:\/\/wp.ufpel.edu.br\/ufpel50anos\/wp-json\/wp\/v2\/pages"}],"about":[{"href":"https:\/\/wp.ufpel.edu.br\/ufpel50anos\/wp-json\/wp\/v2\/types\/page"}],"author":[{"embeddable":true,"href":"https:\/\/wp.ufpel.edu.br\/ufpel50anos\/wp-json\/wp\/v2\/users\/872"}],"replies":[{"embeddable":true,"href":"https:\/\/wp.ufpel.edu.br\/ufpel50anos\/wp-json\/wp\/v2\/comments?post=15"}],"version-history":[{"count":12,"href":"https:\/\/wp.ufpel.edu.br\/ufpel50anos\/wp-json\/wp\/v2\/pages\/15\/revisions"}],"predecessor-version":[{"id":238,"href":"https:\/\/wp.ufpel.edu.br\/ufpel50anos\/wp-json\/wp\/v2\/pages\/15\/revisions\/238"}],"wp:attachment":[{"href":"https:\/\/wp.ufpel.edu.br\/ufpel50anos\/wp-json\/wp\/v2\/media?parent=15"}],"curies":[{"name":"wp","href":"https:\/\/api.w.org\/{rel}","templated":true}]}}