{"id":83,"date":"2011-03-13T14:51:00","date_gmt":"2011-03-13T17:51:00","guid":{"rendered":"https:\/\/wp.ufpel.edu.br\/ucbmf\/"},"modified":"2024-04-16T10:25:30","modified_gmt":"2024-04-16T13:25:30","slug":"prof-dr-antonio-cesar-manentti-fogaca","status":"publish","type":"page","link":"https:\/\/wp.ufpel.edu.br\/ucbmf\/prof-dr-antonio-cesar-manentti-fogaca\/","title":{"rendered":"O QUE PESQUISAMOS"},"content":{"rendered":"<p>O Centro de tratamento de patologias e deformidades da face se organiza para a realiza\u00e7\u00e3o de relatos de casos, estudos cl\u00ednicos randomizados, revis\u00f5s sistem\u00e1ticas. Pesquisamos nossas realidades cl\u00ednicas e pretendemos ajudar na resolu\u00e7\u00e3o de problemas, presentes em nossa \u00e1rea de atua\u00e7\u00e3o. Para n\u00f3s, resolver problemas \u00e9 a miss\u00e3o maior da universidade. Encontrar solu\u00e7\u00f5es com base na evid\u00eancia cient\u00edfica, na pesquisa, no atendimento e no comprometimento dos atores cl\u00ednicos e cir\u00fargicos, \u00e9 a raz\u00e3o maior e nossa mis\u00e3o. <\/p>\n","protected":false},"excerpt":{"rendered":"<p>O Centro de tratamento de patologias e deformidades da face se organiza para a realiza\u00e7\u00e3o de relatos de casos, estudos cl\u00ednicos randomizados, revis\u00f5s sistem\u00e1ticas. Pesquisamos nossas realidades cl\u00ednicas e pretendemos ajudar na resolu\u00e7\u00e3o de problemas, presentes em nossa \u00e1rea de atua\u00e7\u00e3o. Para n\u00f3s, resolver problemas \u00e9 a miss\u00e3o maior da universidade. Encontrar solu\u00e7\u00f5es com base&#8230; <\/p>\n<div class=\"link-more\"><a href=\"https:\/\/wp.ufpel.edu.br\/ucbmf\/prof-dr-antonio-cesar-manentti-fogaca\/\">Leia mais<\/a><\/div>\n","protected":false},"author":101,"featured_media":0,"parent":0,"menu_order":0,"comment_status":"closed","ping_status":"closed","template":"","meta":{"footnotes":""},"class_list":["post-83","page","type-page","status-publish","hentry"],"_links":{"self":[{"href":"https:\/\/wp.ufpel.edu.br\/ucbmf\/wp-json\/wp\/v2\/pages\/83","targetHints":{"allow":["GET"]}}],"collection":[{"href":"https:\/\/wp.ufpel.edu.br\/ucbmf\/wp-json\/wp\/v2\/pages"}],"about":[{"href":"https:\/\/wp.ufpel.edu.br\/ucbmf\/wp-json\/wp\/v2\/types\/page"}],"author":[{"embeddable":true,"href":"https:\/\/wp.ufpel.edu.br\/ucbmf\/wp-json\/wp\/v2\/users\/101"}],"replies":[{"embeddable":true,"href":"https:\/\/wp.ufpel.edu.br\/ucbmf\/wp-json\/wp\/v2\/comments?post=83"}],"version-history":[{"count":103,"href":"https:\/\/wp.ufpel.edu.br\/ucbmf\/wp-json\/wp\/v2\/pages\/83\/revisions"}],"predecessor-version":[{"id":1308,"href":"https:\/\/wp.ufpel.edu.br\/ucbmf\/wp-json\/wp\/v2\/pages\/83\/revisions\/1308"}],"wp:attachment":[{"href":"https:\/\/wp.ufpel.edu.br\/ucbmf\/wp-json\/wp\/v2\/media?parent=83"}],"curies":[{"name":"wp","href":"https:\/\/api.w.org\/{rel}","templated":true}]}}