{"id":1224,"date":"2024-04-04T16:17:34","date_gmt":"2024-04-04T19:17:34","guid":{"rendered":"https:\/\/wp.ufpel.edu.br\/ucbmf\/?page_id=1224"},"modified":"2024-04-16T10:26:08","modified_gmt":"2024-04-16T13:26:08","slug":"cursos-que-ministramos","status":"publish","type":"page","link":"https:\/\/wp.ufpel.edu.br\/ucbmf\/cursos-que-ministramos\/","title":{"rendered":"O QUE ENSINAMOS"},"content":{"rendered":"<p>O CENTRO DE TRATAMENTO DE PATOLOGIAS E DEFORMIDADES DA FACE proporciona, durante o ano letivo,  aulas, jornadas e cursos com professores de renome nacional e internacional, com objetivo de proporcionar atualiza\u00e7\u00e3o e difus\u00e3o do conhecimento. Os cursos s\u00e3o destinados aos profissionais da sa\u00fade e aos alunos de gradua\u00e7\u00e3o, de cursos em sa\u00fade. Os temas abordados s\u00e3o: cirurgia ortogn\u00e1tica,  cirurgia oral menor, os tratamentos cl\u00ednicos e cir\u00fargicos da ATM,  bi\u00f3psias, reconstru\u00e7\u00f5es \u00f3sseas com enxertos do maxilar superior e mand\u00edbula, patologias da regi\u00e3o bucomaxilofacial, implantes odontol\u00f3gicods, entre outros. <\/p>\n","protected":false},"excerpt":{"rendered":"<p>O CENTRO DE TRATAMENTO DE PATOLOGIAS E DEFORMIDADES DA FACE proporciona, durante o ano letivo, aulas, jornadas e cursos com professores de renome nacional e internacional, com objetivo de proporcionar atualiza\u00e7\u00e3o e difus\u00e3o do conhecimento. Os cursos s\u00e3o destinados aos profissionais da sa\u00fade e aos alunos de gradua\u00e7\u00e3o, de cursos em sa\u00fade. Os temas abordados&#8230; <\/p>\n<div class=\"link-more\"><a href=\"https:\/\/wp.ufpel.edu.br\/ucbmf\/cursos-que-ministramos\/\">Leia mais<\/a><\/div>\n","protected":false},"author":101,"featured_media":0,"parent":0,"menu_order":1,"comment_status":"closed","ping_status":"closed","template":"","meta":{"footnotes":""},"class_list":["post-1224","page","type-page","status-publish","hentry"],"_links":{"self":[{"href":"https:\/\/wp.ufpel.edu.br\/ucbmf\/wp-json\/wp\/v2\/pages\/1224","targetHints":{"allow":["GET"]}}],"collection":[{"href":"https:\/\/wp.ufpel.edu.br\/ucbmf\/wp-json\/wp\/v2\/pages"}],"about":[{"href":"https:\/\/wp.ufpel.edu.br\/ucbmf\/wp-json\/wp\/v2\/types\/page"}],"author":[{"embeddable":true,"href":"https:\/\/wp.ufpel.edu.br\/ucbmf\/wp-json\/wp\/v2\/users\/101"}],"replies":[{"embeddable":true,"href":"https:\/\/wp.ufpel.edu.br\/ucbmf\/wp-json\/wp\/v2\/comments?post=1224"}],"version-history":[{"count":6,"href":"https:\/\/wp.ufpel.edu.br\/ucbmf\/wp-json\/wp\/v2\/pages\/1224\/revisions"}],"predecessor-version":[{"id":1309,"href":"https:\/\/wp.ufpel.edu.br\/ucbmf\/wp-json\/wp\/v2\/pages\/1224\/revisions\/1309"}],"wp:attachment":[{"href":"https:\/\/wp.ufpel.edu.br\/ucbmf\/wp-json\/wp\/v2\/media?parent=1224"}],"curies":[{"name":"wp","href":"https:\/\/api.w.org\/{rel}","templated":true}]}}