{"id":1218,"date":"2024-04-04T16:04:36","date_gmt":"2024-04-04T19:04:36","guid":{"rendered":"https:\/\/wp.ufpel.edu.br\/ucbmf\/?page_id=1218"},"modified":"2024-04-16T10:24:36","modified_gmt":"2024-04-16T13:24:36","slug":"o-que-atendemos","status":"publish","type":"page","link":"https:\/\/wp.ufpel.edu.br\/ucbmf\/o-que-atendemos\/","title":{"rendered":"O QUE ATENDEMOS"},"content":{"rendered":"<p>1- Disfun\u00e7\u00f5es da Articula\u00e7\u00e3o Temporomandibular (ATM)<br \/>\n    Clinicamente e cirurgicamente.<br \/>\n2- Patologias da regi\u00e3o bucomaxilofacial<br \/>\n    exemplos: odontomas, ameloblastomas, bi\u00f3psias da cavidade oral e face,regi\u00e3o CTBMF,<br \/>\n3- Cirurgias oral menor<br \/>\n     exemplos: Dentes inclusos, siso<br \/>\n4- Cirurgia Ortogn\u00e1tica<\/p>\n","protected":false},"excerpt":{"rendered":"<p>1- Disfun\u00e7\u00f5es da Articula\u00e7\u00e3o Temporomandibular (ATM) Clinicamente e cirurgicamente. 2- Patologias da regi\u00e3o bucomaxilofacial exemplos: odontomas, ameloblastomas, bi\u00f3psias da cavidade oral e face,regi\u00e3o CTBMF, 3- Cirurgias oral menor exemplos: Dentes inclusos, siso 4- Cirurgia Ortogn\u00e1tica<\/p>\n","protected":false},"author":101,"featured_media":0,"parent":0,"menu_order":0,"comment_status":"closed","ping_status":"closed","template":"","meta":{"footnotes":""},"class_list":["post-1218","page","type-page","status-publish","hentry"],"_links":{"self":[{"href":"https:\/\/wp.ufpel.edu.br\/ucbmf\/wp-json\/wp\/v2\/pages\/1218","targetHints":{"allow":["GET"]}}],"collection":[{"href":"https:\/\/wp.ufpel.edu.br\/ucbmf\/wp-json\/wp\/v2\/pages"}],"about":[{"href":"https:\/\/wp.ufpel.edu.br\/ucbmf\/wp-json\/wp\/v2\/types\/page"}],"author":[{"embeddable":true,"href":"https:\/\/wp.ufpel.edu.br\/ucbmf\/wp-json\/wp\/v2\/users\/101"}],"replies":[{"embeddable":true,"href":"https:\/\/wp.ufpel.edu.br\/ucbmf\/wp-json\/wp\/v2\/comments?post=1218"}],"version-history":[{"count":3,"href":"https:\/\/wp.ufpel.edu.br\/ucbmf\/wp-json\/wp\/v2\/pages\/1218\/revisions"}],"predecessor-version":[{"id":1307,"href":"https:\/\/wp.ufpel.edu.br\/ucbmf\/wp-json\/wp\/v2\/pages\/1218\/revisions\/1307"}],"wp:attachment":[{"href":"https:\/\/wp.ufpel.edu.br\/ucbmf\/wp-json\/wp\/v2\/media?parent=1218"}],"curies":[{"name":"wp","href":"https:\/\/api.w.org\/{rel}","templated":true}]}}