{"id":33,"date":"2017-11-02T21:50:03","date_gmt":"2017-11-02T23:50:03","guid":{"rendered":"https:\/\/wp.ufpel.edu.br\/tssc\/?page_id=33"},"modified":"2017-11-02T22:20:48","modified_gmt":"2017-11-03T00:20:48","slug":"dissertacoes","status":"publish","type":"page","link":"https:\/\/wp.ufpel.edu.br\/tssc\/dissertacoes\/","title":{"rendered":"Disserta\u00e7\u00f5es"},"content":{"rendered":"<h3><strong>2016<\/strong><\/h3>\n<p style=\"text-align: justify\"><strong>8. T\u00edtulo: Agrega\u00e7\u00e3o entre copol\u0131\u0301meros dibloco negativamente carregados e surfactantes cati\u00f4nicos: um estudo computacional <\/strong><br \/>\n<strong>Autor:<\/strong> Milene Ribeiro Bueno<br \/>\n<strong>Orientador:<\/strong> Alexandre Diehl<br \/>\n<strong>Defesa:<\/strong> 30\/09\/2016<br \/>\n<strong>Palavras-Chave:<\/strong> Copol\u0131\u0301mero dibloco. Surfactante cati\u00f4nico. Din\u00e2mica de Langevin.<br \/>\n<strong>\u00c1rea de Conhecimento:<\/strong> F\u00edsica Estat\u00edstica e Termodin\u00e2mica<\/p>\n<p><strong>7. T\u00edtulo: Estudo computacional de solu\u00e7\u00f5es contendo surfactantes i\u00f4nicos e sal <\/strong><br \/>\n<strong>Autor:<\/strong> Karlisson Rodrigo de Almeida Sousa<br \/>\n<strong>Orientador:<\/strong> Alexandre Diehl<br \/>\n<strong>Coorientador:<\/strong> Jos\u00e9 Rafael Bordin<br \/>\n<strong>Defesa:<\/strong> 25\/02\/2016<br \/>\n<strong>Palavras-Chave:<\/strong> Surfactantes. Eletr\u00f3litos. Misturas catani\u00f4nicas. Concentra\u00e7\u00e3o micelar cr\u00edtica.<br \/>\n<strong>\u00c1rea de Conhecimento:<\/strong> F\u00edsica Estat\u00edstica e Termodin\u00e2mica<\/p>\n<h3><strong>2015<\/strong><\/h3>\n<p><strong>6. T\u00edtulo: Acoplamento do Fluxo Sangu\u00edneo e Crescimento Vascular em Tr\u00eas Dimens\u00f5es <\/strong><br \/>\n<strong>Autor:<\/strong> Maur\u00edcio Moreira Soares<br \/>\n<strong>Orientador:<\/strong> Alexandre Diehl<br \/>\n<strong>Coorientador:<\/strong> Rui Davide Martins Travasso<br \/>\n<strong>Defesa:<\/strong> 31\/03\/2015<br \/>\n<strong>Palavras-Chave:<\/strong> Angiog\u00eanese, Crescimento tumoral, Modelo de interface difusa.<br \/>\n<strong>\u00c1rea de Conhecimento:<\/strong> Modelagem de fen\u00f4menos biol\u00f3gicos<\/p>\n<h3><strong>2013<\/strong><\/h3>\n<p><strong>5. T\u00edtulo: Estudo do Comportamento de Fase do Modelo Primitivo Restrito para Eletr\u00f3litos Simples Confinados num Meio Poroso <\/strong><br \/>\n<strong>Autor:<\/strong> Leonardo Pinheiro<br \/>\n<strong>Orientador:<\/strong> Alexandre Diehl<br \/>\n<strong>Defesa:<\/strong> 23\/05\/2013<br \/>\n<strong>Palavras-Chave:<\/strong> G\u00e1s de Coulomb. Modelo Primitivo Restrito. Meio Poroso. Simula\u00e7\u00e3o Monte Carlo.<br \/>\n<strong>\u00c1rea de Conhecimento:<\/strong> F\u00edsica Estat\u00edstica e Termodin\u00e2mica<\/p>\n<h3><strong>2012<\/strong><\/h3>\n<p><strong>4. T\u00edtulo: Estudo em simula\u00e7\u00e3o Monte Carlo de sistemas coloidais com descontinuidade diel\u00e9trica <\/strong><br \/>\n<strong>Autor:<\/strong> Ronaldo Adriano da Silva Afonso<br \/>\n<strong>Orientador:<\/strong> Alexandre Diehl<br \/>\n<strong>Defesa:<\/strong> 31\/10\/2012<br \/>\n<strong>Palavras-Chave:<\/strong> Sistemas coloidais; descontinuidade diel\u00e9trica; simula\u00e7\u00e3o Monte Carlo.<br \/>\n<strong>\u00c1rea de Conhecimento:<\/strong> F\u00edsica Estat\u00edstica e Termodin\u00e2mica<\/p>\n<h3><strong>2010<\/strong><\/h3>\n<p><strong>3. T\u00edtulo: Transi\u00e7\u00f5es de fase do Modelo Primitivo Restrito para eletr\u00f3litos com intera\u00e7\u00f5es de curto alcance<\/strong><br \/>\n<strong>Autor:<\/strong> Luciana Ara\u00fajo Velasque<br \/>\n<strong>Orientador:<\/strong> Alexandre Diehl<br \/>\n<strong>Defesa:<\/strong> 30\/09\/2010<br \/>\n<strong>Palavras-Chave:<\/strong> Modelo Primitivo Restrito. Eletr\u00f3litos. Teoria Debye-Huckel.<br \/>\n<strong>\u00c1rea de Conhecimento:<\/strong> F\u00edsica Estat\u00edstica e Termodin\u00e2mica<\/p>\n<p><strong>2. T\u00edtulo: Din\u00e2mica Molecular Grande Can\u00f4nica de Fluidos Complexos <\/strong><br \/>\n<strong>Autor:<\/strong> Jos\u00e9 Rafael Bordin<br \/>\n<strong>Orientador:<\/strong> Alexandre Diehl<br \/>\n<strong>Defesa:<\/strong> 04\/08\/2010<br \/>\n<strong>Palavras-Chave:<\/strong> Fluidos Complexos. Difus\u00e3o. Din\u00e2mica Molecular.<br \/>\n<strong>\u00c1rea de Conhecimento:<\/strong> F\u00edsica Estat\u00edstica e Termodin\u00e2mica<\/p>\n<p><strong>1. T\u00edtulo: Estudo da transi\u00e7\u00e3o colapsado-estendido em solu\u00e7\u00f5es de polieletr\u00f3litos flex\u00edveis<\/strong><br \/>\n<strong>Autor:<\/strong> Cintia Barbosa Passos<br \/>\n<strong>Orientador:<\/strong> Paulo S\u00e9rgio Kuhn<br \/>\n<strong>Defesa:<\/strong> 30\/07\/2010<br \/>\n<strong>Palavras-Chave:<\/strong> Polieletr\u00f3litos. Transi\u00e7\u00e3o de fase. Teoria Debye-Huckel.<br \/>\n<strong>\u00c1rea de Conhecimento:<\/strong> F\u00edsica Estat\u00edstica e Termodin\u00e2mica<\/p>\n","protected":false},"excerpt":{"rendered":"<p>2016 8. T\u00edtulo: Agrega\u00e7\u00e3o entre copol\u0131\u0301meros dibloco negativamente carregados e surfactantes cati\u00f4nicos: um estudo computacional Autor: Milene Ribeiro Bueno Orientador: Alexandre Diehl Defesa: 30\/09\/2016 Palavras-Chave: Copol\u0131\u0301mero dibloco. Surfactante cati\u00f4nico. Din\u00e2mica de Langevin. \u00c1rea de Conhecimento: F\u00edsica Estat\u00edstica e Termodin\u00e2mica 7&#8230;. <a class=\"more-link\" href=\"https:\/\/wp.ufpel.edu.br\/tssc\/dissertacoes\/\">Continue lendo &rarr;<\/a><\/p>\n","protected":false},"author":811,"featured_media":0,"parent":0,"menu_order":2,"comment_status":"closed","ping_status":"closed","template":"","meta":{"footnotes":""},"class_list":["post-33","page","type-page","status-publish","hentry"],"_links":{"self":[{"href":"https:\/\/wp.ufpel.edu.br\/tssc\/wp-json\/wp\/v2\/pages\/33","targetHints":{"allow":["GET"]}}],"collection":[{"href":"https:\/\/wp.ufpel.edu.br\/tssc\/wp-json\/wp\/v2\/pages"}],"about":[{"href":"https:\/\/wp.ufpel.edu.br\/tssc\/wp-json\/wp\/v2\/types\/page"}],"author":[{"embeddable":true,"href":"https:\/\/wp.ufpel.edu.br\/tssc\/wp-json\/wp\/v2\/users\/811"}],"replies":[{"embeddable":true,"href":"https:\/\/wp.ufpel.edu.br\/tssc\/wp-json\/wp\/v2\/comments?post=33"}],"version-history":[{"count":4,"href":"https:\/\/wp.ufpel.edu.br\/tssc\/wp-json\/wp\/v2\/pages\/33\/revisions"}],"predecessor-version":[{"id":42,"href":"https:\/\/wp.ufpel.edu.br\/tssc\/wp-json\/wp\/v2\/pages\/33\/revisions\/42"}],"wp:attachment":[{"href":"https:\/\/wp.ufpel.edu.br\/tssc\/wp-json\/wp\/v2\/media?parent=33"}],"curies":[{"name":"wp","href":"https:\/\/api.w.org\/{rel}","templated":true}]}}