{"id":2,"date":"2017-11-02T18:30:52","date_gmt":"2017-11-02T20:30:52","guid":{"rendered":"https:\/\/wp.ufpel.edu.br\/tssc\/?page_id=2"},"modified":"2017-11-02T21:46:04","modified_gmt":"2017-11-02T23:46:04","slug":"pagina-exemplo","status":"publish","type":"page","link":"https:\/\/wp.ufpel.edu.br\/tssc\/","title":{"rendered":"O grupo TSSC"},"content":{"rendered":"<p style=\"text-align: justify\">Esta \u00e9 a p\u00e1gina do grupo <strong>TSSC<\/strong> (<strong>Teoria e Simula\u00e7\u00e3o de Sistemas Complexos<\/strong>), ligado ao Programa de P\u00f3s-Gradua\u00e7\u00e3o em F\u00edsica da Universidade Federal de Pelotas (UFPel). O grupo foi criado em 2008, junto com o in\u00edcio\u00a0 do Curso de Mestrado em F\u00edsica da UFPel.<\/p>\n<p>&nbsp;<\/p>\n","protected":false},"excerpt":{"rendered":"<p>Esta \u00e9 a p\u00e1gina do grupo TSSC (Teoria e Simula\u00e7\u00e3o de Sistemas Complexos), ligado ao Programa de P\u00f3s-Gradua\u00e7\u00e3o em F\u00edsica da Universidade Federal de Pelotas (UFPel). O grupo foi criado em 2008, junto com o in\u00edcio\u00a0 do Curso de Mestrado&#8230; <a class=\"more-link\" href=\"https:\/\/wp.ufpel.edu.br\/tssc\/\">Continue lendo &rarr;<\/a><\/p>\n","protected":false},"author":811,"featured_media":0,"parent":0,"menu_order":0,"comment_status":"closed","ping_status":"closed","template":"","meta":{"footnotes":""},"class_list":["post-2","page","type-page","status-publish","hentry"],"_links":{"self":[{"href":"https:\/\/wp.ufpel.edu.br\/tssc\/wp-json\/wp\/v2\/pages\/2","targetHints":{"allow":["GET"]}}],"collection":[{"href":"https:\/\/wp.ufpel.edu.br\/tssc\/wp-json\/wp\/v2\/pages"}],"about":[{"href":"https:\/\/wp.ufpel.edu.br\/tssc\/wp-json\/wp\/v2\/types\/page"}],"author":[{"embeddable":true,"href":"https:\/\/wp.ufpel.edu.br\/tssc\/wp-json\/wp\/v2\/users\/811"}],"replies":[{"embeddable":true,"href":"https:\/\/wp.ufpel.edu.br\/tssc\/wp-json\/wp\/v2\/comments?post=2"}],"version-history":[{"count":3,"href":"https:\/\/wp.ufpel.edu.br\/tssc\/wp-json\/wp\/v2\/pages\/2\/revisions"}],"predecessor-version":[{"id":27,"href":"https:\/\/wp.ufpel.edu.br\/tssc\/wp-json\/wp\/v2\/pages\/2\/revisions\/27"}],"wp:attachment":[{"href":"https:\/\/wp.ufpel.edu.br\/tssc\/wp-json\/wp\/v2\/media?parent=2"}],"curies":[{"name":"wp","href":"https:\/\/api.w.org\/{rel}","templated":true}]}}