{"id":735,"date":"2019-04-08T10:59:01","date_gmt":"2019-04-08T13:59:01","guid":{"rendered":"https:\/\/wp.ufpel.edu.br\/travessias\/?page_id=735"},"modified":"2019-04-08T12:39:50","modified_gmt":"2019-04-08T15:39:50","slug":"video","status":"publish","type":"page","link":"https:\/\/wp.ufpel.edu.br\/travessias\/video\/","title":{"rendered":"V\u00eddeo"},"content":{"rendered":"<p style=\"text-align: justify\">O procedimento metodol\u00f3gico da produ\u00e7\u00e3o de v\u00eddeo deseja cartografar e documentar por meio de ferramentas audiovisuais: os deslocamentos entre as cidades, a travessia que o grupo de pesquisa fez caminhando pela linha de fronteira, as reuni\u00f5es e o pr\u00f3prio espa\u00e7o p\u00fablico, cen\u00e1rio da vida urbana na fronteira.<\/p>\n<p style=\"text-align: justify\">O projeto pensa o audiovisual como ferramenta indispens\u00e1vel para auxiliar na<br \/>\npercep\u00e7\u00e3o da cidade e dos cidad\u00e3os contempor\u00e2neos, pr\u00e9dios, casas e gestos, que convivem nessa linha, desalinhando-a, alinhando-a. Evidenciar e registrar essa cidade formada por elementos d\u00edspares, que acontecem nessas fronteiras f\u00edsicas que unem\/separam os pa\u00edses. Com o material audiovisual captado durante a viagem o grupo tem como objetivo montar e disponibilizar online um document\u00e1rio sobre os desalinhos da fronteira Brasil-Uruguay, demonstrando os usos e desusos que singularizam esses espa\u00e7os, bem como os corpos que o comp\u00f5em, e o transformam.<\/p>\n<p style=\"text-align: justify\">Os v\u00eddeos foram realizados nas 12 cidades e foram estabelecidos 4 eixos principais para a capta\u00e7\u00e3o das imagens e sons: a caminhada coletiva pelas linhas de fronteira, as reuni\u00f5es noturnas para compartilhar as experi\u00eancias vividas em cada cidade, registrar os espa\u00e7os p\u00fablicos, as pessoas que o habitam e o constroem fisicamente e subjetivamente.<\/p>\n<p style=\"text-align: justify\">Na linha de fronteira das cidades-g\u00eameas Brasil-Uruguay, os espa\u00e7os p\u00fablicos s\u00e3o ocupados pelos mais diferentes usu\u00e1rios, que transitam e permanecem de formas muito distintas. A pesquisa ainda est\u00e1 em fase de organiza\u00e7\u00e3o e an\u00e1lise do material, mas pretende reconhecer as diversas atividades exercidas nesses espa\u00e7os e diagnostic\u00e1-los, podendo assim criar diretrizes de planejamento conjuntas para as 12 cidades.<\/p>\n<p style=\"text-align: justify\">Nesse sentido, o produto audiovisual se coloca como ferramenta indispens\u00e1vel para o reconhecimento e narrativa do processo de pesquisa, pois aborda por um caminho sens\u00edvel, a estadia dos pesquisadores-viajantes e o uso ou desuso cotidiano dos espa\u00e7os p\u00fablicos da linha de fronteira. O audiovisual transpassa a imagem est\u00e1tica e permite uma imers\u00e3o no espa\u00e7o que a fotografia e a escrita n\u00e3o alcan\u00e7am, o uso adequado da imagem em movimento, aliada ao \u00e1udio, permite capturar aspectos dif\u00edceis de serem captados com outros recursos, tais como express\u00f5es corporais, faciais e verbais utilizadas em situa\u00e7\u00f5es cotidianas.<\/p>\n<p style=\"text-align: justify\">\u00c9 importante assinalar que o v\u00eddeo n\u00e3o \u00e9 mera transcri\u00e7\u00e3o da realidade em imagens; \u00e9 necess\u00e1rio considerar o olhar de quem filma, seu posicionamento diante do que est\u00e1 sendo registrado, seus recortes, enquadramentos, escolhas. Apesar de seu quadro de recorte, \u00e9 capaz de captar os sons e movimentos produzidos na cidade e pela cidade, mesclando e ampliando nossos sentidos.<\/p>\n<p style=\"text-align: justify\">Os resultados ainda s\u00e3o preliminares, mas j\u00e1 se pode identificar uma s\u00e9rie de fatores que aproximam ou diferenciam as cidades g\u00eameas na linha de fronteira Brasil Uruguai. As din\u00e2micas que se d\u00e3o no espa\u00e7o p\u00fablico, por exemplo, podem ser diretamente relacionadas com o tipo de fronteira estabelecida entre as cidades (sendo ela seca ou fluvial) e a situa\u00e7\u00e3o e setoriza\u00e7\u00e3o do com\u00e9rcio &#8211; principalmente dos free shops.<\/p>\n<p style=\"text-align: justify\">Esses desalinhos encontrados em cada cidade est\u00e3o registrados em v\u00eddeo, fragmentos de cidade g\u00eameas, se desdobrar\u00e3o em outros produtos cartogr\u00e1ficos. Pretende-se montar com esse material captado durante as Travessias um document\u00e1rio principal e outros produtos audiovisuais sobre a fronteira. E tamb\u00e9m um acervo online dos v\u00eddeos n\u00e3o editados, para acesso e uso livre.<\/p>\n<p style=\"text-align: justify\">Outras caracter\u00edsticas, menos diretas, provavelmente surgir\u00e3o quando analisarmos o conte\u00fado gerado, e nos dispusermos a tentar compreender, de forma mais incisiva, as diferentes din\u00e2micas dos usu\u00e1rios do espa\u00e7o p\u00fablico na fronteira.<\/p>\n<p style=\"text-align: justify\"><span style=\"color: #800000\">*Texto retirado do resumo expandido: <a style=\"color: #800000\" href=\"http:\/\/cti.ufpel.edu.br\/siepe\/arquivos\/2018\/SA_03977.pdf\">TRAVESSIAS NA FRONTEIRA BRASIL- URUGUAY: DESALINHOS AUDIOVISUAIS SOBRE<\/a> O ESPA\u00c7O P\u00daBLICO, produzido pelos autores dessa pesquisa publicado nos Anais do XXVII CIC\/UFPEL.<\/span><\/p>\n<p>V\u00eddeo da Travessia na linha de fronteira das cidades-g\u00eameas <strong>Chu\u00ed-Chuy<\/strong> no dia 25 de agosto de 2018. Autoria de Carolina Clasen.<\/p>\n<p><iframe loading=\"lazy\" title=\"Travessia Chu\u00ed-Chuy\" width=\"525\" height=\"295\" src=\"https:\/\/www.youtube.com\/embed\/83BaLk_lS4E?feature=oembed\" frameborder=\"0\" allow=\"accelerometer; autoplay; clipboard-write; encrypted-media; gyroscope; picture-in-picture; web-share\" referrerpolicy=\"strict-origin-when-cross-origin\" allowfullscreen><\/iframe><\/p>\n<p style=\"text-align: justify\">V\u00eddeo da Travessia na linha de fronteira das cidades-g\u00eameas<strong> Jaguar\u00e3o-Rio Branco<\/strong> no dia 26 de agosto de 2018. Autoria de Carolina Clasen.<\/p>\n<p><iframe loading=\"lazy\" title=\"Travessia Jaguar\u00e3o-Rio Branco\" width=\"525\" height=\"295\" src=\"https:\/\/www.youtube.com\/embed\/wx0Ok9E7up8?feature=oembed\" frameborder=\"0\" allow=\"accelerometer; autoplay; clipboard-write; encrypted-media; gyroscope; picture-in-picture; web-share\" referrerpolicy=\"strict-origin-when-cross-origin\" allowfullscreen><\/iframe><\/p>\n<p style=\"text-align: justify\">V\u00eddeo da Travessia na linha de fronteira das cidades-g\u00eameas<strong> Acegu\u00e1-Acegu\u00e1<\/strong> no dia 27 de agosto de 2018. Autoria de Carolina Clasen.<\/p>\n<p><iframe loading=\"lazy\" title=\"Travessia Acegu\u00e1-Acegu\u00e1\" width=\"525\" height=\"295\" src=\"https:\/\/www.youtube.com\/embed\/u3EqvH-LECw?feature=oembed\" frameborder=\"0\" allow=\"accelerometer; autoplay; clipboard-write; encrypted-media; gyroscope; picture-in-picture; web-share\" referrerpolicy=\"strict-origin-when-cross-origin\" allowfullscreen><\/iframe><\/p>\n<p style=\"text-align: justify\">V\u00eddeo da Travessia na linha de fronteira das cidades-g\u00eameas<strong> Santana do Livramento-Rivera <\/strong>no dia 28 de agosto de 2018. Autoria de Carolina Clasen.<\/p>\n<p><iframe loading=\"lazy\" title=\"Travessia Livramento-Rivera\" width=\"525\" height=\"295\" src=\"https:\/\/www.youtube.com\/embed\/Mhx8KLYG6EE?feature=oembed\" frameborder=\"0\" allow=\"accelerometer; autoplay; clipboard-write; encrypted-media; gyroscope; picture-in-picture; web-share\" referrerpolicy=\"strict-origin-when-cross-origin\" allowfullscreen><\/iframe><\/p>\n<p style=\"text-align: justify\">V\u00eddeo da Travessia na linha de fronteira das cidades-g\u00eameas<strong> Quara\u00ed-Artigas <\/strong>no dia 30 de agosto de 2018. Autoria de Carolina Clasen.<\/p>\n<p><iframe loading=\"lazy\" title=\"Travessia Quara\u00ed-Artigas\" width=\"525\" height=\"295\" src=\"https:\/\/www.youtube.com\/embed\/-rC6jK2LnBc?feature=oembed\" frameborder=\"0\" allow=\"accelerometer; autoplay; clipboard-write; encrypted-media; gyroscope; picture-in-picture; web-share\" referrerpolicy=\"strict-origin-when-cross-origin\" allowfullscreen><\/iframe><\/p>\n<p>V\u00eddeo da Travessia na linha de fronteira das cidades-g\u00eameas<strong> Barra do Quara\u00ed-Bella Uni\u00f3n <\/strong>no dia 01 de setembro de 2018. Autoria de Carolina Clasen.<\/p>\n<p><iframe loading=\"lazy\" title=\"Travessia Barra do Quara\u00ed-Bella Uni\u00f3n\" width=\"525\" height=\"295\" src=\"https:\/\/www.youtube.com\/embed\/WCgnGcJaLUI?feature=oembed\" frameborder=\"0\" allow=\"accelerometer; autoplay; clipboard-write; encrypted-media; gyroscope; picture-in-picture; web-share\" referrerpolicy=\"strict-origin-when-cross-origin\" allowfullscreen><\/iframe><\/p>\n<p>&nbsp;<\/p>\n","protected":false},"excerpt":{"rendered":"<p>O procedimento metodol\u00f3gico da produ\u00e7\u00e3o de v\u00eddeo deseja cartografar e documentar por meio de ferramentas audiovisuais: os deslocamentos entre as cidades, a travessia que o grupo de pesquisa fez caminhando pela linha de fronteira, as reuni\u00f5es e o pr\u00f3prio espa\u00e7o p\u00fablico, cen\u00e1rio da vida urbana na fronteira. O projeto pensa o audiovisual como ferramenta indispens\u00e1vel &hellip; <\/p>\n<p class=\"link-more\"><a href=\"https:\/\/wp.ufpel.edu.br\/travessias\/video\/\" class=\"more-link\">Continue lendo<span class=\"screen-reader-text\"> &#8220;V\u00eddeo&#8221;<\/span><\/a><\/p>\n","protected":false},"author":716,"featured_media":737,"parent":0,"menu_order":0,"comment_status":"closed","ping_status":"closed","template":"","meta":{"jetpack_post_was_ever_published":false,"footnotes":""},"class_list":["post-735","page","type-page","status-publish","has-post-thumbnail","hentry"],"jetpack_sharing_enabled":true,"jetpack_shortlink":"https:\/\/wp.me\/P9QwLM-bR","jetpack-related-posts":[],"_links":{"self":[{"href":"https:\/\/wp.ufpel.edu.br\/travessias\/wp-json\/wp\/v2\/pages\/735","targetHints":{"allow":["GET"]}}],"collection":[{"href":"https:\/\/wp.ufpel.edu.br\/travessias\/wp-json\/wp\/v2\/pages"}],"about":[{"href":"https:\/\/wp.ufpel.edu.br\/travessias\/wp-json\/wp\/v2\/types\/page"}],"author":[{"embeddable":true,"href":"https:\/\/wp.ufpel.edu.br\/travessias\/wp-json\/wp\/v2\/users\/716"}],"replies":[{"embeddable":true,"href":"https:\/\/wp.ufpel.edu.br\/travessias\/wp-json\/wp\/v2\/comments?post=735"}],"version-history":[{"count":17,"href":"https:\/\/wp.ufpel.edu.br\/travessias\/wp-json\/wp\/v2\/pages\/735\/revisions"}],"predecessor-version":[{"id":760,"href":"https:\/\/wp.ufpel.edu.br\/travessias\/wp-json\/wp\/v2\/pages\/735\/revisions\/760"}],"wp:featuredmedia":[{"embeddable":true,"href":"https:\/\/wp.ufpel.edu.br\/travessias\/wp-json\/wp\/v2\/media\/737"}],"wp:attachment":[{"href":"https:\/\/wp.ufpel.edu.br\/travessias\/wp-json\/wp\/v2\/media?parent=735"}],"curies":[{"name":"wp","href":"https:\/\/api.w.org\/{rel}","templated":true}]}}