{"id":292,"date":"2018-06-12T15:25:23","date_gmt":"2018-06-12T18:25:23","guid":{"rendered":"https:\/\/wp.ufpel.edu.br\/travessias\/?page_id=292"},"modified":"2018-06-12T15:53:14","modified_gmt":"2018-06-12T18:53:14","slug":"3o-ano","status":"publish","type":"page","link":"https:\/\/wp.ufpel.edu.br\/travessias\/3o-ano\/","title":{"rendered":"3\u00ba Ano"},"content":{"rendered":"<p><strong>3\u00ba<\/strong> <strong>ANO<\/strong><br \/>\n<sub><em>METAS<\/em><\/sub><\/p>\n<p><strong><span style=\"color: #ff0000\">Inscrever<\/span><\/strong> sobre a linha fronteira Brasil-Uruguay<\/p>\n<p>22) Atualiza\u00e7\u00e3o de website da pesquisa;<br \/>\n23) Revis\u00e3o de Bibliografia 3\u00ba\u00a0ano;<br \/>\n24) Organiza\u00e7\u00e3o de publica\u00e7\u00e3o para eventos, editoras e revistas cient\u00edficas;<br \/>\n25) Prepara\u00e7\u00e3o de semin\u00e1rio aberto e exposi\u00e7\u00e3o de imagens \u201cTRAVESSIAS NA LINHA DE FRONTEIRA BRASIL-URUGUAY\u201d;<br \/>\n26) Semin\u00e1rio aberto e exposi\u00e7\u00e3o de imagens \u201cTRAVESSIAS NA LINHA DE FRONTEIRA BRASIL-URUGUAY\u201d(8 EICCMU);<br \/>\n27) Sistematiza\u00e7\u00e3o e organiza\u00e7\u00e3o do material coletado em semin\u00e1rio e exposi\u00e7\u00e3o;<br \/>\n28) Semin\u00e1rio aberto de avalia\u00e7\u00e3o final;<br \/>\n29) An\u00e1lise do material geral coletado;<br \/>\n30) Reda\u00e7\u00e3o de relat\u00f3rio final (livro);<br \/>\n31) Encaminhamento de publica\u00e7\u00e3o para eventos, editoras e revistas cient\u00edficas<br \/>\n.<\/p>\n","protected":false},"excerpt":{"rendered":"<p>3\u00ba ANO METAS Inscrever sobre a linha fronteira Brasil-Uruguay 22) Atualiza\u00e7\u00e3o de website da pesquisa; 23) Revis\u00e3o de Bibliografia 3\u00ba\u00a0ano; 24) Organiza\u00e7\u00e3o de publica\u00e7\u00e3o para eventos, editoras e revistas cient\u00edficas; 25) Prepara\u00e7\u00e3o de semin\u00e1rio aberto e exposi\u00e7\u00e3o de imagens \u201cTRAVESSIAS NA LINHA DE FRONTEIRA BRASIL-URUGUAY\u201d; 26) Semin\u00e1rio aberto e exposi\u00e7\u00e3o de imagens \u201cTRAVESSIAS NA LINHA &hellip; <\/p>\n<p class=\"link-more\"><a href=\"https:\/\/wp.ufpel.edu.br\/travessias\/3o-ano\/\" class=\"more-link\">Continue lendo<span class=\"screen-reader-text\"> &#8220;3\u00ba Ano&#8221;<\/span><\/a><\/p>\n","protected":false},"author":716,"featured_media":0,"parent":0,"menu_order":0,"comment_status":"closed","ping_status":"closed","template":"","meta":{"jetpack_post_was_ever_published":false,"footnotes":""},"class_list":["post-292","page","type-page","status-publish","hentry"],"jetpack_sharing_enabled":true,"jetpack_shortlink":"https:\/\/wp.me\/P9QwLM-4I","jetpack-related-posts":[],"_links":{"self":[{"href":"https:\/\/wp.ufpel.edu.br\/travessias\/wp-json\/wp\/v2\/pages\/292","targetHints":{"allow":["GET"]}}],"collection":[{"href":"https:\/\/wp.ufpel.edu.br\/travessias\/wp-json\/wp\/v2\/pages"}],"about":[{"href":"https:\/\/wp.ufpel.edu.br\/travessias\/wp-json\/wp\/v2\/types\/page"}],"author":[{"embeddable":true,"href":"https:\/\/wp.ufpel.edu.br\/travessias\/wp-json\/wp\/v2\/users\/716"}],"replies":[{"embeddable":true,"href":"https:\/\/wp.ufpel.edu.br\/travessias\/wp-json\/wp\/v2\/comments?post=292"}],"version-history":[{"count":3,"href":"https:\/\/wp.ufpel.edu.br\/travessias\/wp-json\/wp\/v2\/pages\/292\/revisions"}],"predecessor-version":[{"id":313,"href":"https:\/\/wp.ufpel.edu.br\/travessias\/wp-json\/wp\/v2\/pages\/292\/revisions\/313"}],"wp:attachment":[{"href":"https:\/\/wp.ufpel.edu.br\/travessias\/wp-json\/wp\/v2\/media?parent=292"}],"curies":[{"name":"wp","href":"https:\/\/api.w.org\/{rel}","templated":true}]}}