{"id":291,"date":"2018-06-12T15:25:18","date_gmt":"2018-06-12T18:25:18","guid":{"rendered":"https:\/\/wp.ufpel.edu.br\/travessias\/?page_id=291"},"modified":"2018-06-12T16:27:32","modified_gmt":"2018-06-12T19:27:32","slug":"2o-ano","status":"publish","type":"page","link":"https:\/\/wp.ufpel.edu.br\/travessias\/2o-ano\/","title":{"rendered":"2\u00ba Ano"},"content":{"rendered":"<p><strong>2\u00ba ANO<br \/>\n<\/strong><sup><em>METAS<\/em><\/sup><\/p>\n<p><span style=\"color: #ff0000\"><strong>Ouvir vozes<\/strong><\/span> da linha fronteira Brasil -Uruguay<\/p>\n<p>12) Atualiza\u00e7\u00e3o de website da pesquisa;<br \/>\n13 ) Revis\u00e3o de Bibliografia 2 \u00ba ano;<br \/>\n14) Prepara\u00e7\u00e3o de miss\u00f5es individuais;<br \/>\n15) Miss\u00f5es individuais;<br \/>\n16) Prepara\u00e7\u00e3o de Semin\u00e1rio Aberto Vozes de Fronteira;<br \/>\n17) Semin\u00e1rio Aberto Vozes de Fronteira (ciclo mensal);<br \/>\n18) Sistematiza\u00e7\u00e3o e organiza\u00e7\u00e3o do material coletado em miss\u00f5es<br \/>\ne semin\u00e1rio;<br \/>\n19) An\u00e1lise do material coletado;<br \/>\n20) Reda\u00e7\u00e3o de relat\u00f3rio parcial do 2\u00ba ano;<br \/>\n21) Semin\u00e1rio aberto de avalia\u00e7\u00e3o do 2\u00ba ano.<\/p>\n","protected":false},"excerpt":{"rendered":"<p>2\u00ba ANO METAS Ouvir vozes da linha fronteira Brasil -Uruguay 12) Atualiza\u00e7\u00e3o de website da pesquisa; 13 ) Revis\u00e3o de Bibliografia 2 \u00ba ano; 14) Prepara\u00e7\u00e3o de miss\u00f5es individuais; 15) Miss\u00f5es individuais; 16) Prepara\u00e7\u00e3o de Semin\u00e1rio Aberto Vozes de Fronteira; 17) Semin\u00e1rio Aberto Vozes de Fronteira (ciclo mensal); 18) Sistematiza\u00e7\u00e3o e organiza\u00e7\u00e3o do material coletado &hellip; <\/p>\n<p class=\"link-more\"><a href=\"https:\/\/wp.ufpel.edu.br\/travessias\/2o-ano\/\" class=\"more-link\">Continue lendo<span class=\"screen-reader-text\"> &#8220;2\u00ba Ano&#8221;<\/span><\/a><\/p>\n","protected":false},"author":716,"featured_media":0,"parent":0,"menu_order":0,"comment_status":"closed","ping_status":"closed","template":"","meta":{"jetpack_post_was_ever_published":false,"footnotes":""},"class_list":["post-291","page","type-page","status-publish","hentry"],"jetpack_sharing_enabled":true,"jetpack_shortlink":"https:\/\/wp.me\/P9QwLM-4H","jetpack-related-posts":[],"_links":{"self":[{"href":"https:\/\/wp.ufpel.edu.br\/travessias\/wp-json\/wp\/v2\/pages\/291","targetHints":{"allow":["GET"]}}],"collection":[{"href":"https:\/\/wp.ufpel.edu.br\/travessias\/wp-json\/wp\/v2\/pages"}],"about":[{"href":"https:\/\/wp.ufpel.edu.br\/travessias\/wp-json\/wp\/v2\/types\/page"}],"author":[{"embeddable":true,"href":"https:\/\/wp.ufpel.edu.br\/travessias\/wp-json\/wp\/v2\/users\/716"}],"replies":[{"embeddable":true,"href":"https:\/\/wp.ufpel.edu.br\/travessias\/wp-json\/wp\/v2\/comments?post=291"}],"version-history":[{"count":4,"href":"https:\/\/wp.ufpel.edu.br\/travessias\/wp-json\/wp\/v2\/pages\/291\/revisions"}],"predecessor-version":[{"id":322,"href":"https:\/\/wp.ufpel.edu.br\/travessias\/wp-json\/wp\/v2\/pages\/291\/revisions\/322"}],"wp:attachment":[{"href":"https:\/\/wp.ufpel.edu.br\/travessias\/wp-json\/wp\/v2\/media?parent=291"}],"curies":[{"name":"wp","href":"https:\/\/api.w.org\/{rel}","templated":true}]}}