{"id":290,"date":"2018-06-12T15:25:12","date_gmt":"2018-06-12T18:25:12","guid":{"rendered":"https:\/\/wp.ufpel.edu.br\/travessias\/?page_id=290"},"modified":"2018-06-12T16:26:44","modified_gmt":"2018-06-12T19:26:44","slug":"1o-ano","status":"publish","type":"page","link":"https:\/\/wp.ufpel.edu.br\/travessias\/1o-ano\/","title":{"rendered":"1\u00ba Ano"},"content":{"rendered":"<p><strong>1\u00ba ANO<br \/>\n<\/strong><sub><em>METAS<\/em><\/sub><\/p>\n<p><strong><span style=\"color: #ff0000\">A viagem<\/span><\/strong> pela linha de fronteira Brasil-Uruguay<\/p>\n<p>1) Implementa\u00e7\u00e3o de website da pesquisa;<br \/>\n2) Revis\u00e3o de Bibliografia 1\u00ba ano;<br \/>\n3) Organiza\u00e7\u00e3o da Viagem em grupo pela<br \/>\nfronteira;<br \/>\n4) Divulga\u00e7\u00e3o e sele\u00e7\u00e3o de Viajantes;<br \/>\n5) Semin\u00e1rio aberto Pr\u00e9-viagem;<br \/>\n6) Acontecimento da Viagem;<br \/>\n7) Semin\u00e1rio aberto P\u00f3s-viagem;<br \/>\n8) Sistematiza\u00e7\u00e3o e organiza\u00e7\u00e3o do material<br \/>\ncoletado na viagem;<br \/>\n9) An\u00e1lise do material coletado na viagem;<br \/>\n10) Reda\u00e7\u00e3o de relat\u00f3rio parcial do 1o.ano;<br \/>\n11) Semin\u00e1rio aberto de avalia\u00e7\u00e3o do 1\u00ba ano.<\/p>\n","protected":false},"excerpt":{"rendered":"<p>1\u00ba ANO METAS A viagem pela linha de fronteira Brasil-Uruguay 1) Implementa\u00e7\u00e3o de website da pesquisa; 2) Revis\u00e3o de Bibliografia 1\u00ba ano; 3) Organiza\u00e7\u00e3o da Viagem em grupo pela fronteira; 4) Divulga\u00e7\u00e3o e sele\u00e7\u00e3o de Viajantes; 5) Semin\u00e1rio aberto Pr\u00e9-viagem; 6) Acontecimento da Viagem; 7) Semin\u00e1rio aberto P\u00f3s-viagem; 8) Sistematiza\u00e7\u00e3o e organiza\u00e7\u00e3o do material coletado &hellip; <\/p>\n<p class=\"link-more\"><a href=\"https:\/\/wp.ufpel.edu.br\/travessias\/1o-ano\/\" class=\"more-link\">Continue lendo<span class=\"screen-reader-text\"> &#8220;1\u00ba Ano&#8221;<\/span><\/a><\/p>\n","protected":false},"author":716,"featured_media":0,"parent":0,"menu_order":0,"comment_status":"closed","ping_status":"closed","template":"","meta":{"jetpack_post_was_ever_published":false,"footnotes":""},"class_list":["post-290","page","type-page","status-publish","hentry"],"jetpack_sharing_enabled":true,"jetpack_shortlink":"https:\/\/wp.me\/P9QwLM-4G","jetpack-related-posts":[],"_links":{"self":[{"href":"https:\/\/wp.ufpel.edu.br\/travessias\/wp-json\/wp\/v2\/pages\/290","targetHints":{"allow":["GET"]}}],"collection":[{"href":"https:\/\/wp.ufpel.edu.br\/travessias\/wp-json\/wp\/v2\/pages"}],"about":[{"href":"https:\/\/wp.ufpel.edu.br\/travessias\/wp-json\/wp\/v2\/types\/page"}],"author":[{"embeddable":true,"href":"https:\/\/wp.ufpel.edu.br\/travessias\/wp-json\/wp\/v2\/users\/716"}],"replies":[{"embeddable":true,"href":"https:\/\/wp.ufpel.edu.br\/travessias\/wp-json\/wp\/v2\/comments?post=290"}],"version-history":[{"count":4,"href":"https:\/\/wp.ufpel.edu.br\/travessias\/wp-json\/wp\/v2\/pages\/290\/revisions"}],"predecessor-version":[{"id":400,"href":"https:\/\/wp.ufpel.edu.br\/travessias\/wp-json\/wp\/v2\/pages\/290\/revisions\/400"}],"wp:attachment":[{"href":"https:\/\/wp.ufpel.edu.br\/travessias\/wp-json\/wp\/v2\/media?parent=290"}],"curies":[{"name":"wp","href":"https:\/\/api.w.org\/{rel}","templated":true}]}}