{"id":14,"date":"2018-04-17T16:39:07","date_gmt":"2018-04-17T19:39:07","guid":{"rendered":"https:\/\/wp.ufpel.edu.br\/travessias\/?page_id=14"},"modified":"2018-07-02T09:06:19","modified_gmt":"2018-07-02T12:06:19","slug":"travessias","status":"publish","type":"page","link":"https:\/\/wp.ufpel.edu.br\/travessias\/travessias\/","title":{"rendered":"Travessias"},"content":{"rendered":"<h3 style=\"text-align: justify\"><span style=\"font-size: 18pt\"><strong>Tra.ves.sia<\/strong><\/span>, <span style=\"font-size: 12pt\">ato de atravessar, se deslocar de um ponto a outro. Etimologicamente a palavra travessia origina do latim, radical <em>-trans <\/em>de \u201catrav\u00e9s, o que cruza\u201d e &#8211; <em>versus<\/em> de \u201cvirar, fazer dar volta\u201d. Assim como outras palavras do mesmo radical, travesso (crian\u00e7a que \u201cvira\u201d, se torna inquieta, bagunceira), transversal (linha \u201cgirada\u201d, obl\u00edqua, que cruza). Podendo inferir tamb\u00e9m que atravessar \u00e9 virar do avesso, virado para fora.\u00a0<\/span><\/h3>\n<h3 style=\"text-align: justify\"><span style=\"font-size: 12pt\">A travessia depende sempre de um coletivo, ou de algu\u00e9m que atravessa algum lugar, territ\u00f3rio, pensamento ou que \u00e9 atravessado por outros <em>afectos.<\/em> Esta pesquisa atravessa tanto territ\u00f3rios internacionais, como territ\u00f3rios subjetivos. Assim como \u00e9 atravessada por diversos encontros com a literatura, arte, filosofia, arquitetura e pelo pr\u00f3prio reconhecimento.<\/span><\/h3>\n<p>&nbsp;<\/p>\n<h4><span style=\"font-family: helvetica, arial, sans-serif;font-size: 12pt\">Cidades &#8211; g\u00eameas da linha de Fronteira Brasil &#8211; Uruguay<\/span><\/h4>\n<h5><img data-recalc-dims=\"1\" loading=\"lazy\" decoding=\"async\" data-attachment-id=\"469\" data-permalink=\"https:\/\/wp.ufpel.edu.br\/travessias\/travessias\/4_bra_chi_gus\/\" data-orig-file=\"https:\/\/i0.wp.com\/wp.ufpel.edu.br\/travessias\/files\/2018\/07\/4_BRA_CHI_GUS-e1530531329823.jpg?fit=3264%2C767&amp;ssl=1\" data-orig-size=\"3264,767\" data-comments-opened=\"0\" data-image-meta=\"{&quot;aperture&quot;:&quot;2.2&quot;,&quot;credit&quot;:&quot;&quot;,&quot;camera&quot;:&quot;ALCATEL ONE TOUCH 6030N&quot;,&quot;caption&quot;:&quot;&quot;,&quot;created_timestamp&quot;:&quot;1457953801&quot;,&quot;copyright&quot;:&quot;&quot;,&quot;focal_length&quot;:&quot;3.5&quot;,&quot;iso&quot;:&quot;167&quot;,&quot;shutter_speed&quot;:&quot;0.000494&quot;,&quot;title&quot;:&quot;&quot;,&quot;orientation&quot;:&quot;1&quot;}\" data-image-title=\"Chuy &amp;#8211; Chu\u00ed\" data-image-description=\"\" data-image-caption=\"\" data-medium-file=\"https:\/\/i0.wp.com\/wp.ufpel.edu.br\/travessias\/files\/2018\/07\/4_BRA_CHI_GUS-e1530531329823.jpg?fit=400%2C94&amp;ssl=1\" data-large-file=\"https:\/\/i0.wp.com\/wp.ufpel.edu.br\/travessias\/files\/2018\/07\/4_BRA_CHI_GUS-e1530531329823.jpg?fit=525%2C124&amp;ssl=1\" class=\"alignnone wp-image-469 size-full\" src=\"https:\/\/i0.wp.com\/wp.ufpel.edu.br\/travessias\/files\/2018\/07\/4_BRA_CHI_GUS-e1530531329823.jpg?resize=525%2C123&#038;ssl=1\" alt=\"\" width=\"525\" height=\"123\" srcset=\"https:\/\/i0.wp.com\/wp.ufpel.edu.br\/travessias\/files\/2018\/07\/4_BRA_CHI_GUS-e1530531329823.jpg?w=3264&amp;ssl=1 3264w, https:\/\/i0.wp.com\/wp.ufpel.edu.br\/travessias\/files\/2018\/07\/4_BRA_CHI_GUS-e1530531329823.jpg?resize=400%2C94&amp;ssl=1 400w, https:\/\/i0.wp.com\/wp.ufpel.edu.br\/travessias\/files\/2018\/07\/4_BRA_CHI_GUS-e1530531329823.jpg?resize=768%2C180&amp;ssl=1 768w, https:\/\/i0.wp.com\/wp.ufpel.edu.br\/travessias\/files\/2018\/07\/4_BRA_CHI_GUS-e1530531329823.jpg?resize=1024%2C241&amp;ssl=1 1024w, https:\/\/i0.wp.com\/wp.ufpel.edu.br\/travessias\/files\/2018\/07\/4_BRA_CHI_GUS-e1530531329823.jpg?w=1575&amp;ssl=1 1575w\" sizes=\"auto, (max-width: 767px) 89vw, (max-width: 1000px) 54vw, (max-width: 1071px) 543px, 580px\" \/><br \/>\n<strong>Chu\u00ed &#8211; Chuy<br \/>\n<span style=\"font-family: 'courier new', courier, monospace;font-size: 8pt\">FoTOGRAFIA: Gustavo reginato,2016<\/span><\/strong><\/h5>\n<h5><img data-recalc-dims=\"1\" loading=\"lazy\" decoding=\"async\" data-attachment-id=\"466\" data-permalink=\"https:\/\/wp.ufpel.edu.br\/travessias\/travessias\/4223_bra_jaq_edu\/\" data-orig-file=\"https:\/\/i0.wp.com\/wp.ufpel.edu.br\/travessias\/files\/2018\/07\/4223_BRA_JAQ_EDU.jpg?fit=3200%2C560&amp;ssl=1\" data-orig-size=\"3200,560\" data-comments-opened=\"0\" data-image-meta=\"{&quot;aperture&quot;:&quot;3.5&quot;,&quot;credit&quot;:&quot;&quot;,&quot;camera&quot;:&quot;COOLPIX P500&quot;,&quot;caption&quot;:&quot;&quot;,&quot;created_timestamp&quot;:&quot;1458120969&quot;,&quot;copyright&quot;:&quot;&quot;,&quot;focal_length&quot;:&quot;4.5&quot;,&quot;iso&quot;:&quot;160&quot;,&quot;shutter_speed&quot;:&quot;0.00066666666666667&quot;,&quot;title&quot;:&quot;&quot;,&quot;orientation&quot;:&quot;1&quot;}\" data-image-title=\"Jaguar\u00e3o_Rio Branco\" data-image-description=\"\" data-image-caption=\"\" data-medium-file=\"https:\/\/i0.wp.com\/wp.ufpel.edu.br\/travessias\/files\/2018\/07\/4223_BRA_JAQ_EDU.jpg?fit=400%2C70&amp;ssl=1\" data-large-file=\"https:\/\/i0.wp.com\/wp.ufpel.edu.br\/travessias\/files\/2018\/07\/4223_BRA_JAQ_EDU.jpg?fit=525%2C92&amp;ssl=1\" class=\"wp-image-466 size-full aligncenter\" src=\"https:\/\/i0.wp.com\/wp.ufpel.edu.br\/travessias\/files\/2018\/07\/4223_BRA_JAQ_EDU.jpg?resize=525%2C92&#038;ssl=1\" alt=\"\" width=\"525\" height=\"92\" srcset=\"https:\/\/i0.wp.com\/wp.ufpel.edu.br\/travessias\/files\/2018\/07\/4223_BRA_JAQ_EDU.jpg?w=3200&amp;ssl=1 3200w, https:\/\/i0.wp.com\/wp.ufpel.edu.br\/travessias\/files\/2018\/07\/4223_BRA_JAQ_EDU.jpg?resize=400%2C70&amp;ssl=1 400w, https:\/\/i0.wp.com\/wp.ufpel.edu.br\/travessias\/files\/2018\/07\/4223_BRA_JAQ_EDU.jpg?resize=768%2C134&amp;ssl=1 768w, https:\/\/i0.wp.com\/wp.ufpel.edu.br\/travessias\/files\/2018\/07\/4223_BRA_JAQ_EDU.jpg?resize=1024%2C179&amp;ssl=1 1024w, https:\/\/i0.wp.com\/wp.ufpel.edu.br\/travessias\/files\/2018\/07\/4223_BRA_JAQ_EDU.jpg?w=1575&amp;ssl=1 1575w\" sizes=\"auto, (max-width: 767px) 89vw, (max-width: 1000px) 54vw, (max-width: 1071px) 543px, 580px\" \/>Jaguar\u00e3o &#8211; Rio Branco<br \/>\n<strong><span style=\"font-family: 'courier new', courier, monospace;font-size: 8pt\">FoTOGRAFIA: EDUARDO ROCHA,2016<\/span><\/strong><\/h5>\n<h5><img data-recalc-dims=\"1\" loading=\"lazy\" decoding=\"async\" data-attachment-id=\"464\" data-permalink=\"https:\/\/wp.ufpel.edu.br\/travessias\/travessias\/2190_bra_ace_gus\/\" data-orig-file=\"https:\/\/i0.wp.com\/wp.ufpel.edu.br\/travessias\/files\/2018\/07\/2190_BRA_ACE_GUS.jpg?fit=2890%2C410&amp;ssl=1\" data-orig-size=\"2890,410\" data-comments-opened=\"0\" data-image-meta=\"{&quot;aperture&quot;:&quot;2.2&quot;,&quot;credit&quot;:&quot;&quot;,&quot;camera&quot;:&quot;ALCATEL ONE TOUCH 6030N&quot;,&quot;caption&quot;:&quot;&quot;,&quot;created_timestamp&quot;:&quot;1458381698&quot;,&quot;copyright&quot;:&quot;&quot;,&quot;focal_length&quot;:&quot;3.5&quot;,&quot;iso&quot;:&quot;183&quot;,&quot;shutter_speed&quot;:&quot;0.00026&quot;,&quot;title&quot;:&quot;&quot;,&quot;orientation&quot;:&quot;1&quot;}\" data-image-title=\"Acegu\u00e1-Acegua\" data-image-description=\"\" data-image-caption=\"\" data-medium-file=\"https:\/\/i0.wp.com\/wp.ufpel.edu.br\/travessias\/files\/2018\/07\/2190_BRA_ACE_GUS.jpg?fit=400%2C57&amp;ssl=1\" data-large-file=\"https:\/\/i0.wp.com\/wp.ufpel.edu.br\/travessias\/files\/2018\/07\/2190_BRA_ACE_GUS.jpg?fit=525%2C74&amp;ssl=1\" class=\"wp-image-464 size-full aligncenter\" src=\"https:\/\/i0.wp.com\/wp.ufpel.edu.br\/travessias\/files\/2018\/07\/2190_BRA_ACE_GUS.jpg?resize=525%2C74&#038;ssl=1\" alt=\"\" width=\"525\" height=\"74\" srcset=\"https:\/\/i0.wp.com\/wp.ufpel.edu.br\/travessias\/files\/2018\/07\/2190_BRA_ACE_GUS.jpg?w=2890&amp;ssl=1 2890w, https:\/\/i0.wp.com\/wp.ufpel.edu.br\/travessias\/files\/2018\/07\/2190_BRA_ACE_GUS.jpg?resize=400%2C57&amp;ssl=1 400w, https:\/\/i0.wp.com\/wp.ufpel.edu.br\/travessias\/files\/2018\/07\/2190_BRA_ACE_GUS.jpg?resize=768%2C109&amp;ssl=1 768w, https:\/\/i0.wp.com\/wp.ufpel.edu.br\/travessias\/files\/2018\/07\/2190_BRA_ACE_GUS.jpg?resize=1024%2C145&amp;ssl=1 1024w, https:\/\/i0.wp.com\/wp.ufpel.edu.br\/travessias\/files\/2018\/07\/2190_BRA_ACE_GUS.jpg?w=1575&amp;ssl=1 1575w\" sizes=\"auto, (max-width: 767px) 89vw, (max-width: 1000px) 54vw, (max-width: 1071px) 543px, 580px\" \/><strong>Acegu\u00e1 &#8211; Acegua<br \/>\n<\/strong><strong><span style=\"font-family: 'courier new', courier, monospace;font-size: 8pt\">FoTOGRAFIA: Gustavo reginato,2016<\/span><\/strong><\/h5>\n<h5><img data-recalc-dims=\"1\" loading=\"lazy\" decoding=\"async\" data-attachment-id=\"468\" data-permalink=\"https:\/\/wp.ufpel.edu.br\/travessias\/travessias\/6178_bra_stl_lua_d\/\" data-orig-file=\"https:\/\/i0.wp.com\/wp.ufpel.edu.br\/travessias\/files\/2018\/07\/6178_BRA_STL_LUA_D.jpg?fit=4800%2C920&amp;ssl=1\" data-orig-size=\"4800,920\" data-comments-opened=\"0\" data-image-meta=\"{&quot;aperture&quot;:&quot;3.9&quot;,&quot;credit&quot;:&quot;&quot;,&quot;camera&quot;:&quot;COOLPIX AW110&quot;,&quot;caption&quot;:&quot;&quot;,&quot;created_timestamp&quot;:&quot;-62169984000&quot;,&quot;copyright&quot;:&quot;&quot;,&quot;focal_length&quot;:&quot;5&quot;,&quot;iso&quot;:&quot;125&quot;,&quot;shutter_speed&quot;:&quot;0.00125&quot;,&quot;title&quot;:&quot;&quot;,&quot;orientation&quot;:&quot;1&quot;}\" data-image-title=\"Rivera_Livramento\" data-image-description=\"\" data-image-caption=\"\" data-medium-file=\"https:\/\/i0.wp.com\/wp.ufpel.edu.br\/travessias\/files\/2018\/07\/6178_BRA_STL_LUA_D.jpg?fit=400%2C77&amp;ssl=1\" data-large-file=\"https:\/\/i0.wp.com\/wp.ufpel.edu.br\/travessias\/files\/2018\/07\/6178_BRA_STL_LUA_D.jpg?fit=525%2C100&amp;ssl=1\" class=\"wp-image-468 size-full aligncenter\" src=\"https:\/\/i0.wp.com\/wp.ufpel.edu.br\/travessias\/files\/2018\/07\/6178_BRA_STL_LUA_D.jpg?resize=525%2C101&#038;ssl=1\" alt=\"\" width=\"525\" height=\"101\" srcset=\"https:\/\/i0.wp.com\/wp.ufpel.edu.br\/travessias\/files\/2018\/07\/6178_BRA_STL_LUA_D.jpg?w=4800&amp;ssl=1 4800w, https:\/\/i0.wp.com\/wp.ufpel.edu.br\/travessias\/files\/2018\/07\/6178_BRA_STL_LUA_D.jpg?resize=400%2C77&amp;ssl=1 400w, https:\/\/i0.wp.com\/wp.ufpel.edu.br\/travessias\/files\/2018\/07\/6178_BRA_STL_LUA_D.jpg?resize=768%2C147&amp;ssl=1 768w, https:\/\/i0.wp.com\/wp.ufpel.edu.br\/travessias\/files\/2018\/07\/6178_BRA_STL_LUA_D.jpg?resize=1024%2C196&amp;ssl=1 1024w, https:\/\/i0.wp.com\/wp.ufpel.edu.br\/travessias\/files\/2018\/07\/6178_BRA_STL_LUA_D.jpg?w=1575&amp;ssl=1 1575w\" sizes=\"auto, (max-width: 767px) 89vw, (max-width: 1000px) 54vw, (max-width: 1071px) 543px, 580px\" \/><strong>Santana do Livramento &#8211; Rivera<br \/>\n<\/strong><strong><span style=\"font-family: 'courier new', courier, monospace;font-size: 8pt\">FoTOGRAFIA: Gustavo reginato,2016<\/span><\/strong><\/h5>\n<h5><img data-recalc-dims=\"1\" loading=\"lazy\" decoding=\"async\" data-attachment-id=\"467\" data-permalink=\"https:\/\/wp.ufpel.edu.br\/travessias\/travessias\/5128_ury_art_gus\/\" data-orig-file=\"https:\/\/i0.wp.com\/wp.ufpel.edu.br\/travessias\/files\/2018\/07\/5128_URY_ART_GUS.jpg?fit=2366%2C412&amp;ssl=1\" data-orig-size=\"2366,412\" data-comments-opened=\"0\" data-image-meta=\"{&quot;aperture&quot;:&quot;2.2&quot;,&quot;credit&quot;:&quot;&quot;,&quot;camera&quot;:&quot;ALCATEL ONE TOUCH 6030N&quot;,&quot;caption&quot;:&quot;&quot;,&quot;created_timestamp&quot;:&quot;1458225673&quot;,&quot;copyright&quot;:&quot;&quot;,&quot;focal_length&quot;:&quot;3.5&quot;,&quot;iso&quot;:&quot;170&quot;,&quot;shutter_speed&quot;:&quot;0.001196&quot;,&quot;title&quot;:&quot;&quot;,&quot;orientation&quot;:&quot;1&quot;}\" data-image-title=\"Artigas_Quara\u00ed\" data-image-description=\"\" data-image-caption=\"\" data-medium-file=\"https:\/\/i0.wp.com\/wp.ufpel.edu.br\/travessias\/files\/2018\/07\/5128_URY_ART_GUS.jpg?fit=400%2C70&amp;ssl=1\" data-large-file=\"https:\/\/i0.wp.com\/wp.ufpel.edu.br\/travessias\/files\/2018\/07\/5128_URY_ART_GUS.jpg?fit=525%2C91&amp;ssl=1\" class=\"wp-image-467 size-full aligncenter\" src=\"https:\/\/i0.wp.com\/wp.ufpel.edu.br\/travessias\/files\/2018\/07\/5128_URY_ART_GUS.jpg?resize=525%2C91&#038;ssl=1\" alt=\"\" width=\"525\" height=\"91\" srcset=\"https:\/\/i0.wp.com\/wp.ufpel.edu.br\/travessias\/files\/2018\/07\/5128_URY_ART_GUS.jpg?w=2366&amp;ssl=1 2366w, https:\/\/i0.wp.com\/wp.ufpel.edu.br\/travessias\/files\/2018\/07\/5128_URY_ART_GUS.jpg?resize=400%2C70&amp;ssl=1 400w, https:\/\/i0.wp.com\/wp.ufpel.edu.br\/travessias\/files\/2018\/07\/5128_URY_ART_GUS.jpg?resize=768%2C134&amp;ssl=1 768w, https:\/\/i0.wp.com\/wp.ufpel.edu.br\/travessias\/files\/2018\/07\/5128_URY_ART_GUS.jpg?resize=1024%2C178&amp;ssl=1 1024w, https:\/\/i0.wp.com\/wp.ufpel.edu.br\/travessias\/files\/2018\/07\/5128_URY_ART_GUS.jpg?w=1575&amp;ssl=1 1575w\" sizes=\"auto, (max-width: 767px) 89vw, (max-width: 1000px) 54vw, (max-width: 1071px) 543px, 580px\" \/><strong style=\"color: #767676;font-size: 0.8125rem;letter-spacing: 0.15em\">Quara\u00ed &#8211; artigas<br \/>\n<\/strong><strong><span style=\"font-family: 'courier new', courier, monospace;font-size: 8pt\">FoTOGRAFIA: Gustavo reginato,2016<\/span><\/strong><\/h5>\n<h5><img data-recalc-dims=\"1\" loading=\"lazy\" decoding=\"async\" data-attachment-id=\"465\" data-permalink=\"https:\/\/wp.ufpel.edu.br\/travessias\/travessias\/3160_bra_baq_gus\/\" data-orig-file=\"https:\/\/i0.wp.com\/wp.ufpel.edu.br\/travessias\/files\/2018\/07\/3160_BRA_BAQ_GUS.jpg?fit=2050%2C428&amp;ssl=1\" data-orig-size=\"2050,428\" data-comments-opened=\"0\" data-image-meta=\"{&quot;aperture&quot;:&quot;2.2&quot;,&quot;credit&quot;:&quot;&quot;,&quot;camera&quot;:&quot;ALCATEL ONE TOUCH 6030N&quot;,&quot;caption&quot;:&quot;&quot;,&quot;created_timestamp&quot;:&quot;1458303541&quot;,&quot;copyright&quot;:&quot;&quot;,&quot;focal_length&quot;:&quot;3.5&quot;,&quot;iso&quot;:&quot;167&quot;,&quot;shutter_speed&quot;:&quot;0.000494&quot;,&quot;title&quot;:&quot;&quot;,&quot;orientation&quot;:&quot;1&quot;}\" data-image-title=\"Barra Quara\u00ed_Bella Uni\u00f3n\" data-image-description=\"\" data-image-caption=\"\" data-medium-file=\"https:\/\/i0.wp.com\/wp.ufpel.edu.br\/travessias\/files\/2018\/07\/3160_BRA_BAQ_GUS.jpg?fit=400%2C84&amp;ssl=1\" data-large-file=\"https:\/\/i0.wp.com\/wp.ufpel.edu.br\/travessias\/files\/2018\/07\/3160_BRA_BAQ_GUS.jpg?fit=525%2C110&amp;ssl=1\" class=\"wp-image-465 size-full aligncenter\" src=\"https:\/\/i0.wp.com\/wp.ufpel.edu.br\/travessias\/files\/2018\/07\/3160_BRA_BAQ_GUS.jpg?resize=525%2C110&#038;ssl=1\" alt=\"\" width=\"525\" height=\"110\" srcset=\"https:\/\/i0.wp.com\/wp.ufpel.edu.br\/travessias\/files\/2018\/07\/3160_BRA_BAQ_GUS.jpg?w=2050&amp;ssl=1 2050w, https:\/\/i0.wp.com\/wp.ufpel.edu.br\/travessias\/files\/2018\/07\/3160_BRA_BAQ_GUS.jpg?resize=400%2C84&amp;ssl=1 400w, https:\/\/i0.wp.com\/wp.ufpel.edu.br\/travessias\/files\/2018\/07\/3160_BRA_BAQ_GUS.jpg?resize=768%2C160&amp;ssl=1 768w, https:\/\/i0.wp.com\/wp.ufpel.edu.br\/travessias\/files\/2018\/07\/3160_BRA_BAQ_GUS.jpg?resize=1024%2C214&amp;ssl=1 1024w, https:\/\/i0.wp.com\/wp.ufpel.edu.br\/travessias\/files\/2018\/07\/3160_BRA_BAQ_GUS.jpg?w=1575&amp;ssl=1 1575w\" sizes=\"auto, (max-width: 767px) 89vw, (max-width: 1000px) 54vw, (max-width: 1071px) 543px, 580px\" \/><strong style=\"color: #767676;font-size: 0.8125rem;letter-spacing: 0.15em\">Barra do quara\u00ed &#8211; Bella uni\u00f3n<br \/>\n<\/strong><strong><span style=\"font-family: 'courier new', courier, monospace;font-size: 8pt\">FoTOGRAFIA: Gustavo reginato,2016<\/span><\/strong><\/h5>\n<p>&nbsp;<\/p>\n","protected":false},"excerpt":{"rendered":"<p>Tra.ves.sia, ato de atravessar, se deslocar de um ponto a outro. Etimologicamente a palavra travessia origina do latim, radical -trans de \u201catrav\u00e9s, o que cruza\u201d e &#8211; versus de \u201cvirar, fazer dar volta\u201d. Assim como outras palavras do mesmo radical, travesso (crian\u00e7a que \u201cvira\u201d, se torna inquieta, bagunceira), transversal (linha \u201cgirada\u201d, obl\u00edqua, que cruza). Podendo &hellip; <\/p>\n<p class=\"link-more\"><a href=\"https:\/\/wp.ufpel.edu.br\/travessias\/travessias\/\" class=\"more-link\">Continue lendo<span class=\"screen-reader-text\"> &#8220;Travessias&#8221;<\/span><\/a><\/p>\n","protected":false},"author":716,"featured_media":0,"parent":0,"menu_order":0,"comment_status":"closed","ping_status":"closed","template":"","meta":{"jetpack_post_was_ever_published":false,"footnotes":""},"class_list":["post-14","page","type-page","status-publish","hentry"],"jetpack_sharing_enabled":true,"jetpack_shortlink":"https:\/\/wp.me\/P9QwLM-e","jetpack-related-posts":[],"_links":{"self":[{"href":"https:\/\/wp.ufpel.edu.br\/travessias\/wp-json\/wp\/v2\/pages\/14","targetHints":{"allow":["GET"]}}],"collection":[{"href":"https:\/\/wp.ufpel.edu.br\/travessias\/wp-json\/wp\/v2\/pages"}],"about":[{"href":"https:\/\/wp.ufpel.edu.br\/travessias\/wp-json\/wp\/v2\/types\/page"}],"author":[{"embeddable":true,"href":"https:\/\/wp.ufpel.edu.br\/travessias\/wp-json\/wp\/v2\/users\/716"}],"replies":[{"embeddable":true,"href":"https:\/\/wp.ufpel.edu.br\/travessias\/wp-json\/wp\/v2\/comments?post=14"}],"version-history":[{"count":13,"href":"https:\/\/wp.ufpel.edu.br\/travessias\/wp-json\/wp\/v2\/pages\/14\/revisions"}],"predecessor-version":[{"id":483,"href":"https:\/\/wp.ufpel.edu.br\/travessias\/wp-json\/wp\/v2\/pages\/14\/revisions\/483"}],"wp:attachment":[{"href":"https:\/\/wp.ufpel.edu.br\/travessias\/wp-json\/wp\/v2\/media?parent=14"}],"curies":[{"name":"wp","href":"https:\/\/api.w.org\/{rel}","templated":true}]}}