{"id":77,"date":"2017-06-14T10:39:29","date_gmt":"2017-06-14T13:39:29","guid":{"rendered":"https:\/\/wp.ufpel.edu.br\/transposicaosociologia\/?page_id=77"},"modified":"2021-03-23T13:22:35","modified_gmt":"2021-03-23T16:22:35","slug":"laboratorios-pedagogicos-de-sociologia","status":"publish","type":"page","link":"https:\/\/wp.ufpel.edu.br\/transposicaosociologia\/bibliografia\/laboratorios-pedagogicos-de-sociologia\/","title":{"rendered":"Laborat\u00f3rios pedag\u00f3gicos e blogs de sociologia"},"content":{"rendered":"<p><a href=\"http:\/\/www.lefis.ufsc.br\/\">Laborat\u00f3rio Interdisciplinar de Ensino de Filosofia e Sociologia LEFIS\u2013UFSC<\/a><\/p>\n<p><a href=\"http:\/\/ensinosociologia.fflch.usp.br\/\">Laborat\u00f3rio de Ensino de Sociologia \u2013 USP<\/a><\/p>\n<p><a href=\"http:\/\/www.labes.fe.ufrj.br\/\">Laborat\u00f3rio de Ensino de Sociologia Florestan Fernandes \u2013 UFRJ<\/a><\/p>\n<p><a href=\"http:\/\/ensinosociologia.pimentalab.net\/\">Laborat\u00f3rio de Ensino de Sociologia \u2013 Pimentalab \u2013 UNIFESP<\/a><\/p>\n<p><a href=\"http:\/\/www.ufrgs.br\/laviecs\/site\/\">Laborat\u00f3rio Virtual e Interativo de Ensino de Ci\u00eancias Sociais \u2013 UFRGS<\/a><\/p>\n<p><a href=\"https:\/\/abecs.com.br\">Associa\u00e7\u00e3o brasileira de Ensino em Ci\u00eancias Sociais<\/a><\/p>\n<p><a href=\"https:\/\/cafecomsociologia.com\">Blog Caf\u00e9 com sociologia<\/a><\/p>\n","protected":false},"excerpt":{"rendered":"<p>Laborat\u00f3rio Interdisciplinar de Ensino de Filosofia e Sociologia LEFIS\u2013UFSC Laborat\u00f3rio de Ensino de Sociologia \u2013 USP Laborat\u00f3rio de Ensino de Sociologia Florestan Fernandes \u2013 UFRJ Laborat\u00f3rio de Ensino de Sociologia \u2013 Pimentalab \u2013 UNIFESP Laborat\u00f3rio Virtual e Interativo de Ensino de Ci\u00eancias Sociais \u2013 UFRGS Associa\u00e7\u00e3o brasileira de Ensino em Ci\u00eancias Sociais Blog Caf\u00e9 com [&hellip;]<\/p>\n","protected":false},"author":761,"featured_media":0,"parent":30,"menu_order":0,"comment_status":"closed","ping_status":"closed","template":"","meta":{"footnotes":""},"class_list":["post-77","page","type-page","status-publish","hentry"],"_links":{"self":[{"href":"https:\/\/wp.ufpel.edu.br\/transposicaosociologia\/wp-json\/wp\/v2\/pages\/77","targetHints":{"allow":["GET"]}}],"collection":[{"href":"https:\/\/wp.ufpel.edu.br\/transposicaosociologia\/wp-json\/wp\/v2\/pages"}],"about":[{"href":"https:\/\/wp.ufpel.edu.br\/transposicaosociologia\/wp-json\/wp\/v2\/types\/page"}],"author":[{"embeddable":true,"href":"https:\/\/wp.ufpel.edu.br\/transposicaosociologia\/wp-json\/wp\/v2\/users\/761"}],"replies":[{"embeddable":true,"href":"https:\/\/wp.ufpel.edu.br\/transposicaosociologia\/wp-json\/wp\/v2\/comments?post=77"}],"version-history":[{"count":8,"href":"https:\/\/wp.ufpel.edu.br\/transposicaosociologia\/wp-json\/wp\/v2\/pages\/77\/revisions"}],"predecessor-version":[{"id":256,"href":"https:\/\/wp.ufpel.edu.br\/transposicaosociologia\/wp-json\/wp\/v2\/pages\/77\/revisions\/256"}],"up":[{"embeddable":true,"href":"https:\/\/wp.ufpel.edu.br\/transposicaosociologia\/wp-json\/wp\/v2\/pages\/30"}],"wp:attachment":[{"href":"https:\/\/wp.ufpel.edu.br\/transposicaosociologia\/wp-json\/wp\/v2\/media?parent=77"}],"curies":[{"name":"wp","href":"https:\/\/api.w.org\/{rel}","templated":true}]}}