{"id":72,"date":"2017-06-14T10:28:19","date_gmt":"2017-06-14T13:28:19","guid":{"rendered":"https:\/\/wp.ufpel.edu.br\/transposicaosociologia\/?page_id=72"},"modified":"2021-04-07T12:11:11","modified_gmt":"2021-04-07T15:11:11","slug":"acervo-bibliografico","status":"publish","type":"page","link":"https:\/\/wp.ufpel.edu.br\/transposicaosociologia\/bibliografia\/acervo-bibliografico\/","title":{"rendered":"Acervo bibliogr\u00e1fico"},"content":{"rendered":"<p><a href=\"https:\/\/wp.ufpel.edu.br\/transposicaosociologia\/files\/2021\/04\/31784-Texto-do-artigo-102045-1-10-20201231.pdf\">Metodologias ativas para o estudo de movimentos sociais no Ensino M\u00e9dio<\/a><\/p>\n<p><a href=\"https:\/\/wp.ufpel.edu.br\/transposicaosociologia\/files\/2017\/06\/transposi\u00e7\u00e3o-entre-o-balan\u00e7o-e-o-relato-1.pdf\">Transposi\u00e7\u00e3o &#8211; entre o balan\u00e7o e o relato<\/a><\/p>\n<p><a href=\"https:\/\/wp.ufpel.edu.br\/transposicaosociologia\/files\/2017\/06\/Transposi\u00e7\u00e3o-como-intermediadora.pdf\">Transposi\u00e7\u00e3o como Intermediadora<\/a><\/p>\n<p><a href=\"https:\/\/wp.ufpel.edu.br\/transposicaosociologia\/files\/2017\/06\/Ensino-de-Sociologia.pdf\">Ensino de Sociologia<\/a><\/p>\n<p><a href=\"https:\/\/wp.ufpel.edu.br\/transposicaosociologia\/files\/2017\/06\/transposi\u00e7\u00e3o-did\u00e1tica-disserta\u00e7\u00e3o.pdf\">Transposi\u00e7\u00e3o Did\u00e1tica (disserta\u00e7\u00e3o)<\/a><\/p>\n<p><a href=\"https:\/\/wp.ufpel.edu.br\/transposicaosociologia\/files\/2017\/06\/entorno-da-transposi\u00e7ao.pdf\">Entorno da Transposi\u00e7ao<\/a><\/p>\n<p><a href=\"https:\/\/wp.ufpel.edu.br\/transposicaosociologia\/files\/2017\/06\/O-Ensino-Sociologico-nos-Estabelecimento-de-Ensino-M\u00e9dio.pdf\">O Ensino Sociologico nos Estabelecimento de Ensino M\u00e9dio<\/a><\/p>\n<p>&nbsp;<\/p>\n","protected":false},"excerpt":{"rendered":"<p>Metodologias ativas para o estudo de movimentos sociais no Ensino M\u00e9dio Transposi\u00e7\u00e3o &#8211; entre o balan\u00e7o e o relato Transposi\u00e7\u00e3o como Intermediadora Ensino de Sociologia Transposi\u00e7\u00e3o Did\u00e1tica (disserta\u00e7\u00e3o) Entorno da Transposi\u00e7ao O Ensino Sociologico nos Estabelecimento de Ensino M\u00e9dio &nbsp;<\/p>\n","protected":false},"author":761,"featured_media":0,"parent":30,"menu_order":0,"comment_status":"closed","ping_status":"closed","template":"","meta":{"footnotes":""},"class_list":["post-72","page","type-page","status-publish","hentry"],"_links":{"self":[{"href":"https:\/\/wp.ufpel.edu.br\/transposicaosociologia\/wp-json\/wp\/v2\/pages\/72","targetHints":{"allow":["GET"]}}],"collection":[{"href":"https:\/\/wp.ufpel.edu.br\/transposicaosociologia\/wp-json\/wp\/v2\/pages"}],"about":[{"href":"https:\/\/wp.ufpel.edu.br\/transposicaosociologia\/wp-json\/wp\/v2\/types\/page"}],"author":[{"embeddable":true,"href":"https:\/\/wp.ufpel.edu.br\/transposicaosociologia\/wp-json\/wp\/v2\/users\/761"}],"replies":[{"embeddable":true,"href":"https:\/\/wp.ufpel.edu.br\/transposicaosociologia\/wp-json\/wp\/v2\/comments?post=72"}],"version-history":[{"count":7,"href":"https:\/\/wp.ufpel.edu.br\/transposicaosociologia\/wp-json\/wp\/v2\/pages\/72\/revisions"}],"predecessor-version":[{"id":196,"href":"https:\/\/wp.ufpel.edu.br\/transposicaosociologia\/wp-json\/wp\/v2\/pages\/72\/revisions\/196"}],"up":[{"embeddable":true,"href":"https:\/\/wp.ufpel.edu.br\/transposicaosociologia\/wp-json\/wp\/v2\/pages\/30"}],"wp:attachment":[{"href":"https:\/\/wp.ufpel.edu.br\/transposicaosociologia\/wp-json\/wp\/v2\/media?parent=72"}],"curies":[{"name":"wp","href":"https:\/\/api.w.org\/{rel}","templated":true}]}}