{"id":22,"date":"2017-06-12T10:02:17","date_gmt":"2017-06-12T13:02:17","guid":{"rendered":"https:\/\/wp.ufpel.edu.br\/transposicaosociologia\/?page_id=22"},"modified":"2021-03-23T11:39:47","modified_gmt":"2021-03-23T14:39:47","slug":"equipe","status":"publish","type":"page","link":"https:\/\/wp.ufpel.edu.br\/transposicaosociologia\/equipe\/","title":{"rendered":"Equipe"},"content":{"rendered":"<p>Atualmente nossa equipe \u00e9 composta por:<\/p>\n<p>Coordenador do projeto: Marcus Vinicius Spolle<\/p>\n<p>Professora Colaboradora: Analisa Zorzi <\/p>\n<p>Estudantes: Alunos das disciplinas de est\u00e1gio 1 que realizam transposi\u00e7\u00f5es.<\/p>\n","protected":false},"excerpt":{"rendered":"<p>Atualmente nossa equipe \u00e9 composta por: Coordenador do projeto: Marcus Vinicius Spolle Professora Colaboradora: Analisa Zorzi Estudantes: Alunos das disciplinas de est\u00e1gio 1 que realizam transposi\u00e7\u00f5es.<\/p>\n","protected":false},"author":761,"featured_media":0,"parent":0,"menu_order":4,"comment_status":"closed","ping_status":"closed","template":"","meta":{"footnotes":""},"class_list":["post-22","page","type-page","status-publish","hentry"],"_links":{"self":[{"href":"https:\/\/wp.ufpel.edu.br\/transposicaosociologia\/wp-json\/wp\/v2\/pages\/22","targetHints":{"allow":["GET"]}}],"collection":[{"href":"https:\/\/wp.ufpel.edu.br\/transposicaosociologia\/wp-json\/wp\/v2\/pages"}],"about":[{"href":"https:\/\/wp.ufpel.edu.br\/transposicaosociologia\/wp-json\/wp\/v2\/types\/page"}],"author":[{"embeddable":true,"href":"https:\/\/wp.ufpel.edu.br\/transposicaosociologia\/wp-json\/wp\/v2\/users\/761"}],"replies":[{"embeddable":true,"href":"https:\/\/wp.ufpel.edu.br\/transposicaosociologia\/wp-json\/wp\/v2\/comments?post=22"}],"version-history":[{"count":7,"href":"https:\/\/wp.ufpel.edu.br\/transposicaosociologia\/wp-json\/wp\/v2\/pages\/22\/revisions"}],"predecessor-version":[{"id":168,"href":"https:\/\/wp.ufpel.edu.br\/transposicaosociologia\/wp-json\/wp\/v2\/pages\/22\/revisions\/168"}],"wp:attachment":[{"href":"https:\/\/wp.ufpel.edu.br\/transposicaosociologia\/wp-json\/wp\/v2\/media?parent=22"}],"curies":[{"name":"wp","href":"https:\/\/api.w.org\/{rel}","templated":true}]}}