{"id":94,"date":"2017-10-13T17:42:51","date_gmt":"2017-10-13T20:42:51","guid":{"rendered":"https:\/\/wp.ufpel.edu.br\/transporte\/?page_id=94"},"modified":"2025-01-21T11:30:24","modified_gmt":"2025-01-21T14:30:24","slug":"apresentacao","status":"publish","type":"page","link":"https:\/\/wp.ufpel.edu.br\/transporte\/apresentacao\/","title":{"rendered":"Sobre"},"content":{"rendered":"\n<div class=\"wp-block-media-text alignwide is-stacked-on-mobile\" style=\"grid-template-columns:33% auto\"><figure class=\"wp-block-media-text__media\"><img width=\"1024\" height=\"329\" src=\"https:\/\/wp.ufpel.edu.br\/transporte\/files\/2020\/01\/logo-1024x329.jpg\" alt=\"\" class=\"wp-image-527 size-full\" srcset=\"https:\/\/wp.ufpel.edu.br\/transporte\/files\/2020\/01\/logo-1024x329.jpg 1024w, https:\/\/wp.ufpel.edu.br\/transporte\/files\/2020\/01\/logo-400x129.jpg 400w, https:\/\/wp.ufpel.edu.br\/transporte\/files\/2020\/01\/logo-768x247.jpg 768w, https:\/\/wp.ufpel.edu.br\/transporte\/files\/2020\/01\/logo-1536x493.jpg 1536w, https:\/\/wp.ufpel.edu.br\/transporte\/files\/2020\/01\/logo.jpg 1743w\" sizes=\"(max-width: 1024px) 100vw, 1024px\" \/><\/figure><div class=\"wp-block-media-text__content\">\n<div class=\"wp-block-group\"><div class=\"wp-block-group__inner-container is-layout-flow wp-block-group-is-layout-flow\">\n<div class=\"wp-block-group\"><div class=\"wp-block-group__inner-container is-layout-flow wp-block-group-is-layout-flow\">\n<p class=\"has-regular-font-size\"><strong>N\u00facleo de Transporte (NUTRANS)<br><\/strong><span style=\"text-decoration: underline\">Gl\u00e1ucio Fernando Marins Gon\u00e7alves (Chefe do N\u00facleo)<\/span><\/p>\n\n\n\n<p>Vanessa Bartz Porto<\/p>\n\n\n\n<p class=\"has-regular-font-size\"><span style=\"text-decoration: underline\">Luciane da Silva Gon\u00e7alves (Chefe Unidade Gest\u00e3o de Frota &#8211; UGF)<\/span><br><\/p>\n\n\n\n<p class=\"has-regular-font-size\"><strong>Endere\u00e7o:<\/strong> Rua Conde de Porto Alegre, 99<br><strong>Atendimento:<\/strong> (53) 3284-1680 | secretaria.transporte@ufpel.edu.br<br><strong>Administrativo:<\/strong> (53) 3284-1681 | transporte@ufpel.edu.br<br><strong>Oficina:<\/strong> (53) 3284-1682<br><\/p>\n<\/div><\/div>\n\n\n\n<p><\/p>\n<\/div><\/div>\n\n\n\n<p><\/p>\n<\/div><\/div>\n\n\n\n<p><strong>Atribui\u00e7\u00f5es do N\u00facleo de Transporte:<\/strong><\/p>\n\n\n\n<p class=\"has-regular-font-size\">Planejar, organizar, dirigir e controlar todo o servi\u00e7o de transporte e apoio, assegurando a efici\u00eancia e efic\u00e1cia do servi\u00e7o prestado;<br>Fiscalizar a presta\u00e7\u00e3o de servi\u00e7os terceirizados relacionados \u00e0 condu\u00e7\u00e3o de ve\u00edculos oficiais, manuten\u00e7\u00e3o da frota e ped\u00e1gios;<br>Elaborar o plano anual de aquisi\u00e7\u00e3o de ve\u00edculos, de acordo com a legisla\u00e7\u00e3o vigente;<br>Administrar o transporte de servidores t\u00e9cnico-administrativos, docentes e discentes, bem como de materiais e equipamentos, de acordo com a legisla\u00e7\u00e3o vigente;<br>Agendar as viagens e elaborar as di\u00e1rias destinadas aos motoristas;<br>Elaborar as escalas de viagem dos motoristas;<br>Promover a guarda, abastecimento, lavagem e controle de deslocamento dos ve\u00edculos oficiais;<br>Controlar o consumo de combust\u00edvel e \u00f3leos lubrificantes, levando em considera\u00e7\u00e3o o recurso or\u00e7ament\u00e1rio da Institui\u00e7\u00e3o;<br>Controlar a quilometragem percorrida por ve\u00edculo, correlacionando-a com os gastos de combust\u00edvel e lubrificantes;<br>Verificar periodicamente o estado de conserva\u00e7\u00e3o dos ve\u00edculos lotados na N\u00facleo;<br>Zelar pela regularidade de situa\u00e7\u00e3o dos motoristas e ve\u00edculos oficiais, em face da legisla\u00e7\u00e3o vigente e no que se refere ao C\u00f3digo de Tr\u00e2nsito Brasileiro;<br>Proceder ao controle de documenta\u00e7\u00e3o obrigat\u00f3ria dos ve\u00edculos oficiais, renovando-as por ocasi\u00e3o do vencimento;<br>Controlar os registros patrimoniais dos bens pertencentes ao N\u00facleo;<br>Apresentar mensalmente \u00e0 Superintend\u00eancia de Infraestrutura relat\u00f3rio dos servi\u00e7os executados pela Unidade;<br>Executar todas as outras tarefas correlatas.&nbsp;<\/p>\n","protected":false},"excerpt":{"rendered":"<p>Atribui\u00e7\u00f5es do N\u00facleo de Transporte: Planejar, organizar, dirigir e controlar todo o servi\u00e7o de transporte e apoio, assegurando a efici\u00eancia e efic\u00e1cia do servi\u00e7o prestado;Fiscalizar a presta\u00e7\u00e3o de servi\u00e7os terceirizados relacionados \u00e0 condu\u00e7\u00e3o de ve\u00edculos oficiais, manuten\u00e7\u00e3o da frota e ped\u00e1gios;Elaborar o plano anual de aquisi\u00e7\u00e3o de ve\u00edculos, de acordo com a legisla\u00e7\u00e3o vigente;Administrar o [&hellip;]<\/p>\n","protected":false},"author":41,"featured_media":30,"parent":0,"menu_order":0,"comment_status":"closed","ping_status":"closed","template":"page-sem-sidebar.php","meta":{"footnotes":""},"class_list":["post-94","page","type-page","status-publish","has-post-thumbnail","hentry"],"_links":{"self":[{"href":"https:\/\/wp.ufpel.edu.br\/transporte\/wp-json\/wp\/v2\/pages\/94","targetHints":{"allow":["GET"]}}],"collection":[{"href":"https:\/\/wp.ufpel.edu.br\/transporte\/wp-json\/wp\/v2\/pages"}],"about":[{"href":"https:\/\/wp.ufpel.edu.br\/transporte\/wp-json\/wp\/v2\/types\/page"}],"author":[{"embeddable":true,"href":"https:\/\/wp.ufpel.edu.br\/transporte\/wp-json\/wp\/v2\/users\/41"}],"replies":[{"embeddable":true,"href":"https:\/\/wp.ufpel.edu.br\/transporte\/wp-json\/wp\/v2\/comments?post=94"}],"version-history":[{"count":56,"href":"https:\/\/wp.ufpel.edu.br\/transporte\/wp-json\/wp\/v2\/pages\/94\/revisions"}],"predecessor-version":[{"id":1544,"href":"https:\/\/wp.ufpel.edu.br\/transporte\/wp-json\/wp\/v2\/pages\/94\/revisions\/1544"}],"wp:featuredmedia":[{"embeddable":true,"href":"https:\/\/wp.ufpel.edu.br\/transporte\/wp-json\/wp\/v2\/media\/30"}],"wp:attachment":[{"href":"https:\/\/wp.ufpel.edu.br\/transporte\/wp-json\/wp\/v2\/media?parent=94"}],"curies":[{"name":"wp","href":"https:\/\/api.w.org\/{rel}","templated":true}]}}