{"id":85,"date":"2017-10-13T17:34:06","date_gmt":"2017-10-13T20:34:06","guid":{"rendered":"https:\/\/wp.ufpel.edu.br\/transporte\/?page_id=85"},"modified":"2026-03-22T01:31:11","modified_gmt":"2026-03-22T04:31:11","slug":"pelotas","status":"publish","type":"page","link":"https:\/\/wp.ufpel.edu.br\/transporte\/transporte-apoio\/pelotas\/","title":{"rendered":"Transporte de Apoio &#8211; Pelotas"},"content":{"rendered":"\n<h3 class=\"wp-block-heading\">Selecione seu trajeto<\/h3>\n\n\n\n<ul class=\"wp-block-list\">\n<li><a href=\"#anglo\">Linha Circular Anglo (Centro) <\/a><\/li>\n\n\n\n<li><a href=\"#esef\">Linha Anglo \u2013 ESEF \u2013 FaMed \u2013 Engenharia Madeireira<\/a><\/li>\n<\/ul>\n\n\n\n<hr class=\"wp-block-separator has-alpha-channel-opacity\" \/>\n\n\n\n<h2 class=\"wp-block-heading\" id=\"anglo\">\ud83d\udd01 Linha Circular Anglo (Centro) <\/h2>\n\n\n\n<h3 class=\"wp-block-heading\" id=\"pelotas-capao\">Hor\u00e1rios<\/h3>\n\n\n\n<figure class=\"wp-block-table\"><table><thead><tr><th>Hor\u00e1rio<\/th><th>Itiner\u00e1rio (trajeto)<\/th><\/tr><\/thead><tbody><tr><td>07:30<\/td><td><strong>CEU <\/strong>\u2192 Direito\u2192 Odonto \u2192 ALM \u2192 Campus II \u2192 FaUrb \u2192 Cotada \u2192 CEIQ \u2192 Anglo<\/td><\/tr><tr><td>08:00<\/td><td><strong>Direito <\/strong>\u2192 Odonto \u2192 ALM \u2192 Campus II \u2192 FaUrb \u2192 Cotada \u2192 CEIQ \u2192 Anglo<\/td><\/tr><tr><td>09:00<\/td><td><strong>Anglo <\/strong>\u2192 CEIQ \u2192 Cotada \u2192 CCHS \u2192 Campus II \u2192 Direito \u2192 CEU \u2192 Odonto \u2192 ALM \u2192 Campus II \u2192 FaUrb \u2192 Cotada \u2192 CEIQ \u2192 Anglo<\/td><\/tr><tr><td>10:00<\/td><td><strong>Anglo <\/strong>\u2192 CEIQ \u2192 Cotada \u2192 CCHS \u2192 Campus II \u2192 Direito \u2192 CEU \u2192 Odonto \u2192 ALM \u2192 Campus II \u2192 FaUrb \u2192 Cotada \u2192 CEIQ \u2192 Anglo<\/td><\/tr><tr><td>11:00<\/td><td><strong>Anglo <\/strong>\u2192 CEIQ \u2192 Cotada \u2192 CCHS \u2192 Campus II \u2192 Direito\u2192 CEU \u2192 Eng. Madeireira \u2192 Odonto \u2192 RU \u2192 Odonto \u2192 ALM \u2192 Campus II \u2192 FaUrb \u2192 Cotada \u2192 CEIQ \u2192 Anglo<\/td><\/tr><tr><td>12:00<\/td><td><strong>Anglo <\/strong>\u2192 CEIQ \u2192 Cotada \u2192 CCHS \u2192 Campus II \u2192 Direito\u2192 CEU \u2192 Eng. Madeireira \u2192 Odonto \u2192 RU \u2192 Odonto \u2192 ALM \u2192 Campus II \u2192 FaUrb \u2192 Cotada \u2192 CEIQ \u2192 Anglo<\/td><\/tr><tr><td>13:00<\/td><td><strong>Anglo <\/strong>\u2192 CEIQ \u2192 Cotada \u2192 CCHS \u2192 Campus II \u2192 Direito\u2192 CEU \u2192 Eng. Madeireira \u2192 Odonto \u2192 RU \u2192 Odonto \u2192 ALM \u2192 Campus II \u2192 FaUrb \u2192 Cotada \u2192 CEIQ \u2192 Anglo<\/td><\/tr><tr><td>14:00<\/td><td><strong>Anglo <\/strong>\u2192 CEIQ \u2192 Cotada \u2192 CCHS \u2192 Campus II \u2192 Direito\u2192 CEU \u2192 Odonto \u2192 ALM \u2192 Campus II \u2192 FaUrb \u2192 Cotada \u2192 CEIQ \u2192 Anglo<\/td><\/tr><tr><td>15:00<\/td><td><strong>Anglo <\/strong>\u2192 CEIQ \u2192 Cotada \u2192 CCHS \u2192 Campus II \u2192 Direito\u2192 CEU \u2192 Odonto \u2192 ALM \u2192 Campus II \u2192 FaUrb \u2192 Cotada \u2192 CEIQ \u2192 Anglo<\/td><\/tr><tr><td>16:00<\/td><td><strong>Anglo <\/strong>\u2192 CEIQ \u2192 Cotada \u2192 CCHS \u2192 Campus II \u2192 Direito\u2192 CEU \u2192 Odonto \u2192 ALM \u2192 Campus II \u2192 FaUrb \u2192 Cotada \u2192 CEIQ \u2192 Anglo<\/td><\/tr><tr><td>17:00<\/td><td><strong>Anglo <\/strong>\u2192 CEIQ \u2192 Cotada \u2192 CCHS \u2192 Campus II \u2192 Direito\u2192 CEU \u2192 Eng. Madeireira \u2192 Odonto \u2192 RU \u2192 Odonto \u2192 ALM \u2192 Campus II \u2192 FaUrb \u2192 Cotada \u2192 CEIQ \u2192 Anglo<\/td><\/tr><tr><td>18:00<\/td><td><strong>Anglo<\/strong> \u2192 CEIQ \u2192 Cotada \u2192 CCHS \u2192 Campus II \u2192 Direito\u2192 CEU \u2192 Eng. Madeireira \u2192 Odonto \u2192 RU \u2192 Odonto \u2192 ALM \u2192 Campus II \u2192 FaUrb \u2192 Cotada \u2192 CEIQ \u2192 Anglo<\/td><\/tr><tr><td>19:00<\/td><td><strong>Anglo <\/strong>\u2192 CEIQ \u2192 Cotada \u2192 CCHS \u2192 Campus II \u2192 Direito\u2192 CEU \u2192 Eng. Madeireira \u2192 Odonto \u2192 RU \u2192 Odonto \u2192 ALM \u2192 Campus II \u2192 FaUrb \u2192 Cotada \u2192 CEIQ \u2192 Anglo<\/td><\/tr><tr><td>20:00<\/td><td><strong>Anglo <\/strong>\u2192 CEIQ \u2192 Cotada \u2192 CCHS \u2192 Campus II \u2192 Direito\u2192 CEU \u2192 Eng. Madeireira \u2192 Odonto \u2192 RU \u2192 Odonto \u2192 ALM \u2192 Campus II \u2192 FaUrb \u2192 Cotada \u2192 CEIQ \u2192 Anglo<\/td><\/tr><tr><td>21:00<\/td><td><strong>Anglo <\/strong>\u2192 CEIQ \u2192 Cotada \u2192 CCHS \u2192 Campus II \u2192 Direito\u2192 CEU \u2192 Eng. Madeireira \u2192 Odonto \u2192 ALM \u2192 Campus II \u2192 FaUrb \u2192 Cotada \u2192 CEIQ \u2192 Anglo<\/td><\/tr><tr><td>21:45<\/td><td><strong>Anglo <\/strong>\u2192 CEIQ \u2192 Direito\u2192 CEIQ \u2192 Anglo<\/td><\/tr><tr><td>22:20<\/td><td><strong>Anglo <\/strong>\u2192 CEIQ \u2192 Cotada \u2192 CCHS \u2192 Campus II \u2192 Direito\u2192 CEU \u2192 Odonto \u2192 ALM \u2192 Campus II \u2192 FaUrb \u2192 Cotada \u2192 CEIQ \u2192 Anglo<\/td><\/tr><\/tbody><\/table><\/figure>\n\n\n\n<hr class=\"wp-block-separator has-alpha-channel-opacity\" \/>\n\n\n\n<h2 class=\"wp-block-heading\" id=\"esef\">\ud83d\udd01 Linha Anglo \u2013 ESEF \u2013 FaMed \u2013 Eng. Madeireira<\/h2>\n\n\n\n<h3 class=\"wp-block-heading\">Hor\u00e1rios<\/h3>\n\n\n\n<figure class=\"wp-block-table\"><table><thead><tr><th>Hor\u00e1rio<\/th><th>Itiner\u00e1rio (trajeto)<\/th><\/tr><\/thead><tbody><tr><td>07:00<\/td><td><strong>Direito<\/strong>\u2192 FaMed \u2192 Canguru \u2192 CEU \u2192 Madeireira \u2192 Direito\u2192 Odonto \u2192 ALM \u2192 ESEF \u2192 Am\u00edlcar Gigante \u2192 FaMed \u2192 Laneira \u2192 Canguru \u2192 CEU \u2192 Madeireira \u2192 Direito\u2192 Odonto \u2192 ALM \u2192 Campus II \u2192 FaUrb \u2192 Cotada \u2192 CEIQ \u2192 Anglo<\/td><\/tr><tr><td>09:00<\/td><td><strong>Anglo <\/strong>\u2192 CEIQ \u2192 Cotada \u2192 CCHS \u2192 Campus II \u2192 Direito\u2192 Madeireira \u2192 ESEF \u2192 Am\u00edlcar Gigante \u2192 FaMed \u2192 Laneira \u2192 Canguru \u2192 CEU \u2192 Madeireira \u2192 Direito\u2192 Odonto \u2192 ALM \u2192 Campus II \u2192 FaUrb \u2192 Cotada \u2192 CEIQ \u2192 Anglo<\/td><\/tr><tr><td>11:15<\/td><td><strong>Anglo <\/strong>\u2192 CEIQ \u2192 Cotada \u2192 CCHS \u2192 Campus II \u2192 Direito\u2192 Odonto \u2192 RU \u2192 ESEF \u2192 Am\u00edlcar Gigante \u2192 FaMed \u2192 Laneira \u2192 Canguru \u2192 CEU \u2192 Madeireira \u2192 Direito\u2192 Odonto \u2192 RU \u2192 Odonto \u2192 ALM \u2192 Campus II \u2192 FaUrb \u2192 Cotada \u2192 CEIQ \u2192 Anglo<\/td><\/tr><tr><td>13:00<\/td><td><strong>Anglo <\/strong>\u2192 CEIQ \u2192 Cotada \u2192 CCHS \u2192 Campus II \u2192 Direito\u2192 Odonto \u2192 RU \u2192 ESEF \u2192 Am\u00edlcar Gigante \u2192 FaMed \u2192 Laneira \u2192 Canguru \u2192 CEU \u2192 Direito\u2192 Odonto \u2192 RU \u2192 Odonto \u2192 ALM \u2192 Campus II \u2192 FaUrb \u2192 Cotada \u2192 CEIQ \u2192 Anglo<\/td><\/tr><tr><td>15:10<\/td><td><strong>Anglo <\/strong>\u2192 CEIQ \u2192 Cotada \u2192 CCHS \u2192 Campus II \u2192 Direito\u2192 CEU \u2192 Madeireira \u2192 ESEF \u2192 Am\u00edlcar Gigante \u2192 FaMed \u2192 Laneira \u2192 Canguru \u2192 CEU \u2192 Direito\u2192 Odonto \u2192 ALM \u2192 Campus II \u2192 FaUrb \u2192 Cotada \u2192 CEIQ \u2192 Anglo<\/td><\/tr><tr><td>16:50<\/td><td><strong>Anglo <\/strong>\u2192 CEIQ \u2192 Cotada \u2192 CCHS \u2192 Campus II \u2192 Direito\u2192 CEU \u2192 Odonto \u2192 ESEF \u2192 Am\u00edlcar Gigante \u2192 FaMed \u2192 Laneira \u2192 Canguru \u2192 CEU \u2192 Madeireira \u2192 Odonto \u2192 ALM \u2192 Campus II \u2192 FaUrb \u2192 Cotada \u2192 CEIQ \u2192 Anglo<\/td><\/tr><tr><td>18:00<\/td><td><strong>Anglo <\/strong>\u2192 CEIQ \u2192 Cotada \u2192 CCHS \u2192 Campus II \u2192 Direito\u2192 CEU \u2192 HE \u2192 Laneira \u2192 FaMed \u2192 Laneira \u2192 Canguru \u2192 CEU \u2192 Direito\u2192 Odonto \u2192 ALM \u2192 Campus II \u2192 FaUrb \u2192 Cotada \u2192 CEIQ \u2192 Anglo<\/td><\/tr><tr><td>18:20<\/td><td><strong>Anglo <\/strong>\u2192 CEIQ \u2192 Cotada \u2192 CCHS \u2192 Campus II \u2192 Direito\u2192 Odonto \u2192 RU \u2192 Odonto \u2192 ESEF \u2192 Am\u00edlcar Gigante \u2192 FaMed \u2192 Laneira \u2192 Canguru \u2192 CEU \u2192 Odonto \u2192 RU \u2192 Odonto \u2192 ALM \u2192 Campus II \u2192 FaUrb \u2192 Cotada \u2192 CEIQ \u2192 Anglo<\/td><\/tr><tr><td>20:00<\/td><td><strong>Anglo <\/strong>\u2192 CEIQ \u2192 Cotada \u2192 CCHS \u2192 Campus II \u2192 Direito\u2192 Odonto \u2192 ESEF \u2192 Am\u00edlcar Gigante \u2192 FaMed \u2192 Laneira \u2192 Canguru \u2192 CEU \u2192 Direito\u2192 Odonto \u2192 ALM \u2192 Campus II \u2192 FaUrb \u2192 Cotada \u2192 CEIQ \u2192 Anglo<\/td><\/tr><tr><td>21:00<\/td><td><strong>Anglo <\/strong>\u2192 CEIQ \u2192 Cotada \u2192 CCHS \u2192 Campus II \u2192 Direito\u2192 Odonto \u2192 ESEF \u2192 Am\u00edlcar Gigante \u2192 FaMed \u2192 Laneira \u2192 Canguru \u2192 CEU \u2192 Odonto \u2192 ALM \u2192 Campus II \u2192 FaUrb \u2192 Cotada \u2192 CEIQ \u2192 Anglo<\/td><\/tr><tr><td>22:10<\/td><td><strong>Anglo <\/strong>\u2192 CEIQ \u2192 Cotada \u2192 CCHS \u2192 Campus II \u2192 Direito\u2192 Odonto \u2192 ESEF \u2192 Am\u00edlcar Gigante \u2192 FaMed \u2192 Laneira \u2192 Canguru \u2192 CEU \u2192 Direito\u2192 Odonto \u2192 ALM \u2192 Campus II \u2192 FaUrb \u2192 Cotada \u2192 CEIQ \u2192 Anglo<\/td><\/tr><\/tbody><\/table><\/figure>\n\n\n\n<hr class=\"wp-block-separator has-alpha-channel-opacity\" \/>\n\n\n\n<h1 class=\"wp-block-heading\">\ud83d\udccc Informa\u00e7\u00f5es importantes<\/h1>\n\n\n\n<ul class=\"wp-block-list\">\n<li>Os hor\u00e1rios apresentados correspondem aos vigentes, sendo mantidos atualizados nesta p\u00e1gina<\/li>\n\n\n\n<li>Os hor\u00e1rios referem-se ao <strong>local de sa\u00edda do itiner\u00e1rio<\/strong><\/li>\n\n\n\n<li>Pode haver toler\u00e2ncia de at\u00e9 <strong>\u00b1 10 minutos<\/strong>, conforme as condi\u00e7\u00f5es de tr\u00e2nsito e opera\u00e7\u00e3o<\/li>\n\n\n\n<li>Recomenda-se chegar com <strong>anteced\u00eancia \u00e0 parada<\/strong><\/li>\n\n\n\n<li>O Transporte de Apoio n\u00e3o garante atendimento de 100% da demanda<\/li>\n\n\n\n<li>Altera\u00e7\u00f5es podem ocorrer ao longo do semestre, sendo atualizadas nesta p\u00e1gina e divulgadas nos canais oficiais da Universidade Federal de Pelotas<\/li>\n<\/ul>\n\n\n\n<hr class=\"wp-block-separator has-alpha-channel-opacity\" \/>\n\n\n\n<h2 class=\"wp-block-heading\">\u00daltima atualiza\u00e7\u00e3o<\/h2>\n\n\n\n<p>22 de mar\u00e7o de 2026<\/p>\n\n\n\n<hr class=\"wp-block-separator has-alpha-channel-opacity\" \/>\n\n\n\n<p>\u2b05\ufe0f <a href=\"https:\/\/wp.ufpel.edu.br\/transporte\/transporte-apoio\/\" data-type=\"page\" data-id=\"332\">Voltar para Transporte de Apoio<\/a><\/p>\n","protected":false},"excerpt":{"rendered":"<p>Selecione seu trajeto \ud83d\udd01 Linha Circular Anglo (Centro) Hor\u00e1rios Hor\u00e1rio Itiner\u00e1rio (trajeto) 07:30 CEU \u2192 Direito\u2192 Odonto \u2192 ALM \u2192 Campus II \u2192 FaUrb \u2192 Cotada \u2192 CEIQ \u2192 Anglo 08:00 Direito \u2192 Odonto \u2192 ALM \u2192 Campus II \u2192 FaUrb \u2192 Cotada \u2192 CEIQ \u2192 Anglo 09:00 Anglo \u2192 CEIQ \u2192 Cotada \u2192 CCHS [&hellip;]<\/p>\n","protected":false},"author":41,"featured_media":0,"parent":332,"menu_order":0,"comment_status":"closed","ping_status":"closed","template":"page-sem-sidebar.php","meta":{"footnotes":""},"class_list":["post-85","page","type-page","status-publish","hentry"],"_links":{"self":[{"href":"https:\/\/wp.ufpel.edu.br\/transporte\/wp-json\/wp\/v2\/pages\/85","targetHints":{"allow":["GET"]}}],"collection":[{"href":"https:\/\/wp.ufpel.edu.br\/transporte\/wp-json\/wp\/v2\/pages"}],"about":[{"href":"https:\/\/wp.ufpel.edu.br\/transporte\/wp-json\/wp\/v2\/types\/page"}],"author":[{"embeddable":true,"href":"https:\/\/wp.ufpel.edu.br\/transporte\/wp-json\/wp\/v2\/users\/41"}],"replies":[{"embeddable":true,"href":"https:\/\/wp.ufpel.edu.br\/transporte\/wp-json\/wp\/v2\/comments?post=85"}],"version-history":[{"count":3,"href":"https:\/\/wp.ufpel.edu.br\/transporte\/wp-json\/wp\/v2\/pages\/85\/revisions"}],"predecessor-version":[{"id":1721,"href":"https:\/\/wp.ufpel.edu.br\/transporte\/wp-json\/wp\/v2\/pages\/85\/revisions\/1721"}],"up":[{"embeddable":true,"href":"https:\/\/wp.ufpel.edu.br\/transporte\/wp-json\/wp\/v2\/pages\/332"}],"wp:attachment":[{"href":"https:\/\/wp.ufpel.edu.br\/transporte\/wp-json\/wp\/v2\/media?parent=85"}],"curies":[{"name":"wp","href":"https:\/\/api.w.org\/{rel}","templated":true}]}}