{"id":73,"date":"2017-10-13T17:27:15","date_gmt":"2017-10-13T20:27:15","guid":{"rendered":"https:\/\/wp.ufpel.edu.br\/transporte\/?page_id=73"},"modified":"2022-04-12T17:27:41","modified_gmt":"2022-04-12T20:27:41","slug":"paav","status":"publish","type":"page","link":"https:\/\/wp.ufpel.edu.br\/transporte\/paav\/","title":{"rendered":"Plano Anual de Aquisi\u00e7\u00e3o de Ve\u00edculos"},"content":{"rendered":"<p>Plano Anual de Aquisi\u00e7\u00e3o de Ve\u00edculos \u2013 PAAV<\/p>\n<p>Considerando a legisla\u00e7\u00e3o vigente, a fim de elaborar o Plano Anual de Aquisi\u00e7\u00e3o de Ve\u00edculos \u2013 PAAV, o N\u00facleo de Transporte solicita aos Diretores das Unidades Administrativas e Acad\u00eamicas e Coordenadores de Projetos que tenham interesse em adquirir, renovar ou ampliar a frota de ve\u00edculos dispon\u00edvel em sua Unidade que preencham <strong>at\u00e9 o dia 15 de mar\u00e7o de 2022<\/strong> o formul\u00e1rio dispon\u00edvel em <a href=\"https:\/\/wp.ufpel.edu.br\/transporte\/paav\/\">https:\/\/wp.ufpel.edu.br\/transporte\/paav\/<\/a>, de acordo com as orienta\u00e7\u00f5es previstas no presente documento.<\/p>\n<p>Este formul\u00e1rio deve ser preenchido com intuito de subsidiar a elabora\u00e7\u00e3o do PAAV, ficando a inclus\u00e3o condicionada \u00e0 avalia\u00e7\u00e3o de Custo Operacional realizada pelo N\u00facleo de Transporte.<\/p>\n<p>O PAAV \u00e9 elaborado pelo N\u00facleo de Transporte da Superintend\u00eancia de Infraestrutura e submetido \u00e0 aprova\u00e7\u00e3o do Reitor desta Universidade.<\/p>\n<p>ORIENTA\u00c7\u00d5ES:<\/p>\n<p><strong>Ve\u00edculo b\u00e1sico:<\/strong>\u00a0ve\u00edculo com caracter\u00edsticas de s\u00e9rie, sem equipamentos ou acess\u00f3rios opcionais.<br \/>\n<strong>Ve\u00edculo com especifica\u00e7\u00f5es pr\u00f3prias:<\/strong>\u00a0ve\u00edculo cujas especifica\u00e7\u00f5es s\u00e3o adequadas \u00e0s especificidades\u00a0das atividades a que \u00e9 destinado.<br \/>\n<strong>Descri\u00e7\u00e3o do ve\u00edculo pretendido:<\/strong><br \/>\n<strong>Tipo:<\/strong>\u00a0(Autom\u00f3vel, Caminhonete, Van, Caminh\u00e3o, Micro\u00f4nibus ou \u00d4nibus);<br \/>\n<strong>Esp\u00e9cie:<\/strong>\u00a0(Passageiro, Carga ou Misto);<br \/>\n<strong>Capacidade:<\/strong>\u00a0(N\u00ba de passageiro, peso, volume ou ambos);<br \/>\n<strong>Carroceria:<\/strong>\u00a0(Aberta, Ba\u00fa, Furg\u00e3o, Refrigerado, com Ar Condicionado);<\/p>\n<p><strong>Motoriza\u00e7\u00e3o:<\/strong><br \/>\n<strong>Pot\u00eancia M\u00ednima (CV):<\/strong><br \/>\n<strong>Turbo alimentado (Sim ou N\u00e3o):<\/strong><br \/>\n<strong>Intercooler (Sim ou N\u00e3o):<\/strong><br \/>\n<strong>Combust\u00edvel:<\/strong>\u00a0(Diesel, Diesel S10, Etanol, Gasolina, Flex)<\/p>\n<p><strong>Itens Obrigat\u00f3rios:<\/strong><br \/>\nDire\u00e7\u00e3o Hidr\u00e1ulica \/ El\u00e9trica;<br \/>\nFreios ABS;<br \/>\nAir Bag;<br \/>\nAr condicionado.<\/p>\n<p><strong>Opcionais:<\/strong> IN 03\/2008 SLTI\/MPOG \u2013 Art. 29. O ve\u00edculo oficial, de qualquer Grupo, poder\u00e1 ser adquirido com opcionais considerados necess\u00e1rios \u00e0 realiza\u00e7\u00e3o de determinada atividade ou \u00e0 seguran\u00e7a, \u00e0 salubridade e ao m\u00ednimo conforto dos servidores e usu\u00e1rios, desde que de forma justificada.<\/p>\n<ul>\n<li>Vidros El\u00e9tricos;<\/li>\n<li>Travas El\u00e9tricas;<\/li>\n<li>Retrovisor com ajuste el\u00e9trico;<\/li>\n<li>Pel\u00edcula;<\/li>\n<li>R\u00e1dio;<\/li>\n<li>GPS;<\/li>\n<li>Capota;<\/li>\n<li>Estribo;<\/li>\n<li>Farol de Neblina;<\/li>\n<li>Desemba\u00e7ador Traseiro:<\/li>\n<li>Outros:<\/li>\n<\/ul>\n<p><strong>Justificativa para opcionais:<\/strong><br \/>\n<strong>Observa\u00e7\u00f5es sobre o ve\u00edculo:<\/strong><br \/>\n<strong>Justificativa para renova\u00e7\u00e3o ou amplia\u00e7\u00e3o da frota de ve\u00edculos na Unidade:<\/strong><br \/>\n<strong>Ve\u00edculo a ser substitu\u00eddo, no caso de renova\u00e7\u00e3o de frota:<\/strong>\u00a0(placa, marca, modelo, justificativa);<\/p>\n<p><strong>Observa\u00e7\u00f5es:<\/strong><br \/>\nA aquisi\u00e7\u00e3o dos ve\u00edculos ficar\u00e1 submetida \u00e0 especifica\u00e7\u00e3o completa do ve\u00edculo quando do pedido;<\/p>\n<p>O pedido \u00e9 de responsabilidade de cada Unidade, e dever\u00e1 ser submetido \u00e0 aprova\u00e7\u00e3o do N\u00facleo de Transporte antes de ser encaminhado \u00e0 PRA;<\/p>\n<p>A aquisi\u00e7\u00e3o dos ve\u00edculos dever\u00e1 atender a pol\u00edtica or\u00e7ament\u00e1ria da Universidade;<br \/>\nN\u00e3o ser\u00e1 permitida a aquisi\u00e7\u00e3o de ve\u00edculos que n\u00e3o estiverem previstos no PAAV.<\/p>\n<p>Certos de contar com a colabora\u00e7\u00e3o de todos, nos colocamos a disposi\u00e7\u00e3o para maiores informa\u00e7\u00f5es no telefone 3284-1681.<\/p>\n","protected":false},"excerpt":{"rendered":"<p>Plano Anual de Aquisi\u00e7\u00e3o de Ve\u00edculos \u2013 PAAV Considerando a legisla\u00e7\u00e3o vigente, a fim de elaborar o Plano Anual de Aquisi\u00e7\u00e3o de Ve\u00edculos \u2013 PAAV, o N\u00facleo de Transporte solicita aos Diretores das Unidades Administrativas e Acad\u00eamicas e Coordenadores de Projetos que tenham interesse em adquirir, renovar ou ampliar a frota de ve\u00edculos dispon\u00edvel em [&hellip;]<\/p>\n","protected":false},"author":41,"featured_media":0,"parent":0,"menu_order":0,"comment_status":"closed","ping_status":"closed","template":"","meta":{"footnotes":""},"class_list":["post-73","page","type-page","status-publish","hentry"],"_links":{"self":[{"href":"https:\/\/wp.ufpel.edu.br\/transporte\/wp-json\/wp\/v2\/pages\/73","targetHints":{"allow":["GET"]}}],"collection":[{"href":"https:\/\/wp.ufpel.edu.br\/transporte\/wp-json\/wp\/v2\/pages"}],"about":[{"href":"https:\/\/wp.ufpel.edu.br\/transporte\/wp-json\/wp\/v2\/types\/page"}],"author":[{"embeddable":true,"href":"https:\/\/wp.ufpel.edu.br\/transporte\/wp-json\/wp\/v2\/users\/41"}],"replies":[{"embeddable":true,"href":"https:\/\/wp.ufpel.edu.br\/transporte\/wp-json\/wp\/v2\/comments?post=73"}],"version-history":[{"count":19,"href":"https:\/\/wp.ufpel.edu.br\/transporte\/wp-json\/wp\/v2\/pages\/73\/revisions"}],"predecessor-version":[{"id":1060,"href":"https:\/\/wp.ufpel.edu.br\/transporte\/wp-json\/wp\/v2\/pages\/73\/revisions\/1060"}],"wp:attachment":[{"href":"https:\/\/wp.ufpel.edu.br\/transporte\/wp-json\/wp\/v2\/media?parent=73"}],"curies":[{"name":"wp","href":"https:\/\/api.w.org\/{rel}","templated":true}]}}